{"id":14674,"date":"2025-07-15T13:09:37","date_gmt":"2025-07-15T11:09:37","guid":{"rendered":"https:\/\/uj.adatbank.ro\/lexikon\/termek\/markos-lajos\/"},"modified":"2025-07-15T13:09:37","modified_gmt":"2025-07-15T11:09:37","slug":"markos-lajos","status":"publish","type":"product","link":"https:\/\/uj.adatbank.ro\/lexikon\/termek\/markos-lajos\/","title":{"rendered":"MARKOS Lajos"},"content":{"rendered":"<p>Mv., 1917., \u2020\u00a0?: fest\u0151. \u2013 A bp.-i K\u00e9pz\u0151m\u0171v\u00e9szeti f\u0151iskol\u00e1n Rudnay Gyula n\u00f6vend\u00e9ke. Olaszo.-ban, Velenc\u00e9ben \u00e9lt \u00e9s \u00e1ll\u00edtott ki )1944-Z). Megfestette sz\u00e1mos arisztokrata portr\u00e9j\u00e1t. A British War Museumba ker\u00fclt egy p\u00e1nc\u00e9los cst\u00e1r\u00f3l festett k\u00e9pe (1946). Az USA-ba k\u00f6lt\u00f6z\u00f6tt (1952), majd m\u0171v\u00e9szk\u00e9pz\u0151 iskol\u00e1t vezetett h\u00e9t \u00e9vig. Londonban \u00e9s Bostonban sz\u00e1mos bemutat\u00f3t rendezett (1968\u20131972)., Texasba k\u00f6lt\u00f6z\u00f6tt, portr\u00e9kat festett. <br \/><strong>Irod.:<\/strong> Szab\u00f3-K\u00e1llai<\/br><\/p>\n","protected":false},"excerpt":{"rendered":"<p>Mv., 1917., \u2020\u00a0?: fest\u0151. \u2013 A bp.-i K\u00e9pz\u0151m\u0171v\u00e9szeti f\u0151iskol\u00e1n Rudnay Gyula n\u00f6vend\u00e9ke. Olaszo.-ban, Velenc\u00e9ben \u00e9lt \u00e9s \u00e1ll\u00edtott ki )1944-Z). Megfestette sz\u00e1mos arisztokrata portr\u00e9j\u00e1t. A British War Museumba ker\u00fclt egy p\u00e1nc\u00e9los cst\u00e1r\u00f3l festett k\u00e9pe (1946). Az USA-ba k\u00f6lt\u00f6z\u00f6tt (1952), majd m\u0171v\u00e9szk\u00e9pz\u0151 iskol\u00e1t vezetett h\u00e9t \u00e9vig. Londonban \u00e9s Bostonban sz\u00e1mos bemutat\u00f3t rendezett (1968\u20131972)., Texasba k\u00f6lt\u00f6z\u00f6tt, portr\u00e9kat festett. [&hellip;]<\/p>\n","protected":false},"featured_media":0,"comment_status":"open","ping_status":"closed","template":"","meta":[],"product_brand":[],"product_cat":[137],"product_tag":[],"class_list":{"0":"post-14674","1":"product","2":"type-product","3":"status-publish","5":"product_cat-maros-megyei-eletrajzi-lexikon","7":"first","8":"instock","9":"shipping-taxable","10":"product-type-simple"},"_links":{"self":[{"href":"https:\/\/uj.adatbank.ro\/lexikon\/wp-json\/wp\/v2\/product\/14674","targetHints":{"allow":["GET"]}}],"collection":[{"href":"https:\/\/uj.adatbank.ro\/lexikon\/wp-json\/wp\/v2\/product"}],"about":[{"href":"https:\/\/uj.adatbank.ro\/lexikon\/wp-json\/wp\/v2\/types\/product"}],"replies":[{"embeddable":true,"href":"https:\/\/uj.adatbank.ro\/lexikon\/wp-json\/wp\/v2\/comments?post=14674"}],"wp:attachment":[{"href":"https:\/\/uj.adatbank.ro\/lexikon\/wp-json\/wp\/v2\/media?parent=14674"}],"wp:term":[{"taxonomy":"product_brand","embeddable":true,"href":"https:\/\/uj.adatbank.ro\/lexikon\/wp-json\/wp\/v2\/product_brand?post=14674"},{"taxonomy":"product_cat","embeddable":true,"href":"https:\/\/uj.adatbank.ro\/lexikon\/wp-json\/wp\/v2\/product_cat?post=14674"},{"taxonomy":"product_tag","embeddable":true,"href":"https:\/\/uj.adatbank.ro\/lexikon\/wp-json\/wp\/v2\/product_tag?post=14674"}],"curies":[{"name":"wp","href":"https:\/\/api.w.org\/{rel}","templated":true}]}}