{"id":14678,"date":"2025-07-15T13:09:45","date_gmt":"2025-07-15T11:09:45","guid":{"rendered":"https:\/\/uj.adatbank.ro\/lexikon\/termek\/markosfalvi-i-andras\/"},"modified":"2025-07-15T13:09:45","modified_gmt":"2025-07-15T11:09:45","slug":"markosfalvi-i-andras","status":"publish","type":"product","link":"https:\/\/uj.adatbank.ro\/lexikon\/termek\/markosfalvi-i-andras\/","title":{"rendered":"M\u00c1RKOSFALVI I. Andr\u00e1s"},"content":{"rendered":"<p>? \u2020\u00a0?\u00a0: ref. lelk\u00e9sz. \u2013 Mv.-en subscrib\u00e1lt (1719). Franekerben peregrin\u00e1lt (1728). Bethlenszentmikl\u00f3son (1732\u201335), majd S\u00f6v\u00e9nyfalv\u00e1n szolg\u00e1lt (1740\u201358). <br \/><strong>Irod.:<\/strong> K\u00fck\u00fcll\u0151i Ref. Egyh\u00e1zm.1.<\/br><\/p>\n","protected":false},"excerpt":{"rendered":"<p>? \u2020\u00a0?\u00a0: ref. lelk\u00e9sz. \u2013 Mv.-en subscrib\u00e1lt (1719). Franekerben peregrin\u00e1lt (1728). Bethlenszentmikl\u00f3son (1732\u201335), majd S\u00f6v\u00e9nyfalv\u00e1n szolg\u00e1lt (1740\u201358). Irod.: K\u00fck\u00fcll\u0151i Ref. Egyh\u00e1zm.1.<\/p>\n","protected":false},"featured_media":0,"comment_status":"open","ping_status":"closed","template":"","meta":[],"product_brand":[],"product_cat":[137],"product_tag":[],"class_list":{"0":"post-14678","1":"product","2":"type-product","3":"status-publish","5":"product_cat-maros-megyei-eletrajzi-lexikon","7":"first","8":"instock","9":"shipping-taxable","10":"product-type-simple"},"_links":{"self":[{"href":"https:\/\/uj.adatbank.ro\/lexikon\/wp-json\/wp\/v2\/product\/14678","targetHints":{"allow":["GET"]}}],"collection":[{"href":"https:\/\/uj.adatbank.ro\/lexikon\/wp-json\/wp\/v2\/product"}],"about":[{"href":"https:\/\/uj.adatbank.ro\/lexikon\/wp-json\/wp\/v2\/types\/product"}],"replies":[{"embeddable":true,"href":"https:\/\/uj.adatbank.ro\/lexikon\/wp-json\/wp\/v2\/comments?post=14678"}],"wp:attachment":[{"href":"https:\/\/uj.adatbank.ro\/lexikon\/wp-json\/wp\/v2\/media?parent=14678"}],"wp:term":[{"taxonomy":"product_brand","embeddable":true,"href":"https:\/\/uj.adatbank.ro\/lexikon\/wp-json\/wp\/v2\/product_brand?post=14678"},{"taxonomy":"product_cat","embeddable":true,"href":"https:\/\/uj.adatbank.ro\/lexikon\/wp-json\/wp\/v2\/product_cat?post=14678"},{"taxonomy":"product_tag","embeddable":true,"href":"https:\/\/uj.adatbank.ro\/lexikon\/wp-json\/wp\/v2\/product_tag?post=14678"}],"curies":[{"name":"wp","href":"https:\/\/api.w.org\/{rel}","templated":true}]}}