{"id":14681,"date":"2025-07-15T13:09:50","date_gmt":"2025-07-15T11:09:50","guid":{"rendered":"https:\/\/uj.adatbank.ro\/lexikon\/termek\/markosfalvi-mihaly\/"},"modified":"2025-07-15T13:09:50","modified_gmt":"2025-07-15T11:09:50","slug":"markosfalvi-mihaly","status":"publish","type":"product","link":"https:\/\/uj.adatbank.ro\/lexikon\/termek\/markosfalvi-mihaly\/","title":{"rendered":"M\u00c1RKOSFALVI Mih\u00e1ly"},"content":{"rendered":"<p>? \u2020\u00a0Sesr\u00e1dsz\u00e9plak, 1763.: ref. lelk\u00e9sz, tan\u00edt\u00f3. \u2013 Mv.-en subscrib\u00e1lt (1737). Vajdaszentiv\u00e1nyon (1741), Magyarr\u00e9genben (1743\u20131744), Magyar\u00f3n (1745) volt mester, G\u00f6rg\u00e9nyszentimr\u00e9n (1746\u20131747), Mez\u0151\u00fajlakon (1748\u20131755), Oroszf\u00e1j\u00e1n (1756\u20131757), Nagyercs\u00e9n (1757\u20131758) \u00e9s Dedr\u00e1dsz\u00e9plakon (1759\u20131763 mh.) lelk\u00e9sz. <br \/><strong>Irod.:<\/strong> \u0150sz<\/br><\/p>\n","protected":false},"excerpt":{"rendered":"<p>? \u2020\u00a0Sesr\u00e1dsz\u00e9plak, 1763.: ref. lelk\u00e9sz, tan\u00edt\u00f3. \u2013 Mv.-en subscrib\u00e1lt (1737). Vajdaszentiv\u00e1nyon (1741), Magyarr\u00e9genben (1743\u20131744), Magyar\u00f3n (1745) volt mester, G\u00f6rg\u00e9nyszentimr\u00e9n (1746\u20131747), Mez\u0151\u00fajlakon (1748\u20131755), Oroszf\u00e1j\u00e1n (1756\u20131757), Nagyercs\u00e9n (1757\u20131758) \u00e9s Dedr\u00e1dsz\u00e9plakon (1759\u20131763 mh.) lelk\u00e9sz. Irod.: \u0150sz<\/p>\n","protected":false},"featured_media":0,"comment_status":"open","ping_status":"closed","template":"","meta":[],"product_brand":[],"product_cat":[137],"product_tag":[],"class_list":{"0":"post-14681","1":"product","2":"type-product","3":"status-publish","5":"product_cat-maros-megyei-eletrajzi-lexikon","7":"first","8":"instock","9":"shipping-taxable","10":"product-type-simple"},"_links":{"self":[{"href":"https:\/\/uj.adatbank.ro\/lexikon\/wp-json\/wp\/v2\/product\/14681","targetHints":{"allow":["GET"]}}],"collection":[{"href":"https:\/\/uj.adatbank.ro\/lexikon\/wp-json\/wp\/v2\/product"}],"about":[{"href":"https:\/\/uj.adatbank.ro\/lexikon\/wp-json\/wp\/v2\/types\/product"}],"replies":[{"embeddable":true,"href":"https:\/\/uj.adatbank.ro\/lexikon\/wp-json\/wp\/v2\/comments?post=14681"}],"wp:attachment":[{"href":"https:\/\/uj.adatbank.ro\/lexikon\/wp-json\/wp\/v2\/media?parent=14681"}],"wp:term":[{"taxonomy":"product_brand","embeddable":true,"href":"https:\/\/uj.adatbank.ro\/lexikon\/wp-json\/wp\/v2\/product_brand?post=14681"},{"taxonomy":"product_cat","embeddable":true,"href":"https:\/\/uj.adatbank.ro\/lexikon\/wp-json\/wp\/v2\/product_cat?post=14681"},{"taxonomy":"product_tag","embeddable":true,"href":"https:\/\/uj.adatbank.ro\/lexikon\/wp-json\/wp\/v2\/product_tag?post=14681"}],"curies":[{"name":"wp","href":"https:\/\/api.w.org\/{rel}","templated":true}]}}