{"id":14683,"date":"2025-07-15T13:09:55","date_gmt":"2025-07-15T11:09:55","guid":{"rendered":"https:\/\/uj.adatbank.ro\/lexikon\/termek\/markosi-karoly\/"},"modified":"2025-07-15T13:09:55","modified_gmt":"2025-07-15T11:09:55","slug":"markosi-karoly","status":"publish","type":"product","link":"https:\/\/uj.adatbank.ro\/lexikon\/termek\/markosi-karoly\/","title":{"rendered":"M\u00c1RKOSI K\u00e1roly"},"content":{"rendered":"<p>Brass\u00f3, 1929. jan. 7., \u2020\u00a0Mv., 1994. szept. 28.: ezredes. \u2013 Tiszti rangjai: hadnagy (1955), kapit\u00e1ny (1962), ezredes (1969). Szolg\u00e1latot teljes\u00edtett a Bel\u00fcgyi Miniszt\u00e9rium k\u00f6zponti apar\u00e1tus\u00e1ban (1951\u201355), MAT Megyei Igazgat\u00f3s\u00e1g\u00e1n (1955\u201368), Hargita Megye Securitate Inspektor\u00e1tus\u00e1ban (1968\u2013 69), Maros Megye Securitate Inspektor\u00e1tus\u00e1ban (1969\u201379). Mv.-en a 2.szekci\u00f3 f\u0151n\u00f6ke is volt (1962, 1964).Tartal\u00e9kba helyezt\u00e9k 1979. dec. 17.). <br \/><strong>Irod.:<\/strong> http: \/\/www.cnsas.ro\/documente\/cadrele securit\u0103\u0163ii\/MARKOSI%20 CAROL.pdf; Bartos 2012; [Nekrol\u00f3g] (N\u00fa., 1994. szept. 29.)<\/br><\/p>\n","protected":false},"excerpt":{"rendered":"<p>Brass\u00f3, 1929. jan. 7., \u2020\u00a0Mv., 1994. szept. 28.: ezredes. \u2013 Tiszti rangjai: hadnagy (1955), kapit\u00e1ny (1962), ezredes (1969). Szolg\u00e1latot teljes\u00edtett a Bel\u00fcgyi Miniszt\u00e9rium k\u00f6zponti apar\u00e1tus\u00e1ban (1951\u201355), MAT Megyei Igazgat\u00f3s\u00e1g\u00e1n (1955\u201368), Hargita Megye Securitate Inspektor\u00e1tus\u00e1ban (1968\u2013 69), Maros Megye Securitate Inspektor\u00e1tus\u00e1ban (1969\u201379). Mv.-en a 2.szekci\u00f3 f\u0151n\u00f6ke is volt (1962, 1964).Tartal\u00e9kba helyezt\u00e9k 1979. dec. 17.). Irod.: http: [&hellip;]<\/p>\n","protected":false},"featured_media":0,"comment_status":"open","ping_status":"closed","template":"","meta":[],"product_brand":[],"product_cat":[137],"product_tag":[],"class_list":{"0":"post-14683","1":"product","2":"type-product","3":"status-publish","5":"product_cat-maros-megyei-eletrajzi-lexikon","7":"first","8":"instock","9":"shipping-taxable","10":"product-type-simple"},"_links":{"self":[{"href":"https:\/\/uj.adatbank.ro\/lexikon\/wp-json\/wp\/v2\/product\/14683","targetHints":{"allow":["GET"]}}],"collection":[{"href":"https:\/\/uj.adatbank.ro\/lexikon\/wp-json\/wp\/v2\/product"}],"about":[{"href":"https:\/\/uj.adatbank.ro\/lexikon\/wp-json\/wp\/v2\/types\/product"}],"replies":[{"embeddable":true,"href":"https:\/\/uj.adatbank.ro\/lexikon\/wp-json\/wp\/v2\/comments?post=14683"}],"wp:attachment":[{"href":"https:\/\/uj.adatbank.ro\/lexikon\/wp-json\/wp\/v2\/media?parent=14683"}],"wp:term":[{"taxonomy":"product_brand","embeddable":true,"href":"https:\/\/uj.adatbank.ro\/lexikon\/wp-json\/wp\/v2\/product_brand?post=14683"},{"taxonomy":"product_cat","embeddable":true,"href":"https:\/\/uj.adatbank.ro\/lexikon\/wp-json\/wp\/v2\/product_cat?post=14683"},{"taxonomy":"product_tag","embeddable":true,"href":"https:\/\/uj.adatbank.ro\/lexikon\/wp-json\/wp\/v2\/product_tag?post=14683"}],"curies":[{"name":"wp","href":"https:\/\/api.w.org\/{rel}","templated":true}]}}