{"id":14684,"date":"2025-07-15T13:09:57","date_gmt":"2025-07-15T11:09:57","guid":{"rendered":"https:\/\/uj.adatbank.ro\/lexikon\/termek\/markovics-david\/"},"modified":"2025-07-15T13:09:57","modified_gmt":"2025-07-15T11:09:57","slug":"markovics-david","status":"publish","type":"product","link":"https:\/\/uj.adatbank.ro\/lexikon\/termek\/markovics-david\/","title":{"rendered":"MARKOVICS D\u00e1vid"},"content":{"rendered":"<p>D\u00e9s, 1878., \u2020\u00a0?: p\u00e9nz\u00fcgyi f\u0151tan\u00e1csos. \u2013 Tanulm\u00e1nyait Bross\u00f3n v\u00e9gezte, majd az ad\u00f3hivatalhoz ker\u00fclt Mv.-re (1903), ahol 30 \u00e9vi felel\u0151s\u00e9gteljes szolg\u00e1lat ut\u00e1n mint f\u0151tan\u00e1csos ment nyugd\u00edjba. <br \/><strong>Irod.:<\/strong> Sz\u00e9kelyf\u00f6ld \u00ed.k.<\/br><\/p>\n","protected":false},"excerpt":{"rendered":"<p>D\u00e9s, 1878., \u2020\u00a0?: p\u00e9nz\u00fcgyi f\u0151tan\u00e1csos. \u2013 Tanulm\u00e1nyait Bross\u00f3n v\u00e9gezte, majd az ad\u00f3hivatalhoz ker\u00fclt Mv.-re (1903), ahol 30 \u00e9vi felel\u0151s\u00e9gteljes szolg\u00e1lat ut\u00e1n mint f\u0151tan\u00e1csos ment nyugd\u00edjba. Irod.: Sz\u00e9kelyf\u00f6ld \u00ed.k.<\/p>\n","protected":false},"featured_media":0,"comment_status":"open","ping_status":"closed","template":"","meta":[],"product_brand":[],"product_cat":[137],"product_tag":[],"class_list":{"0":"post-14684","1":"product","2":"type-product","3":"status-publish","5":"product_cat-maros-megyei-eletrajzi-lexikon","7":"first","8":"instock","9":"shipping-taxable","10":"product-type-simple"},"_links":{"self":[{"href":"https:\/\/uj.adatbank.ro\/lexikon\/wp-json\/wp\/v2\/product\/14684","targetHints":{"allow":["GET"]}}],"collection":[{"href":"https:\/\/uj.adatbank.ro\/lexikon\/wp-json\/wp\/v2\/product"}],"about":[{"href":"https:\/\/uj.adatbank.ro\/lexikon\/wp-json\/wp\/v2\/types\/product"}],"replies":[{"embeddable":true,"href":"https:\/\/uj.adatbank.ro\/lexikon\/wp-json\/wp\/v2\/comments?post=14684"}],"wp:attachment":[{"href":"https:\/\/uj.adatbank.ro\/lexikon\/wp-json\/wp\/v2\/media?parent=14684"}],"wp:term":[{"taxonomy":"product_brand","embeddable":true,"href":"https:\/\/uj.adatbank.ro\/lexikon\/wp-json\/wp\/v2\/product_brand?post=14684"},{"taxonomy":"product_cat","embeddable":true,"href":"https:\/\/uj.adatbank.ro\/lexikon\/wp-json\/wp\/v2\/product_cat?post=14684"},{"taxonomy":"product_tag","embeddable":true,"href":"https:\/\/uj.adatbank.ro\/lexikon\/wp-json\/wp\/v2\/product_tag?post=14684"}],"curies":[{"name":"wp","href":"https:\/\/api.w.org\/{rel}","templated":true}]}}