{"id":14686,"date":"2025-07-15T13:10:01","date_gmt":"2025-07-15T11:10:01","guid":{"rendered":"https:\/\/uj.adatbank.ro\/lexikon\/termek\/markovits-marton\/"},"modified":"2025-07-15T13:10:01","modified_gmt":"2025-07-15T11:10:01","slug":"markovits-marton","status":"publish","type":"product","link":"https:\/\/uj.adatbank.ro\/lexikon\/termek\/markovits-marton\/","title":{"rendered":"MARKOVITS M\u00e1rton"},"content":{"rendered":"<p>Mez\u0151oroszf\u00e1ja, 1890., \u2020\u00a0? : keresked\u0151. \u2013 Iskol\u00e1i elv\u00e9gz\u00e9se ut\u00e1n keresked\u0151 lett \u00e9s mint seg\u00e9d a f\u00fcszer szakm\u00e1ban szerzett gyakorlatot, \u00f6n\u00e1ll\u00f3 lett Mez\u0151kir\u00e1lyfalv\u00e1n (1920\u2013). Az els\u0151 vh.-ban a 12. t\u0171z\u00e9rezredben mint tizedes az orosz \u00e9s az olasz fronton harcolt, a II. o. ez\u00fcst vit. \u00e9. \u00e9s a K\u00e1roly Csapatkereszt tulajdonosa volt. <br \/><strong>Irod.:<\/strong> Sz\u00e9kelyf\u00f6ld \u00ed.k.<\/br><\/p>\n","protected":false},"excerpt":{"rendered":"<p>Mez\u0151oroszf\u00e1ja, 1890., \u2020\u00a0? : keresked\u0151. \u2013 Iskol\u00e1i elv\u00e9gz\u00e9se ut\u00e1n keresked\u0151 lett \u00e9s mint seg\u00e9d a f\u00fcszer szakm\u00e1ban szerzett gyakorlatot, \u00f6n\u00e1ll\u00f3 lett Mez\u0151kir\u00e1lyfalv\u00e1n (1920\u2013). Az els\u0151 vh.-ban a 12. t\u0171z\u00e9rezredben mint tizedes az orosz \u00e9s az olasz fronton harcolt, a II. o. ez\u00fcst vit. \u00e9. \u00e9s a K\u00e1roly Csapatkereszt tulajdonosa volt. Irod.: Sz\u00e9kelyf\u00f6ld \u00ed.k.<\/p>\n","protected":false},"featured_media":0,"comment_status":"open","ping_status":"closed","template":"","meta":[],"product_brand":[],"product_cat":[137],"product_tag":[],"class_list":{"0":"post-14686","1":"product","2":"type-product","3":"status-publish","5":"product_cat-maros-megyei-eletrajzi-lexikon","7":"first","8":"instock","9":"shipping-taxable","10":"product-type-simple"},"_links":{"self":[{"href":"https:\/\/uj.adatbank.ro\/lexikon\/wp-json\/wp\/v2\/product\/14686","targetHints":{"allow":["GET"]}}],"collection":[{"href":"https:\/\/uj.adatbank.ro\/lexikon\/wp-json\/wp\/v2\/product"}],"about":[{"href":"https:\/\/uj.adatbank.ro\/lexikon\/wp-json\/wp\/v2\/types\/product"}],"replies":[{"embeddable":true,"href":"https:\/\/uj.adatbank.ro\/lexikon\/wp-json\/wp\/v2\/comments?post=14686"}],"wp:attachment":[{"href":"https:\/\/uj.adatbank.ro\/lexikon\/wp-json\/wp\/v2\/media?parent=14686"}],"wp:term":[{"taxonomy":"product_brand","embeddable":true,"href":"https:\/\/uj.adatbank.ro\/lexikon\/wp-json\/wp\/v2\/product_brand?post=14686"},{"taxonomy":"product_cat","embeddable":true,"href":"https:\/\/uj.adatbank.ro\/lexikon\/wp-json\/wp\/v2\/product_cat?post=14686"},{"taxonomy":"product_tag","embeddable":true,"href":"https:\/\/uj.adatbank.ro\/lexikon\/wp-json\/wp\/v2\/product_tag?post=14686"}],"curies":[{"name":"wp","href":"https:\/\/api.w.org\/{rel}","templated":true}]}}