{"id":14687,"date":"2025-07-15T13:10:03","date_gmt":"2025-07-15T11:10:03","guid":{"rendered":"https:\/\/uj.adatbank.ro\/lexikon\/termek\/markovits-marton-markovics-martin\/"},"modified":"2025-07-15T13:10:03","modified_gmt":"2025-07-15T11:10:03","slug":"markovits-marton-markovics-martin","status":"publish","type":"product","link":"https:\/\/uj.adatbank.ro\/lexikon\/termek\/markovits-marton-markovics-martin\/","title":{"rendered":"MARKOVITS M\u00e1rton, M\u00e1rkovics Martin"},"content":{"rendered":"<p>Nagyb\u00e1nya, 1883, \u2020 ?: \u00fcgyv\u00e9d. \u2013 Mv.-en volt \u00fcgyv\u00e9d. T\u00e9nyleges katonai szolg\u00e1lator teljes\u00edtett (1908). R\u00e9szt vett az I. vh.-ban (1916\u201318), az orosz fronton harcolt, megsebes\u00fclt. Hadnagyi rangban szerelt le. Mv.-r\u0151l deport\u00e1lt\u00e1k feles\u00e9g\u00e9vel (1888\u2013) egy\u00fctt (1944. m\u00e1j. 29.). <br \/><strong>Irod.:<\/strong> Almanah Tg.M.; Mv. zsid\u00f3s\u00e1ga; Erd\u00e9lyi ezredek<\/br><\/p>\n","protected":false},"excerpt":{"rendered":"<p>Nagyb\u00e1nya, 1883, \u2020 ?: \u00fcgyv\u00e9d. \u2013 Mv.-en volt \u00fcgyv\u00e9d. T\u00e9nyleges katonai szolg\u00e1lator teljes\u00edtett (1908). R\u00e9szt vett az I. vh.-ban (1916\u201318), az orosz fronton harcolt, megsebes\u00fclt. Hadnagyi rangban szerelt le. Mv.-r\u0151l deport\u00e1lt\u00e1k feles\u00e9g\u00e9vel (1888\u2013) egy\u00fctt (1944. m\u00e1j. 29.). Irod.: Almanah Tg.M.; Mv. zsid\u00f3s\u00e1ga; Erd\u00e9lyi ezredek<\/p>\n","protected":false},"featured_media":0,"comment_status":"open","ping_status":"closed","template":"","meta":[],"product_brand":[],"product_cat":[137],"product_tag":[],"class_list":{"0":"post-14687","1":"product","2":"type-product","3":"status-publish","5":"product_cat-maros-megyei-eletrajzi-lexikon","7":"first","8":"instock","9":"shipping-taxable","10":"product-type-simple"},"_links":{"self":[{"href":"https:\/\/uj.adatbank.ro\/lexikon\/wp-json\/wp\/v2\/product\/14687","targetHints":{"allow":["GET"]}}],"collection":[{"href":"https:\/\/uj.adatbank.ro\/lexikon\/wp-json\/wp\/v2\/product"}],"about":[{"href":"https:\/\/uj.adatbank.ro\/lexikon\/wp-json\/wp\/v2\/types\/product"}],"replies":[{"embeddable":true,"href":"https:\/\/uj.adatbank.ro\/lexikon\/wp-json\/wp\/v2\/comments?post=14687"}],"wp:attachment":[{"href":"https:\/\/uj.adatbank.ro\/lexikon\/wp-json\/wp\/v2\/media?parent=14687"}],"wp:term":[{"taxonomy":"product_brand","embeddable":true,"href":"https:\/\/uj.adatbank.ro\/lexikon\/wp-json\/wp\/v2\/product_brand?post=14687"},{"taxonomy":"product_cat","embeddable":true,"href":"https:\/\/uj.adatbank.ro\/lexikon\/wp-json\/wp\/v2\/product_cat?post=14687"},{"taxonomy":"product_tag","embeddable":true,"href":"https:\/\/uj.adatbank.ro\/lexikon\/wp-json\/wp\/v2\/product_tag?post=14687"}],"curies":[{"name":"wp","href":"https:\/\/api.w.org\/{rel}","templated":true}]}}