{"id":14688,"date":"2025-07-15T13:10:05","date_gmt":"2025-07-15T11:10:05","guid":{"rendered":"https:\/\/uj.adatbank.ro\/lexikon\/termek\/markovits-rodion\/"},"modified":"2025-07-15T13:10:05","modified_gmt":"2025-07-15T11:10:05","slug":"markovits-rodion","status":"publish","type":"product","link":"https:\/\/uj.adatbank.ro\/lexikon\/termek\/markovits-rodion\/","title":{"rendered":"MARKOVITS Rodion"},"content":{"rendered":"<p>Kisg\u00e9rce, 1884. j\u00fal. 15., \u2020 Temesv\u00e1r, 1948. aug. 27.: \u00edr\u00f3, \u00fajs\u00e1g\u00ad\u00edr\u00f3. \u2013 KZST tagja (1927). Meg\u00adh\u00edvt\u00e1k a Helikon \u00edr\u00f3inak marosv\u00e9csi \u00f6sszej\u00f6\u00advetel\u00e9re (1929\u2013), de a baloldalr\u00f3l emiatt \u0151t \u00e9rt t\u00e1mad\u00e1\u00adsok (Ga\u00e1l G\u00e1bor) miatt ny\u00edltan sza\u00adk\u00edtott a marosv\u00e9csiekkel (1932). <br \/><strong>Irod.:<\/strong> \u00daM\u00c9L<\/br><\/p>\n","protected":false},"excerpt":{"rendered":"<p>Kisg\u00e9rce, 1884. j\u00fal. 15., \u2020 Temesv\u00e1r, 1948. aug. 27.: \u00edr\u00f3, \u00fajs\u00e1g\u00ad\u00edr\u00f3. \u2013 KZST tagja (1927). Meg\u00adh\u00edvt\u00e1k a Helikon \u00edr\u00f3inak marosv\u00e9csi \u00f6sszej\u00f6\u00advetel\u00e9re (1929\u2013), de a baloldalr\u00f3l emiatt \u0151t \u00e9rt t\u00e1mad\u00e1\u00adsok (Ga\u00e1l G\u00e1bor) miatt ny\u00edltan sza\u00adk\u00edtott a marosv\u00e9csiekkel (1932). Irod.: \u00daM\u00c9L<\/p>\n","protected":false},"featured_media":0,"comment_status":"open","ping_status":"closed","template":"","meta":[],"product_brand":[],"product_cat":[137],"product_tag":[],"class_list":{"0":"post-14688","1":"product","2":"type-product","3":"status-publish","5":"product_cat-maros-megyei-eletrajzi-lexikon","7":"first","8":"instock","9":"shipping-taxable","10":"product-type-simple"},"_links":{"self":[{"href":"https:\/\/uj.adatbank.ro\/lexikon\/wp-json\/wp\/v2\/product\/14688","targetHints":{"allow":["GET"]}}],"collection":[{"href":"https:\/\/uj.adatbank.ro\/lexikon\/wp-json\/wp\/v2\/product"}],"about":[{"href":"https:\/\/uj.adatbank.ro\/lexikon\/wp-json\/wp\/v2\/types\/product"}],"replies":[{"embeddable":true,"href":"https:\/\/uj.adatbank.ro\/lexikon\/wp-json\/wp\/v2\/comments?post=14688"}],"wp:attachment":[{"href":"https:\/\/uj.adatbank.ro\/lexikon\/wp-json\/wp\/v2\/media?parent=14688"}],"wp:term":[{"taxonomy":"product_brand","embeddable":true,"href":"https:\/\/uj.adatbank.ro\/lexikon\/wp-json\/wp\/v2\/product_brand?post=14688"},{"taxonomy":"product_cat","embeddable":true,"href":"https:\/\/uj.adatbank.ro\/lexikon\/wp-json\/wp\/v2\/product_cat?post=14688"},{"taxonomy":"product_tag","embeddable":true,"href":"https:\/\/uj.adatbank.ro\/lexikon\/wp-json\/wp\/v2\/product_tag?post=14688"}],"curies":[{"name":"wp","href":"https:\/\/api.w.org\/{rel}","templated":true}]}}