{"id":14691,"date":"2025-07-15T13:10:10","date_gmt":"2025-07-15T11:10:10","guid":{"rendered":"https:\/\/uj.adatbank.ro\/lexikon\/termek\/markus-albert\/"},"modified":"2025-07-15T13:10:10","modified_gmt":"2025-07-15T11:10:10","slug":"markus-albert","status":"publish","type":"product","link":"https:\/\/uj.adatbank.ro\/lexikon\/termek\/markus-albert\/","title":{"rendered":"M\u00c1RKUS Albert"},"content":{"rendered":"<p>Nagyernye, 1888., \u2020\u00a0?: gazd\u00e1lkod\u00f3. \u2013 \u0150sei a k\u00f6zs\u00e9g alap\u00edt\u00f3i k\u00f6z\u00e9 tartoztak. \u00d6n\u00e1ll\u00f3 gazda Nagyerny\u00e9n, 20. hold saj\u00e1t birtok\u00e1t m\u0171velte. (1930). Az els\u0151 vh.-ban a szeker\u00e9sz osztagban teljes\u00edtett szolg\u00e1latot, s\u00falyosan sebes\u00fclt. A r. k. egyh\u00e1z tan\u00e1csosa, kozs\u00e9gi b\u00edr\u00f3 volt. <br \/><strong>Irod.:<\/strong> Sz\u00e9kelyf\u00f6ld \u00ed.k.<\/br><\/p>\n","protected":false},"excerpt":{"rendered":"<p>Nagyernye, 1888., \u2020\u00a0?: gazd\u00e1lkod\u00f3. \u2013 \u0150sei a k\u00f6zs\u00e9g alap\u00edt\u00f3i k\u00f6z\u00e9 tartoztak. \u00d6n\u00e1ll\u00f3 gazda Nagyerny\u00e9n, 20. hold saj\u00e1t birtok\u00e1t m\u0171velte. (1930). Az els\u0151 vh.-ban a szeker\u00e9sz osztagban teljes\u00edtett szolg\u00e1latot, s\u00falyosan sebes\u00fclt. A r. k. egyh\u00e1z tan\u00e1csosa, kozs\u00e9gi b\u00edr\u00f3 volt. Irod.: Sz\u00e9kelyf\u00f6ld \u00ed.k.<\/p>\n","protected":false},"featured_media":0,"comment_status":"open","ping_status":"closed","template":"","meta":[],"product_brand":[],"product_cat":[137],"product_tag":[],"class_list":{"0":"post-14691","1":"product","2":"type-product","3":"status-publish","5":"product_cat-maros-megyei-eletrajzi-lexikon","7":"first","8":"instock","9":"shipping-taxable","10":"product-type-simple"},"_links":{"self":[{"href":"https:\/\/uj.adatbank.ro\/lexikon\/wp-json\/wp\/v2\/product\/14691","targetHints":{"allow":["GET"]}}],"collection":[{"href":"https:\/\/uj.adatbank.ro\/lexikon\/wp-json\/wp\/v2\/product"}],"about":[{"href":"https:\/\/uj.adatbank.ro\/lexikon\/wp-json\/wp\/v2\/types\/product"}],"replies":[{"embeddable":true,"href":"https:\/\/uj.adatbank.ro\/lexikon\/wp-json\/wp\/v2\/comments?post=14691"}],"wp:attachment":[{"href":"https:\/\/uj.adatbank.ro\/lexikon\/wp-json\/wp\/v2\/media?parent=14691"}],"wp:term":[{"taxonomy":"product_brand","embeddable":true,"href":"https:\/\/uj.adatbank.ro\/lexikon\/wp-json\/wp\/v2\/product_brand?post=14691"},{"taxonomy":"product_cat","embeddable":true,"href":"https:\/\/uj.adatbank.ro\/lexikon\/wp-json\/wp\/v2\/product_cat?post=14691"},{"taxonomy":"product_tag","embeddable":true,"href":"https:\/\/uj.adatbank.ro\/lexikon\/wp-json\/wp\/v2\/product_tag?post=14691"}],"curies":[{"name":"wp","href":"https:\/\/api.w.org\/{rel}","templated":true}]}}