{"id":14692,"date":"2025-07-15T13:10:13","date_gmt":"2025-07-15T11:10:13","guid":{"rendered":"https:\/\/uj.adatbank.ro\/lexikon\/termek\/markus-ballo-kornelia\/"},"modified":"2025-07-15T13:10:13","modified_gmt":"2025-07-15T11:10:13","slug":"markus-ballo-kornelia","status":"publish","type":"product","link":"https:\/\/uj.adatbank.ro\/lexikon\/termek\/markus-ballo-kornelia\/","title":{"rendered":"M\u00c1RKUS BALL\u00d3 Korn\u00e9lia"},"content":{"rendered":"<p>Mv., 1925, \u2020\u00a0Mv., 1999.: orvos. A MOGYI gyermekgy\u00f3gy\u00e1szati kar\u00e1n v\u00e9gzett (1952). Pusk\u00e1s Gy\u00f6rgy prof.klinik\u00e1j\u00e1n gyakornok, majd b\u00f6lcs\u0151dei orvos (1969-ig). Mv.-en v\u00e1rosi k\u00f6rzeti gyermekorvos nyugd\u00edjaz\u00e1s\u00e1ig. <br \/><strong>Irod.:<\/strong> Kiss\u2013P\u00e9terffy\u2013P\u00e9terffy.<\/br><\/p>\n","protected":false},"excerpt":{"rendered":"<p>Mv., 1925, \u2020\u00a0Mv., 1999.: orvos. A MOGYI gyermekgy\u00f3gy\u00e1szati kar\u00e1n v\u00e9gzett (1952). Pusk\u00e1s Gy\u00f6rgy prof.klinik\u00e1j\u00e1n gyakornok, majd b\u00f6lcs\u0151dei orvos (1969-ig). Mv.-en v\u00e1rosi k\u00f6rzeti gyermekorvos nyugd\u00edjaz\u00e1s\u00e1ig. Irod.: Kiss\u2013P\u00e9terffy\u2013P\u00e9terffy.<\/p>\n","protected":false},"featured_media":0,"comment_status":"open","ping_status":"closed","template":"","meta":[],"product_brand":[],"product_cat":[137],"product_tag":[],"class_list":{"0":"post-14692","1":"product","2":"type-product","3":"status-publish","5":"product_cat-maros-megyei-eletrajzi-lexikon","7":"first","8":"instock","9":"shipping-taxable","10":"product-type-simple"},"_links":{"self":[{"href":"https:\/\/uj.adatbank.ro\/lexikon\/wp-json\/wp\/v2\/product\/14692","targetHints":{"allow":["GET"]}}],"collection":[{"href":"https:\/\/uj.adatbank.ro\/lexikon\/wp-json\/wp\/v2\/product"}],"about":[{"href":"https:\/\/uj.adatbank.ro\/lexikon\/wp-json\/wp\/v2\/types\/product"}],"replies":[{"embeddable":true,"href":"https:\/\/uj.adatbank.ro\/lexikon\/wp-json\/wp\/v2\/comments?post=14692"}],"wp:attachment":[{"href":"https:\/\/uj.adatbank.ro\/lexikon\/wp-json\/wp\/v2\/media?parent=14692"}],"wp:term":[{"taxonomy":"product_brand","embeddable":true,"href":"https:\/\/uj.adatbank.ro\/lexikon\/wp-json\/wp\/v2\/product_brand?post=14692"},{"taxonomy":"product_cat","embeddable":true,"href":"https:\/\/uj.adatbank.ro\/lexikon\/wp-json\/wp\/v2\/product_cat?post=14692"},{"taxonomy":"product_tag","embeddable":true,"href":"https:\/\/uj.adatbank.ro\/lexikon\/wp-json\/wp\/v2\/product_tag?post=14692"}],"curies":[{"name":"wp","href":"https:\/\/api.w.org\/{rel}","templated":true}]}}