{"id":14693,"date":"2025-07-15T13:10:19","date_gmt":"2025-07-15T11:10:19","guid":{"rendered":"https:\/\/uj.adatbank.ro\/lexikon\/termek\/markus-edit-emma\/"},"modified":"2025-07-15T13:10:19","modified_gmt":"2025-07-15T11:10:19","slug":"markus-edit-emma","status":"publish","type":"product","link":"https:\/\/uj.adatbank.ro\/lexikon\/termek\/markus-edit-emma\/","title":{"rendered":"M\u00c1RKUS Edit Emma"},"content":{"rendered":"<p>1932., \u2020 ? 1998. dec. 26.: k\u00f6nyvt\u00e1ros. \u2013 A MOGYI k\u00f6nyvt\u00e1r\u00e1nak munkat\u00e1rsa. <br \/><strong>Irod.:<\/strong> [Nekrol\u00f3g] (N\u00fa., 1998. dec. 30.)<\/br><\/p>\n","protected":false},"excerpt":{"rendered":"<p>1932., \u2020 ? 1998. dec. 26.: k\u00f6nyvt\u00e1ros. \u2013 A MOGYI k\u00f6nyvt\u00e1r\u00e1nak munkat\u00e1rsa. Irod.: [Nekrol\u00f3g] (N\u00fa., 1998. dec. 30.)<\/p>\n","protected":false},"featured_media":0,"comment_status":"open","ping_status":"closed","template":"","meta":[],"product_brand":[],"product_cat":[137],"product_tag":[],"class_list":{"0":"post-14693","1":"product","2":"type-product","3":"status-publish","5":"product_cat-maros-megyei-eletrajzi-lexikon","7":"first","8":"instock","9":"shipping-taxable","10":"product-type-simple"},"_links":{"self":[{"href":"https:\/\/uj.adatbank.ro\/lexikon\/wp-json\/wp\/v2\/product\/14693","targetHints":{"allow":["GET"]}}],"collection":[{"href":"https:\/\/uj.adatbank.ro\/lexikon\/wp-json\/wp\/v2\/product"}],"about":[{"href":"https:\/\/uj.adatbank.ro\/lexikon\/wp-json\/wp\/v2\/types\/product"}],"replies":[{"embeddable":true,"href":"https:\/\/uj.adatbank.ro\/lexikon\/wp-json\/wp\/v2\/comments?post=14693"}],"wp:attachment":[{"href":"https:\/\/uj.adatbank.ro\/lexikon\/wp-json\/wp\/v2\/media?parent=14693"}],"wp:term":[{"taxonomy":"product_brand","embeddable":true,"href":"https:\/\/uj.adatbank.ro\/lexikon\/wp-json\/wp\/v2\/product_brand?post=14693"},{"taxonomy":"product_cat","embeddable":true,"href":"https:\/\/uj.adatbank.ro\/lexikon\/wp-json\/wp\/v2\/product_cat?post=14693"},{"taxonomy":"product_tag","embeddable":true,"href":"https:\/\/uj.adatbank.ro\/lexikon\/wp-json\/wp\/v2\/product_tag?post=14693"}],"curies":[{"name":"wp","href":"https:\/\/api.w.org\/{rel}","templated":true}]}}