{"id":14694,"date":"2025-07-15T13:10:20","date_gmt":"2025-07-15T11:10:20","guid":{"rendered":"https:\/\/uj.adatbank.ro\/lexikon\/termek\/markus-gustav\/"},"modified":"2025-07-15T13:10:20","modified_gmt":"2025-07-15T11:10:20","slug":"markus-gustav","status":"publish","type":"product","link":"https:\/\/uj.adatbank.ro\/lexikon\/termek\/markus-gustav\/","title":{"rendered":"MARKUS, Gustav"},"content":{"rendered":"<p>Segesv\u00e1r, 1895. aug. 1., \u2020 Englharting bei M\u00fcnchen, 1979. j\u00fal. 30.: k\u00f6nyvnyomd\u00e1sz \u00e9s kiad\u00f3. \u2013 J. W. Krafft nyomd\u00e1sz unok\u00e1ja. A segesv\u00e1ri gimn\u00e1zium ut\u00e1n a szebeni Krafft nyomd\u00e1ban tanulta a nyomd\u00e1sz mesters\u00e9get, majd M\u00fcnchenben t\u00f6k\u00e9letes\u00edtette azt. R\u00e9szt vett a vh.-ban, majd \u00e1tvette a Segesv\u00e1ron \u00f6r\u00f6k\u00f6lt nyomd\u00e1t (1925\u2013), amely vezet\u00e9se alatt gyorsan felvir\u00e1gzott. \u00c1thelyezte a Markus nyomd\u00e1t Brass\u00f3ba (1934\u201335), a szebeni Krafft \u00e9s Drotlef Nyomda technikai vezet\u0151je is volt. A II. vh. ut\u00e1n v\u00e1llalkoz\u00e1s\u00e1t Corvina Nyomda \u00e9s Kiad\u00f3nak nevezte el \u00e9s sz\u00e1mos fontos n\u00e9met \u00e9s sz\u00e1sz vonatkoz\u00e1s\u00fa k\u00f6nyvet adott ki a h\u00e1bor\u00fa el\u0151tti \u00e9s kort\u00e1rs szerz\u0151kt\u0151l n\u00e9met nyelven (1947-ig). Nem ker\u00fclte el a kommunista b\u00f6rt\u00f6n\u00f6k kegyetlens\u00e9geit, hasonl\u00f3an m\u00e1s v\u00e1llalkoz\u00f3khoz. A brass\u00f3i ev. egyh\u00e1zk\u00f6zs\u00e9g k\u00f6nyvt\u00e1rosa \u00e9s lev\u00e9lt\u00e1rosa volt n\u00e9meto.-i kiteleped\u00e9s\u00e9ig (1959\u201365). <br \/><strong>Irod.:<\/strong> LSS; Sighi\u015foara<\/br><\/p>\n","protected":false},"excerpt":{"rendered":"<p>Segesv\u00e1r, 1895. aug. 1., \u2020 Englharting bei M\u00fcnchen, 1979. j\u00fal. 30.: k\u00f6nyvnyomd\u00e1sz \u00e9s kiad\u00f3. \u2013 J. W. Krafft nyomd\u00e1sz unok\u00e1ja. A segesv\u00e1ri gimn\u00e1zium ut\u00e1n a szebeni Krafft nyomd\u00e1ban tanulta a nyomd\u00e1sz mesters\u00e9get, majd M\u00fcnchenben t\u00f6k\u00e9letes\u00edtette azt. R\u00e9szt vett a vh.-ban, majd \u00e1tvette a Segesv\u00e1ron \u00f6r\u00f6k\u00f6lt nyomd\u00e1t (1925\u2013), amely vezet\u00e9se alatt gyorsan felvir\u00e1gzott. \u00c1thelyezte a Markus [&hellip;]<\/p>\n","protected":false},"featured_media":0,"comment_status":"open","ping_status":"closed","template":"","meta":[],"product_brand":[],"product_cat":[137],"product_tag":[],"class_list":{"0":"post-14694","1":"product","2":"type-product","3":"status-publish","5":"product_cat-maros-megyei-eletrajzi-lexikon","7":"first","8":"instock","9":"shipping-taxable","10":"product-type-simple"},"_links":{"self":[{"href":"https:\/\/uj.adatbank.ro\/lexikon\/wp-json\/wp\/v2\/product\/14694","targetHints":{"allow":["GET"]}}],"collection":[{"href":"https:\/\/uj.adatbank.ro\/lexikon\/wp-json\/wp\/v2\/product"}],"about":[{"href":"https:\/\/uj.adatbank.ro\/lexikon\/wp-json\/wp\/v2\/types\/product"}],"replies":[{"embeddable":true,"href":"https:\/\/uj.adatbank.ro\/lexikon\/wp-json\/wp\/v2\/comments?post=14694"}],"wp:attachment":[{"href":"https:\/\/uj.adatbank.ro\/lexikon\/wp-json\/wp\/v2\/media?parent=14694"}],"wp:term":[{"taxonomy":"product_brand","embeddable":true,"href":"https:\/\/uj.adatbank.ro\/lexikon\/wp-json\/wp\/v2\/product_brand?post=14694"},{"taxonomy":"product_cat","embeddable":true,"href":"https:\/\/uj.adatbank.ro\/lexikon\/wp-json\/wp\/v2\/product_cat?post=14694"},{"taxonomy":"product_tag","embeddable":true,"href":"https:\/\/uj.adatbank.ro\/lexikon\/wp-json\/wp\/v2\/product_tag?post=14694"}],"curies":[{"name":"wp","href":"https:\/\/api.w.org\/{rel}","templated":true}]}}