{"id":14697,"date":"2025-07-15T13:10:26","date_gmt":"2025-07-15T11:10:26","guid":{"rendered":"https:\/\/uj.adatbank.ro\/lexikon\/termek\/markus-janos\/"},"modified":"2025-07-15T13:10:26","modified_gmt":"2025-07-15T11:10:26","slug":"markus-janos","status":"publish","type":"product","link":"https:\/\/uj.adatbank.ro\/lexikon\/termek\/markus-janos\/","title":{"rendered":"M\u00c1RKUS J\u00e1nos"},"content":{"rendered":"<p>1808. dec. 3. \u2020 ?: tan\u00e1r. \u2013 Mv.-en a R.Kat Tanod\u00e1ban tan\u00edtott. Az 1848-as forr.-i esem\u00e9nyek ut\u00e1n letart\u00f3ztatt\u00e1k, k\u00e9t \u00e9v b\u00f6rt\u00f6nb\u00fcntet\u00e9sre \u00edt\u00e9lt\u00e9k (1852\u2013). Kegyelmi k\u00e9relme eredm\u00e9nytelen maradt. <br \/><strong>Irod.:<\/strong> P\u00e1l-Antal \u2013 Szab\u00f3 2.<\/br><\/p>\n","protected":false},"excerpt":{"rendered":"<p>1808. dec. 3. \u2020 ?: tan\u00e1r. \u2013 Mv.-en a R.Kat Tanod\u00e1ban tan\u00edtott. Az 1848-as forr.-i esem\u00e9nyek ut\u00e1n letart\u00f3ztatt\u00e1k, k\u00e9t \u00e9v b\u00f6rt\u00f6nb\u00fcntet\u00e9sre \u00edt\u00e9lt\u00e9k (1852\u2013). Kegyelmi k\u00e9relme eredm\u00e9nytelen maradt. Irod.: P\u00e1l-Antal \u2013 Szab\u00f3 2.<\/p>\n","protected":false},"featured_media":0,"comment_status":"open","ping_status":"closed","template":"","meta":[],"product_brand":[],"product_cat":[137],"product_tag":[],"class_list":{"0":"post-14697","1":"product","2":"type-product","3":"status-publish","5":"product_cat-maros-megyei-eletrajzi-lexikon","7":"first","8":"instock","9":"shipping-taxable","10":"product-type-simple"},"_links":{"self":[{"href":"https:\/\/uj.adatbank.ro\/lexikon\/wp-json\/wp\/v2\/product\/14697","targetHints":{"allow":["GET"]}}],"collection":[{"href":"https:\/\/uj.adatbank.ro\/lexikon\/wp-json\/wp\/v2\/product"}],"about":[{"href":"https:\/\/uj.adatbank.ro\/lexikon\/wp-json\/wp\/v2\/types\/product"}],"replies":[{"embeddable":true,"href":"https:\/\/uj.adatbank.ro\/lexikon\/wp-json\/wp\/v2\/comments?post=14697"}],"wp:attachment":[{"href":"https:\/\/uj.adatbank.ro\/lexikon\/wp-json\/wp\/v2\/media?parent=14697"}],"wp:term":[{"taxonomy":"product_brand","embeddable":true,"href":"https:\/\/uj.adatbank.ro\/lexikon\/wp-json\/wp\/v2\/product_brand?post=14697"},{"taxonomy":"product_cat","embeddable":true,"href":"https:\/\/uj.adatbank.ro\/lexikon\/wp-json\/wp\/v2\/product_cat?post=14697"},{"taxonomy":"product_tag","embeddable":true,"href":"https:\/\/uj.adatbank.ro\/lexikon\/wp-json\/wp\/v2\/product_tag?post=14697"}],"curies":[{"name":"wp","href":"https:\/\/api.w.org\/{rel}","templated":true}]}}