{"id":14698,"date":"2025-07-15T13:10:28","date_gmt":"2025-07-15T11:10:28","guid":{"rendered":"https:\/\/uj.adatbank.ro\/lexikon\/termek\/markus-janos-2\/"},"modified":"2025-07-15T13:10:28","modified_gmt":"2025-07-15T11:10:28","slug":"markus-janos-2","status":"publish","type":"product","link":"https:\/\/uj.adatbank.ro\/lexikon\/termek\/markus-janos-2\/","title":{"rendered":"M\u00c1RKUS J\u00e1nos"},"content":{"rendered":"<p>1872., \u2020\u00a0?: tan\u00edt\u00f3. \u2013 Oklevel\u00e9nek elnyer\u00e9se ut\u00e1n Mv.-en kezdte munk\u00e1ss\u00e1g\u00e1t, ahol 36 \u00e9ven kereszt\u00fcl tan\u00edtott, t\u00f6bbsz\u00f6r r\u00e9szes\u00fclt kit\u00fcntet\u00e9sben. Igazgat\u00f3 volt (1919), Nem volt hajland\u00f3 esk\u00fct tenni az \u00faj k\u00f6zhatalomnnak (1919. j\u00fan. 2.).. Minden kultur\u00e1lis, szoci\u00e1lis egyes\u00fclet munk\u00e1j\u00e1ban r\u00e9szt vett. A MT megyei \u00c1ltal\u00e1nos Tan\u00edt\u00f3test\u00fclet aljegyz\u0151je. <br \/><strong>Irod.:<\/strong> Eml\u00e9kk\u00f6nyv; id\u0151t\u00e1r 3..Sz\u00e9kelyf\u00f6ld \u00ed.k.<\/br><\/p>\n","protected":false},"excerpt":{"rendered":"<p>1872., \u2020\u00a0?: tan\u00edt\u00f3. \u2013 Oklevel\u00e9nek elnyer\u00e9se ut\u00e1n Mv.-en kezdte munk\u00e1ss\u00e1g\u00e1t, ahol 36 \u00e9ven kereszt\u00fcl tan\u00edtott, t\u00f6bbsz\u00f6r r\u00e9szes\u00fclt kit\u00fcntet\u00e9sben. Igazgat\u00f3 volt (1919), Nem volt hajland\u00f3 esk\u00fct tenni az \u00faj k\u00f6zhatalomnnak (1919. j\u00fan. 2.).. Minden kultur\u00e1lis, szoci\u00e1lis egyes\u00fclet munk\u00e1j\u00e1ban r\u00e9szt vett. A MT megyei \u00c1ltal\u00e1nos Tan\u00edt\u00f3test\u00fclet aljegyz\u0151je. Irod.: Eml\u00e9kk\u00f6nyv; id\u0151t\u00e1r 3..Sz\u00e9kelyf\u00f6ld \u00ed.k.<\/p>\n","protected":false},"featured_media":0,"comment_status":"open","ping_status":"closed","template":"","meta":[],"product_brand":[],"product_cat":[137],"product_tag":[],"class_list":{"0":"post-14698","1":"product","2":"type-product","3":"status-publish","5":"product_cat-maros-megyei-eletrajzi-lexikon","7":"first","8":"instock","9":"shipping-taxable","10":"product-type-simple"},"_links":{"self":[{"href":"https:\/\/uj.adatbank.ro\/lexikon\/wp-json\/wp\/v2\/product\/14698","targetHints":{"allow":["GET"]}}],"collection":[{"href":"https:\/\/uj.adatbank.ro\/lexikon\/wp-json\/wp\/v2\/product"}],"about":[{"href":"https:\/\/uj.adatbank.ro\/lexikon\/wp-json\/wp\/v2\/types\/product"}],"replies":[{"embeddable":true,"href":"https:\/\/uj.adatbank.ro\/lexikon\/wp-json\/wp\/v2\/comments?post=14698"}],"wp:attachment":[{"href":"https:\/\/uj.adatbank.ro\/lexikon\/wp-json\/wp\/v2\/media?parent=14698"}],"wp:term":[{"taxonomy":"product_brand","embeddable":true,"href":"https:\/\/uj.adatbank.ro\/lexikon\/wp-json\/wp\/v2\/product_brand?post=14698"},{"taxonomy":"product_cat","embeddable":true,"href":"https:\/\/uj.adatbank.ro\/lexikon\/wp-json\/wp\/v2\/product_cat?post=14698"},{"taxonomy":"product_tag","embeddable":true,"href":"https:\/\/uj.adatbank.ro\/lexikon\/wp-json\/wp\/v2\/product_tag?post=14698"}],"curies":[{"name":"wp","href":"https:\/\/api.w.org\/{rel}","templated":true}]}}