{"id":14701,"date":"2025-07-15T13:10:33","date_gmt":"2025-07-15T11:10:33","guid":{"rendered":"https:\/\/uj.adatbank.ro\/lexikon\/termek\/markus-kornelia-eva-ballo\/"},"modified":"2025-07-15T13:10:33","modified_gmt":"2025-07-15T11:10:33","slug":"markus-kornelia-eva-ballo","status":"publish","type":"product","link":"https:\/\/uj.adatbank.ro\/lexikon\/termek\/markus-kornelia-eva-ballo\/","title":{"rendered":"M\u00c1RKUS Korn\u00e9lia \u00c9va; Ball\u00f3"},"content":{"rendered":"<p>1926 \u2020 Mv., 1999. j\u00fal., 15. : orvos. \u2013 Kar\u00e1csonyfalv\u00e1n a K\u00f6rzeti Rendel\u0151ben dolgozott. K\u00f6z\u00f6lt az Orvostudom\u00e1nyi \u00c9rtes\u00edt\u0151ben. \u2013 Irod. : Orvostudom\u00e1nyi \u00c9rtes\u00edt\u0151 (1996\/68)<\/br><\/p>\n","protected":false},"excerpt":{"rendered":"<p>1926 \u2020 Mv., 1999. j\u00fal., 15. : orvos. \u2013 Kar\u00e1csonyfalv\u00e1n a K\u00f6rzeti Rendel\u0151ben dolgozott. K\u00f6z\u00f6lt az Orvostudom\u00e1nyi \u00c9rtes\u00edt\u0151ben. \u2013 Irod. : Orvostudom\u00e1nyi \u00c9rtes\u00edt\u0151 (1996\/68)<\/p>\n","protected":false},"featured_media":0,"comment_status":"open","ping_status":"closed","template":"","meta":[],"product_brand":[],"product_cat":[137],"product_tag":[],"class_list":{"0":"post-14701","1":"product","2":"type-product","3":"status-publish","5":"product_cat-maros-megyei-eletrajzi-lexikon","7":"first","8":"instock","9":"shipping-taxable","10":"product-type-simple"},"_links":{"self":[{"href":"https:\/\/uj.adatbank.ro\/lexikon\/wp-json\/wp\/v2\/product\/14701","targetHints":{"allow":["GET"]}}],"collection":[{"href":"https:\/\/uj.adatbank.ro\/lexikon\/wp-json\/wp\/v2\/product"}],"about":[{"href":"https:\/\/uj.adatbank.ro\/lexikon\/wp-json\/wp\/v2\/types\/product"}],"replies":[{"embeddable":true,"href":"https:\/\/uj.adatbank.ro\/lexikon\/wp-json\/wp\/v2\/comments?post=14701"}],"wp:attachment":[{"href":"https:\/\/uj.adatbank.ro\/lexikon\/wp-json\/wp\/v2\/media?parent=14701"}],"wp:term":[{"taxonomy":"product_brand","embeddable":true,"href":"https:\/\/uj.adatbank.ro\/lexikon\/wp-json\/wp\/v2\/product_brand?post=14701"},{"taxonomy":"product_cat","embeddable":true,"href":"https:\/\/uj.adatbank.ro\/lexikon\/wp-json\/wp\/v2\/product_cat?post=14701"},{"taxonomy":"product_tag","embeddable":true,"href":"https:\/\/uj.adatbank.ro\/lexikon\/wp-json\/wp\/v2\/product_tag?post=14701"}],"curies":[{"name":"wp","href":"https:\/\/api.w.org\/{rel}","templated":true}]}}