{"id":14702,"date":"2025-07-15T13:10:35","date_gmt":"2025-07-15T11:10:35","guid":{"rendered":"https:\/\/uj.adatbank.ro\/lexikon\/termek\/markus-samuel-%c2%a7-markusz-samuel\/"},"modified":"2025-07-15T13:10:35","modified_gmt":"2025-07-15T11:10:35","slug":"markus-samuel-%c2%a7-markusz-samuel","status":"publish","type":"product","link":"https:\/\/uj.adatbank.ro\/lexikon\/termek\/markus-samuel-%c2%a7-markusz-samuel\/","title":{"rendered":"MARKUS S\u00e1muel, \u00a7 M\u00e1rkusz S\u00e1muel"},"content":{"rendered":"<p>? \u2020 1879: rabbi. \u2013 A mv.-i status-quo (konzervat\u00edv) hitk\u00f6zs\u00e9g \u00e9l\u00e9n \u00e1llt, a \u201ehalad\u00f3\u201d (Fortschritts) hitk\u00f6s\u00e9g els\u0151 rabbija (1868\u201379), dr. Tev\u00e9kenys\u00e9ge idej\u00e9n kezdt\u00e9k \u00e9p\u00edteni a mv.-i zsid\u00f3 elemi iskol\u00e1t, hal\u00e1la ut\u00e1n (1880) kezdte m\u0171k\u00f6d\u00e9s\u00e9t. <br \/><strong>Irod.:<\/strong> Mv. zsid\u00f3s\u00e1ga; Sebesty\u00e9n Mih\u00e1ly 2000<\/br><\/p>\n","protected":false},"excerpt":{"rendered":"<p>? \u2020 1879: rabbi. \u2013 A mv.-i status-quo (konzervat\u00edv) hitk\u00f6zs\u00e9g \u00e9l\u00e9n \u00e1llt, a \u201ehalad\u00f3\u201d (Fortschritts) hitk\u00f6s\u00e9g els\u0151 rabbija (1868\u201379), dr. Tev\u00e9kenys\u00e9ge idej\u00e9n kezdt\u00e9k \u00e9p\u00edteni a mv.-i zsid\u00f3 elemi iskol\u00e1t, hal\u00e1la ut\u00e1n (1880) kezdte m\u0171k\u00f6d\u00e9s\u00e9t. Irod.: Mv. zsid\u00f3s\u00e1ga; Sebesty\u00e9n Mih\u00e1ly 2000<\/p>\n","protected":false},"featured_media":0,"comment_status":"open","ping_status":"closed","template":"","meta":[],"product_brand":[],"product_cat":[137],"product_tag":[],"class_list":{"0":"post-14702","1":"product","2":"type-product","3":"status-publish","5":"product_cat-maros-megyei-eletrajzi-lexikon","7":"first","8":"instock","9":"shipping-taxable","10":"product-type-simple"},"_links":{"self":[{"href":"https:\/\/uj.adatbank.ro\/lexikon\/wp-json\/wp\/v2\/product\/14702","targetHints":{"allow":["GET"]}}],"collection":[{"href":"https:\/\/uj.adatbank.ro\/lexikon\/wp-json\/wp\/v2\/product"}],"about":[{"href":"https:\/\/uj.adatbank.ro\/lexikon\/wp-json\/wp\/v2\/types\/product"}],"replies":[{"embeddable":true,"href":"https:\/\/uj.adatbank.ro\/lexikon\/wp-json\/wp\/v2\/comments?post=14702"}],"wp:attachment":[{"href":"https:\/\/uj.adatbank.ro\/lexikon\/wp-json\/wp\/v2\/media?parent=14702"}],"wp:term":[{"taxonomy":"product_brand","embeddable":true,"href":"https:\/\/uj.adatbank.ro\/lexikon\/wp-json\/wp\/v2\/product_brand?post=14702"},{"taxonomy":"product_cat","embeddable":true,"href":"https:\/\/uj.adatbank.ro\/lexikon\/wp-json\/wp\/v2\/product_cat?post=14702"},{"taxonomy":"product_tag","embeddable":true,"href":"https:\/\/uj.adatbank.ro\/lexikon\/wp-json\/wp\/v2\/product_tag?post=14702"}],"curies":[{"name":"wp","href":"https:\/\/api.w.org\/{rel}","templated":true}]}}