{"id":14704,"date":"2025-07-15T13:10:40","date_gmt":"2025-07-15T11:10:40","guid":{"rendered":"https:\/\/uj.adatbank.ro\/lexikon\/termek\/markusfalvi-balint\/"},"modified":"2025-07-15T13:10:40","modified_gmt":"2025-07-15T11:10:40","slug":"markusfalvi-balint","status":"publish","type":"product","link":"https:\/\/uj.adatbank.ro\/lexikon\/termek\/markusfalvi-balint\/","title":{"rendered":"M\u00c1RKUSFALVI B\u00e1lint"},"content":{"rendered":"<p>? \u2020\u00a0?: ref. lelk\u00e9sz. \u2013 Feles\u00e9ge Szentiv\u00e1ni Zs\u00f3fia. \u2013 Nagyenyed.-en subscrib\u00e1lt (1665). Rektor volt Borosbenedeken. Lelk\u00e9sz Marosbog\u00e1ton (1681), G\u00f3g\u00e1nban (1683\u201384), K\u00fck\u00fcll\u0151alm\u00e1son (1689), Nagymedv\u00e9sben (1692\u201395). <br \/><strong>Irod.:<\/strong> K\u00fck\u00fcll\u0151i Ref. Egyh\u00e1zm. 2., 3., 4.<\/br><\/p>\n","protected":false},"excerpt":{"rendered":"<p>? \u2020\u00a0?: ref. lelk\u00e9sz. \u2013 Feles\u00e9ge Szentiv\u00e1ni Zs\u00f3fia. \u2013 Nagyenyed.-en subscrib\u00e1lt (1665). Rektor volt Borosbenedeken. Lelk\u00e9sz Marosbog\u00e1ton (1681), G\u00f3g\u00e1nban (1683\u201384), K\u00fck\u00fcll\u0151alm\u00e1son (1689), Nagymedv\u00e9sben (1692\u201395). Irod.: K\u00fck\u00fcll\u0151i Ref. Egyh\u00e1zm. 2., 3., 4.<\/p>\n","protected":false},"featured_media":0,"comment_status":"open","ping_status":"closed","template":"","meta":[],"product_brand":[],"product_cat":[137],"product_tag":[],"class_list":{"0":"post-14704","1":"product","2":"type-product","3":"status-publish","5":"product_cat-maros-megyei-eletrajzi-lexikon","7":"first","8":"instock","9":"shipping-taxable","10":"product-type-simple"},"_links":{"self":[{"href":"https:\/\/uj.adatbank.ro\/lexikon\/wp-json\/wp\/v2\/product\/14704","targetHints":{"allow":["GET"]}}],"collection":[{"href":"https:\/\/uj.adatbank.ro\/lexikon\/wp-json\/wp\/v2\/product"}],"about":[{"href":"https:\/\/uj.adatbank.ro\/lexikon\/wp-json\/wp\/v2\/types\/product"}],"replies":[{"embeddable":true,"href":"https:\/\/uj.adatbank.ro\/lexikon\/wp-json\/wp\/v2\/comments?post=14704"}],"wp:attachment":[{"href":"https:\/\/uj.adatbank.ro\/lexikon\/wp-json\/wp\/v2\/media?parent=14704"}],"wp:term":[{"taxonomy":"product_brand","embeddable":true,"href":"https:\/\/uj.adatbank.ro\/lexikon\/wp-json\/wp\/v2\/product_brand?post=14704"},{"taxonomy":"product_cat","embeddable":true,"href":"https:\/\/uj.adatbank.ro\/lexikon\/wp-json\/wp\/v2\/product_cat?post=14704"},{"taxonomy":"product_tag","embeddable":true,"href":"https:\/\/uj.adatbank.ro\/lexikon\/wp-json\/wp\/v2\/product_tag?post=14704"}],"curies":[{"name":"wp","href":"https:\/\/api.w.org\/{rel}","templated":true}]}}