{"id":14706,"date":"2025-07-15T13:10:43","date_gmt":"2025-07-15T11:10:43","guid":{"rendered":"https:\/\/uj.adatbank.ro\/lexikon\/termek\/markusfalvi-lajos\/"},"modified":"2025-07-15T13:10:43","modified_gmt":"2025-07-15T11:10:43","slug":"markusfalvi-lajos","status":"publish","type":"product","link":"https:\/\/uj.adatbank.ro\/lexikon\/termek\/markusfalvi-lajos\/","title":{"rendered":"M\u00c1RKUSFALVI Lajos"},"content":{"rendered":"<p>? \u2020\u00a0?: nemzet\u0151r kapit\u00e1ny. \u2013 Mv.-en a Szentmikl\u00f3s utcai negyedben polg\u00e1r\u0151r alkapit\u00e1ny (1848. \u00e1pr.-okt). <br \/><strong>Irod.:<\/strong> Id\u0151t\u00e1r 2<\/br><\/p>\n","protected":false},"excerpt":{"rendered":"<p>? \u2020\u00a0?: nemzet\u0151r kapit\u00e1ny. \u2013 Mv.-en a Szentmikl\u00f3s utcai negyedben polg\u00e1r\u0151r alkapit\u00e1ny (1848. \u00e1pr.-okt). Irod.: Id\u0151t\u00e1r 2<\/p>\n","protected":false},"featured_media":0,"comment_status":"open","ping_status":"closed","template":"","meta":[],"product_brand":[],"product_cat":[137],"product_tag":[],"class_list":{"0":"post-14706","1":"product","2":"type-product","3":"status-publish","5":"product_cat-maros-megyei-eletrajzi-lexikon","7":"first","8":"instock","9":"shipping-taxable","10":"product-type-simple"},"_links":{"self":[{"href":"https:\/\/uj.adatbank.ro\/lexikon\/wp-json\/wp\/v2\/product\/14706","targetHints":{"allow":["GET"]}}],"collection":[{"href":"https:\/\/uj.adatbank.ro\/lexikon\/wp-json\/wp\/v2\/product"}],"about":[{"href":"https:\/\/uj.adatbank.ro\/lexikon\/wp-json\/wp\/v2\/types\/product"}],"replies":[{"embeddable":true,"href":"https:\/\/uj.adatbank.ro\/lexikon\/wp-json\/wp\/v2\/comments?post=14706"}],"wp:attachment":[{"href":"https:\/\/uj.adatbank.ro\/lexikon\/wp-json\/wp\/v2\/media?parent=14706"}],"wp:term":[{"taxonomy":"product_brand","embeddable":true,"href":"https:\/\/uj.adatbank.ro\/lexikon\/wp-json\/wp\/v2\/product_brand?post=14706"},{"taxonomy":"product_cat","embeddable":true,"href":"https:\/\/uj.adatbank.ro\/lexikon\/wp-json\/wp\/v2\/product_cat?post=14706"},{"taxonomy":"product_tag","embeddable":true,"href":"https:\/\/uj.adatbank.ro\/lexikon\/wp-json\/wp\/v2\/product_tag?post=14706"}],"curies":[{"name":"wp","href":"https:\/\/api.w.org\/{rel}","templated":true}]}}