{"id":14709,"date":"2025-07-15T13:10:50","date_gmt":"2025-07-15T11:10:50","guid":{"rendered":"https:\/\/uj.adatbank.ro\/lexikon\/termek\/marlin-jozsef\/"},"modified":"2025-07-15T13:10:50","modified_gmt":"2025-07-15T11:10:50","slug":"marlin-jozsef","status":"publish","type":"product","link":"https:\/\/uj.adatbank.ro\/lexikon\/termek\/marlin-jozsef\/","title":{"rendered":"MARLIN J\u00f3zsef"},"content":{"rendered":"<p>? \u2020\u00a0?\u00a0: fest\u0151. \u2013 N\u00e9met fest\u0151 volt, Mv.-en \u00e9lt annyit tudunk r\u00f3la hogy az izraelit\u00e1k telket \u00e9s h\u00e1zat v\u00e1s\u00e1roltak t\u0151le a Kis Szentkir\u00e1ly u. nyugati v\u00e9ge fel\u00e9- a mai Arany J\u00e1nos utc\u00e1ban (1830), amit imah\u00e1znak haszn\u00e1ltak (\u20131860). Mint fest\u0151r\u0151l egy\u00e9bb adatok hi\u00e1nyoznak, val\u00f3sz\u00edn\u0171leg nem emelkedett fel az elismert fest\u0151k k\u00f6r\u00e9ig. <br \/><strong>Irod.:<\/strong> P\u00e1l-Antal 2009<\/br><\/p>\n","protected":false},"excerpt":{"rendered":"<p>? \u2020\u00a0?\u00a0: fest\u0151. \u2013 N\u00e9met fest\u0151 volt, Mv.-en \u00e9lt annyit tudunk r\u00f3la hogy az izraelit\u00e1k telket \u00e9s h\u00e1zat v\u00e1s\u00e1roltak t\u0151le a Kis Szentkir\u00e1ly u. nyugati v\u00e9ge fel\u00e9- a mai Arany J\u00e1nos utc\u00e1ban (1830), amit imah\u00e1znak haszn\u00e1ltak (\u20131860). Mint fest\u0151r\u0151l egy\u00e9bb adatok hi\u00e1nyoznak, val\u00f3sz\u00edn\u0171leg nem emelkedett fel az elismert fest\u0151k k\u00f6r\u00e9ig. Irod.: P\u00e1l-Antal 2009<\/p>\n","protected":false},"featured_media":0,"comment_status":"open","ping_status":"closed","template":"","meta":[],"product_brand":[],"product_cat":[137],"product_tag":[],"class_list":{"0":"post-14709","1":"product","2":"type-product","3":"status-publish","5":"product_cat-maros-megyei-eletrajzi-lexikon","7":"first","8":"instock","9":"shipping-taxable","10":"product-type-simple"},"_links":{"self":[{"href":"https:\/\/uj.adatbank.ro\/lexikon\/wp-json\/wp\/v2\/product\/14709","targetHints":{"allow":["GET"]}}],"collection":[{"href":"https:\/\/uj.adatbank.ro\/lexikon\/wp-json\/wp\/v2\/product"}],"about":[{"href":"https:\/\/uj.adatbank.ro\/lexikon\/wp-json\/wp\/v2\/types\/product"}],"replies":[{"embeddable":true,"href":"https:\/\/uj.adatbank.ro\/lexikon\/wp-json\/wp\/v2\/comments?post=14709"}],"wp:attachment":[{"href":"https:\/\/uj.adatbank.ro\/lexikon\/wp-json\/wp\/v2\/media?parent=14709"}],"wp:term":[{"taxonomy":"product_brand","embeddable":true,"href":"https:\/\/uj.adatbank.ro\/lexikon\/wp-json\/wp\/v2\/product_brand?post=14709"},{"taxonomy":"product_cat","embeddable":true,"href":"https:\/\/uj.adatbank.ro\/lexikon\/wp-json\/wp\/v2\/product_cat?post=14709"},{"taxonomy":"product_tag","embeddable":true,"href":"https:\/\/uj.adatbank.ro\/lexikon\/wp-json\/wp\/v2\/product_tag?post=14709"}],"curies":[{"name":"wp","href":"https:\/\/api.w.org\/{rel}","templated":true}]}}