{"id":14712,"date":"2025-07-15T13:11:02","date_gmt":"2025-07-15T11:11:02","guid":{"rendered":"https:\/\/uj.adatbank.ro\/lexikon\/termek\/maros-laszlo\/"},"modified":"2025-07-15T13:11:02","modified_gmt":"2025-07-15T11:11:02","slug":"maros-laszlo","status":"publish","type":"product","link":"https:\/\/uj.adatbank.ro\/lexikon\/termek\/maros-laszlo\/","title":{"rendered":"MAROS L\u00e1szl\u00f3"},"content":{"rendered":"<p>? \u2020\u00a0?: szerkeszt\u0151. \u2013 Szerkesztette az Egalitatea \u2013 Egyenl\u0151s\u00e9g c. sz\u00e1szr\u00e9geni lapot (1944). <br \/><strong>Irod.:<\/strong> B\u00edr\u00f3 Don\u00e1t; Szab\u00f3 Mih\u00e1ly: A r\u00e9geni sajt\u00f3 t\u00f6rt\u00e9net\u00e9b\u0151l (2.) (V. Z., 1983. m\u00e1rc. 27.)<\/br><\/p>\n","protected":false},"excerpt":{"rendered":"<p>? \u2020\u00a0?: szerkeszt\u0151. \u2013 Szerkesztette az Egalitatea \u2013 Egyenl\u0151s\u00e9g c. sz\u00e1szr\u00e9geni lapot (1944). Irod.: B\u00edr\u00f3 Don\u00e1t; Szab\u00f3 Mih\u00e1ly: A r\u00e9geni sajt\u00f3 t\u00f6rt\u00e9net\u00e9b\u0151l (2.) (V. Z., 1983. m\u00e1rc. 27.)<\/p>\n","protected":false},"featured_media":0,"comment_status":"open","ping_status":"closed","template":"","meta":[],"product_brand":[],"product_cat":[137],"product_tag":[],"class_list":{"0":"post-14712","1":"product","2":"type-product","3":"status-publish","5":"product_cat-maros-megyei-eletrajzi-lexikon","7":"first","8":"instock","9":"shipping-taxable","10":"product-type-simple"},"_links":{"self":[{"href":"https:\/\/uj.adatbank.ro\/lexikon\/wp-json\/wp\/v2\/product\/14712","targetHints":{"allow":["GET"]}}],"collection":[{"href":"https:\/\/uj.adatbank.ro\/lexikon\/wp-json\/wp\/v2\/product"}],"about":[{"href":"https:\/\/uj.adatbank.ro\/lexikon\/wp-json\/wp\/v2\/types\/product"}],"replies":[{"embeddable":true,"href":"https:\/\/uj.adatbank.ro\/lexikon\/wp-json\/wp\/v2\/comments?post=14712"}],"wp:attachment":[{"href":"https:\/\/uj.adatbank.ro\/lexikon\/wp-json\/wp\/v2\/media?parent=14712"}],"wp:term":[{"taxonomy":"product_brand","embeddable":true,"href":"https:\/\/uj.adatbank.ro\/lexikon\/wp-json\/wp\/v2\/product_brand?post=14712"},{"taxonomy":"product_cat","embeddable":true,"href":"https:\/\/uj.adatbank.ro\/lexikon\/wp-json\/wp\/v2\/product_cat?post=14712"},{"taxonomy":"product_tag","embeddable":true,"href":"https:\/\/uj.adatbank.ro\/lexikon\/wp-json\/wp\/v2\/product_tag?post=14712"}],"curies":[{"name":"wp","href":"https:\/\/api.w.org\/{rel}","templated":true}]}}