{"id":14714,"date":"2025-07-15T13:11:05","date_gmt":"2025-07-15T11:11:05","guid":{"rendered":"https:\/\/uj.adatbank.ro\/lexikon\/termek\/marosan-gyorgy\/"},"modified":"2025-07-15T13:11:05","modified_gmt":"2025-07-15T11:11:05","slug":"marosan-gyorgy","status":"publish","type":"product","link":"https:\/\/uj.adatbank.ro\/lexikon\/termek\/marosan-gyorgy\/","title":{"rendered":"MAROS\u00c1N Gy\u00f6rgy"},"content":{"rendered":"<p>? \u2020 ?: \u00fajj\u00e1alak\u00edtotta Mv.-en a Szocdem P\u00e1rtot (1945). <br \/><strong>Irod.:<\/strong> Katona Szab\u00f3<\/br><\/p>\n","protected":false},"excerpt":{"rendered":"<p>? \u2020 ?: \u00fajj\u00e1alak\u00edtotta Mv.-en a Szocdem P\u00e1rtot (1945). Irod.: Katona Szab\u00f3<\/p>\n","protected":false},"featured_media":0,"comment_status":"open","ping_status":"closed","template":"","meta":[],"product_brand":[],"product_cat":[137],"product_tag":[],"class_list":{"0":"post-14714","1":"product","2":"type-product","3":"status-publish","5":"product_cat-maros-megyei-eletrajzi-lexikon","7":"first","8":"instock","9":"shipping-taxable","10":"product-type-simple"},"_links":{"self":[{"href":"https:\/\/uj.adatbank.ro\/lexikon\/wp-json\/wp\/v2\/product\/14714","targetHints":{"allow":["GET"]}}],"collection":[{"href":"https:\/\/uj.adatbank.ro\/lexikon\/wp-json\/wp\/v2\/product"}],"about":[{"href":"https:\/\/uj.adatbank.ro\/lexikon\/wp-json\/wp\/v2\/types\/product"}],"replies":[{"embeddable":true,"href":"https:\/\/uj.adatbank.ro\/lexikon\/wp-json\/wp\/v2\/comments?post=14714"}],"wp:attachment":[{"href":"https:\/\/uj.adatbank.ro\/lexikon\/wp-json\/wp\/v2\/media?parent=14714"}],"wp:term":[{"taxonomy":"product_brand","embeddable":true,"href":"https:\/\/uj.adatbank.ro\/lexikon\/wp-json\/wp\/v2\/product_brand?post=14714"},{"taxonomy":"product_cat","embeddable":true,"href":"https:\/\/uj.adatbank.ro\/lexikon\/wp-json\/wp\/v2\/product_cat?post=14714"},{"taxonomy":"product_tag","embeddable":true,"href":"https:\/\/uj.adatbank.ro\/lexikon\/wp-json\/wp\/v2\/product_tag?post=14714"}],"curies":[{"name":"wp","href":"https:\/\/api.w.org\/{rel}","templated":true}]}}