{"id":14715,"date":"2025-07-15T13:11:07","date_gmt":"2025-07-15T11:11:07","guid":{"rendered":"https:\/\/uj.adatbank.ro\/lexikon\/termek\/maroscher-gustav\/"},"modified":"2025-07-15T13:11:07","modified_gmt":"2025-07-15T11:11:07","slug":"maroscher-gustav","status":"publish","type":"product","link":"https:\/\/uj.adatbank.ro\/lexikon\/termek\/maroscher-gustav\/","title":{"rendered":"MAROSCHER Gustav"},"content":{"rendered":"<p>? \u2020\u00a0?: karmester. \u2013 A Sz\u00e1szr\u00e9geni M. Polg\u00e1ri Dalk\u00f6r karmestere, a N\u00e9psz\u00ednh\u00e1z tev\u00e9kenys\u00e9g\u00e9t is seg\u00edtette. A MPDB v\u00e1laszt\u00e1si list\u00e1j\u00e1n Bern\u00e1dyt t\u00e1mogatta (1930). <br \/><strong>Irod.:<\/strong> Bern\u00e1dy; B\u00edr\u00f3 Don\u00e1t<\/br><\/p>\n","protected":false},"excerpt":{"rendered":"<p>? \u2020\u00a0?: karmester. \u2013 A Sz\u00e1szr\u00e9geni M. Polg\u00e1ri Dalk\u00f6r karmestere, a N\u00e9psz\u00ednh\u00e1z tev\u00e9kenys\u00e9g\u00e9t is seg\u00edtette. A MPDB v\u00e1laszt\u00e1si list\u00e1j\u00e1n Bern\u00e1dyt t\u00e1mogatta (1930). Irod.: Bern\u00e1dy; B\u00edr\u00f3 Don\u00e1t<\/p>\n","protected":false},"featured_media":0,"comment_status":"open","ping_status":"closed","template":"","meta":[],"product_brand":[],"product_cat":[137],"product_tag":[],"class_list":{"0":"post-14715","1":"product","2":"type-product","3":"status-publish","5":"product_cat-maros-megyei-eletrajzi-lexikon","7":"first","8":"instock","9":"shipping-taxable","10":"product-type-simple"},"_links":{"self":[{"href":"https:\/\/uj.adatbank.ro\/lexikon\/wp-json\/wp\/v2\/product\/14715","targetHints":{"allow":["GET"]}}],"collection":[{"href":"https:\/\/uj.adatbank.ro\/lexikon\/wp-json\/wp\/v2\/product"}],"about":[{"href":"https:\/\/uj.adatbank.ro\/lexikon\/wp-json\/wp\/v2\/types\/product"}],"replies":[{"embeddable":true,"href":"https:\/\/uj.adatbank.ro\/lexikon\/wp-json\/wp\/v2\/comments?post=14715"}],"wp:attachment":[{"href":"https:\/\/uj.adatbank.ro\/lexikon\/wp-json\/wp\/v2\/media?parent=14715"}],"wp:term":[{"taxonomy":"product_brand","embeddable":true,"href":"https:\/\/uj.adatbank.ro\/lexikon\/wp-json\/wp\/v2\/product_brand?post=14715"},{"taxonomy":"product_cat","embeddable":true,"href":"https:\/\/uj.adatbank.ro\/lexikon\/wp-json\/wp\/v2\/product_cat?post=14715"},{"taxonomy":"product_tag","embeddable":true,"href":"https:\/\/uj.adatbank.ro\/lexikon\/wp-json\/wp\/v2\/product_tag?post=14715"}],"curies":[{"name":"wp","href":"https:\/\/api.w.org\/{rel}","templated":true}]}}