{"id":14718,"date":"2025-07-15T13:11:14","date_gmt":"2025-07-15T11:11:14","guid":{"rendered":"https:\/\/uj.adatbank.ro\/lexikon\/termek\/marosi-farkas\/"},"modified":"2025-07-15T13:11:14","modified_gmt":"2025-07-15T11:11:14","slug":"marosi-farkas","status":"publish","type":"product","link":"https:\/\/uj.adatbank.ro\/lexikon\/termek\/marosi-farkas\/","title":{"rendered":"MAROSI Farkas"},"content":{"rendered":"<p>1812.., \u2020 Mv., 1888. m\u00e1j. 4.: rend\u0151rf\u0151kapit\u00e1ny \u2013 Feles\u00e9ge: Rajka R\u00f3za. Gyermekeik: M. R\u00f3za Kov\u00e1cs K\u00e1rolyn\u00e9; dr. M. K\u00e1lm\u00e1n, feles\u00e9ge Sinkovits Katinka; M. Polix\u00e9na, Balog Mih\u00e1lyn\u00e9 (1807.? \u2013 Mv., 1876. m\u00e1j. 6.); M. \u00d6d\u00f6n, feles\u00e9ge Wagner Hermin ; M. K\u00e1rolina, M. Farkas (1863 \u2013 Mv., 1874. m\u00e1j. 11.); M. Lotti (1860.? \u2013 Mv., 1930. m\u00e1rc. 28.). \u2013 Mv.-en v\u00e1rosi tisztvisel\u0151, rend\u0151rkapit\u00e1ny volt.. <br \/><strong>Irod.:<\/strong> Gy\u00e1szjelent\u0151<\/br><\/p>\n","protected":false},"excerpt":{"rendered":"<p>1812.., \u2020 Mv., 1888. m\u00e1j. 4.: rend\u0151rf\u0151kapit\u00e1ny \u2013 Feles\u00e9ge: Rajka R\u00f3za. Gyermekeik: M. R\u00f3za Kov\u00e1cs K\u00e1rolyn\u00e9; dr. M. K\u00e1lm\u00e1n, feles\u00e9ge Sinkovits Katinka; M. Polix\u00e9na, Balog Mih\u00e1lyn\u00e9 (1807.? \u2013 Mv., 1876. m\u00e1j. 6.); M. \u00d6d\u00f6n, feles\u00e9ge Wagner Hermin ; M. K\u00e1rolina, M. Farkas (1863 \u2013 Mv., 1874. m\u00e1j. 11.); M. Lotti (1860.? \u2013 Mv., 1930. m\u00e1rc. [&hellip;]<\/p>\n","protected":false},"featured_media":0,"comment_status":"open","ping_status":"closed","template":"","meta":[],"product_brand":[],"product_cat":[137],"product_tag":[],"class_list":{"0":"post-14718","1":"product","2":"type-product","3":"status-publish","5":"product_cat-maros-megyei-eletrajzi-lexikon","7":"first","8":"instock","9":"shipping-taxable","10":"product-type-simple"},"_links":{"self":[{"href":"https:\/\/uj.adatbank.ro\/lexikon\/wp-json\/wp\/v2\/product\/14718","targetHints":{"allow":["GET"]}}],"collection":[{"href":"https:\/\/uj.adatbank.ro\/lexikon\/wp-json\/wp\/v2\/product"}],"about":[{"href":"https:\/\/uj.adatbank.ro\/lexikon\/wp-json\/wp\/v2\/types\/product"}],"replies":[{"embeddable":true,"href":"https:\/\/uj.adatbank.ro\/lexikon\/wp-json\/wp\/v2\/comments?post=14718"}],"wp:attachment":[{"href":"https:\/\/uj.adatbank.ro\/lexikon\/wp-json\/wp\/v2\/media?parent=14718"}],"wp:term":[{"taxonomy":"product_brand","embeddable":true,"href":"https:\/\/uj.adatbank.ro\/lexikon\/wp-json\/wp\/v2\/product_brand?post=14718"},{"taxonomy":"product_cat","embeddable":true,"href":"https:\/\/uj.adatbank.ro\/lexikon\/wp-json\/wp\/v2\/product_cat?post=14718"},{"taxonomy":"product_tag","embeddable":true,"href":"https:\/\/uj.adatbank.ro\/lexikon\/wp-json\/wp\/v2\/product_tag?post=14718"}],"curies":[{"name":"wp","href":"https:\/\/api.w.org\/{rel}","templated":true}]}}