{"id":14719,"date":"2025-07-15T13:11:15","date_gmt":"2025-07-15T11:11:15","guid":{"rendered":"https:\/\/uj.adatbank.ro\/lexikon\/termek\/marosi-ildiko-marosi-barnane-farkas-ildiko\/"},"modified":"2025-07-15T13:11:15","modified_gmt":"2025-07-15T11:11:15","slug":"marosi-ildiko-marosi-barnane-farkas-ildiko","status":"publish","type":"product","link":"https:\/\/uj.adatbank.ro\/lexikon\/termek\/marosi-ildiko-marosi-barnane-farkas-ildiko\/","title":{"rendered":"MAROSI Ildik\u00f3, Marosi Barnan\u00e9 Farkas Ildik\u00f3"},"content":{"rendered":"<p>Mv., 1932. febr. 1. \u2020 ?: szerkeszt\u0151, \u00fajs\u00e1g\u00edr\u00f3. ~ Barna feles\u00e9ge. Sz\u00fcl\u0151v\u00e1ros\u00e1ban \u00e9retts\u00e9gizett (1950) \u00e9s v\u00e9gezte el a Szentgy\u00f6rgyi Istv\u00e1n Sz\u00ednm\u0171v\u00e9szeti F\u0151iskol\u00e1t (1954), ahol rendez\u0151i diplom\u00e1t szerzett. El\u0151bb a M\u0171vel\u0151d\u00e9s sz\u00ednh\u00e1zi (1954\u201359), majd h\u00e1rom \u00e9v megszak\u00edt\u00e1s ut\u00e1n az \u00daj \u00c9let (1962\u201375) m\u0171v\u00e9szeti rovatvezet\u0151je, A H\u00e9t szerkeszt\u0151je (1975\u201387). Els\u0151 \u00edr\u00e1s\u00e1t a M\u0171vel\u0151d\u00e9s k\u00f6z\u00f6lte (1953). Munk\u00e1ss\u00e1g\u00e1b\u00f3l kiemelkedik t\u00f6bb irodalomt\u00f6rt\u00e9neti k\u00f6zl\u00e9se, \u00edgy k\u00e9t Erd\u00e9lybe k\u00fcld\u00f6tt Romain Rolland-lev\u00e9l\u00e9 (\u00daj \u00c9let, 1966) \u00e9s Dsida-levelek\u00e9 (Utunk, 1966), K\u00f3s K\u00e1roly \u00e9s Nagy Istv\u00e1n sz\u00edndarabjainak keletkez\u00e9st\u00f6rt\u00e9nete (\u00daj \u00c9let, 1967), az Antalffy-Iorga levelez\u00e9s (El\u0151re, 1968) \u00e9s eml\u00e9kez\u00e9se az Osv\u00e1t-f\u00e9le lexikonr\u00f3l (Utunk, 1968). Felkutatta \u00e9s k\u00f6zreadta Bal\u00e1zs Ferenc elveszettnek hitt 25 mes\u00e9j\u00e9t; \u00f6ssze\u00e1ll\u00edtotta \u00e9s sajt\u00f3 al\u00e1 rendezte a Kem\u00e9ny Zsigmond T\u00e1rsas\u00e1g \u00e9s a helikoni munkak\u00f6z\u00f6ss\u00e9g leveleit \u00e9s iratait; k\u00e9pes interj\u00fa-k\u00f6tetet szerkesztett h\u00fasz erd\u00e9lyi magyar \u00edr\u00f3r\u00f3l, \u00faj forr\u00e1sokat nyitva az erd\u00e9lyi magyar irodalomkutat\u00e1s sz\u00e1m\u00e1ra. Elismer\u00e9ssel vallotta r\u00f3la egy Korunk-d\u00e9lel\u0151tt\u00f6n Rito\u00f3k J\u00e1nos: &#8222;&#8230;hossz\u00fa esztend\u0151k kitart\u00e1s\u00e1val [&#8230;] asztalunkra tette bevezet\u0151vel, f\u00fcggel\u00e9kkel \u00e9s jegyzetanyaggal egy\u00fctt azt a 400 dokumentumot, amely n\u00e9lk\u00fcl k\u00e9t vil\u00e1gh\u00e1bor\u00fa k\u00f6z\u00f6tti irodalmunk vizsg\u00e1lata [&#8230;] nem v\u00e9gezhet\u0151 tudom\u00e1nyos szinten&#8221;. Ez az irodalomt\u00f6rt\u00e9neti k\u00f6zl\u00e9ssorozat folytat\u00f3dik Tessitori N\u00f3ra el\u0151ad\u00f3m\u0171v\u00e9szi \u00e9s irodalmi szerepe dokumentumanyag\u00e1nak, majd Dsida Jen\u0151 \u00e9s Imbery Melinda levelez\u00e9s\u00e9nek bemutat\u00e1s\u00e1val \u00e9s sz\u00e1mos m\u00e1s irodalmi forr\u00e1sanyag nyilv\u00e1noss\u00e1gra hoz\u00e1s\u00e1val, k\u00f6zt\u00fck a Kov\u00e1cs Gy\u00f6rgy \u00edr\u00f3hoz int\u00e9zett levelek (1937\u201346) k\u00f6zz\u00e9t\u00e9tel\u00e9vel (Utunk, 1981\/17).- <strong>F. m.:<\/strong> K\u00f6zelk\u00e9pek: interj\u00fa h\u00fasz rom\u00e1niai magyar \u00edr\u00f3val (f\u00e9nyk\u00e9p Erd\u00e9lyi Lajos; Buk., 1974), szerk: Bal\u00e1zs Ferenc: Mes\u00e9k (ut\u00f3sz\u00f3: Buk., 1973); A marosv\u00e1s\u00e1rhelyi Kem\u00e9ny Zsigmond T\u00e1rsas\u00e1g levelesl\u00e1d\u00e1ja. 1876\u20131948. (Levelek, iratok, adatok. D\u00e1vid Gyula bevezet\u0151 tanulm\u00e1ny\u00e1val. 1973); A Helikon \u00e9s az Erd\u00e9lyi Sz\u00e9pm\u00edves C\u00e9h levelesl\u00e1d\u00e1ja. 1924\u20131944. I-II. (F\u00fcggel\u00e9kben a kiadv\u00e1nyok bibliogr\u00e1fi\u00e1ja Vita Zsigmondt\u00f3l. 1979); Tessitori N\u00f3ra m\u0171v\u00e9szete (cikkek, versek, eml\u00e9kez\u00e9sek, levelek a szerkeszt\u0151 bevezet\u00e9s\u00e9vel, 1986); Dsida Jen\u0151: S\u00e9ta egy csod\u00e1latos szigeten (D. J. leveleib\u0151l, pr\u00f3z\u00e1j\u00e1b\u00f3l, publicisztik\u00e1j\u00e1b\u00f3l v\u00e1logatta, a bevezet\u0151t \u00e9s jegyzeteket \u00edrta; Buk., 1992). rendezte a Sz\u00ednm\u0171v\u00e9szeti F\u0151iskol\u00e1n Moliere : K\u00e9nytelen h\u00e1zass\u00e1g (1954). <br \/><strong>Irod.:<\/strong> Domokos 1978; Elm\u00falt jelen; Erd\u00e9lyi L.2009, fot\u00f3 1971; K\u00e1ntor-K\u00f6t\u0151; Kort\u00e1rs M\u00cdKL; L\u00e1ng Guszt\u00e1v: H\u00e1romsz\u00e1z az \u00f6tezerb\u0151l: Molter K\u00e1roly levelez\u00e9se (Korunk, 1996.febr.), Nagy kutat\u00f3k; RMIL, S\u0151ni P\u00e1l; Egy v\u00e1ros \u00e9s \u00edr\u00f3i (Utunk, 1973\/22)<\/br><\/p>\n","protected":false},"excerpt":{"rendered":"<p>Mv., 1932. febr. 1. \u2020 ?: szerkeszt\u0151, \u00fajs\u00e1g\u00edr\u00f3. ~ Barna feles\u00e9ge. Sz\u00fcl\u0151v\u00e1ros\u00e1ban \u00e9retts\u00e9gizett (1950) \u00e9s v\u00e9gezte el a Szentgy\u00f6rgyi Istv\u00e1n Sz\u00ednm\u0171v\u00e9szeti F\u0151iskol\u00e1t (1954), ahol rendez\u0151i diplom\u00e1t szerzett. El\u0151bb a M\u0171vel\u0151d\u00e9s sz\u00ednh\u00e1zi (1954\u201359), majd h\u00e1rom \u00e9v megszak\u00edt\u00e1s ut\u00e1n az \u00daj \u00c9let (1962\u201375) m\u0171v\u00e9szeti rovatvezet\u0151je, A H\u00e9t szerkeszt\u0151je (1975\u201387). Els\u0151 \u00edr\u00e1s\u00e1t a M\u0171vel\u0151d\u00e9s k\u00f6z\u00f6lte (1953). Munk\u00e1ss\u00e1g\u00e1b\u00f3l kiemelkedik [&hellip;]<\/p>\n","protected":false},"featured_media":0,"comment_status":"open","ping_status":"closed","template":"","meta":[],"product_brand":[],"product_cat":[137],"product_tag":[],"class_list":{"0":"post-14719","1":"product","2":"type-product","3":"status-publish","5":"product_cat-maros-megyei-eletrajzi-lexikon","7":"first","8":"instock","9":"shipping-taxable","10":"product-type-simple"},"_links":{"self":[{"href":"https:\/\/uj.adatbank.ro\/lexikon\/wp-json\/wp\/v2\/product\/14719","targetHints":{"allow":["GET"]}}],"collection":[{"href":"https:\/\/uj.adatbank.ro\/lexikon\/wp-json\/wp\/v2\/product"}],"about":[{"href":"https:\/\/uj.adatbank.ro\/lexikon\/wp-json\/wp\/v2\/types\/product"}],"replies":[{"embeddable":true,"href":"https:\/\/uj.adatbank.ro\/lexikon\/wp-json\/wp\/v2\/comments?post=14719"}],"wp:attachment":[{"href":"https:\/\/uj.adatbank.ro\/lexikon\/wp-json\/wp\/v2\/media?parent=14719"}],"wp:term":[{"taxonomy":"product_brand","embeddable":true,"href":"https:\/\/uj.adatbank.ro\/lexikon\/wp-json\/wp\/v2\/product_brand?post=14719"},{"taxonomy":"product_cat","embeddable":true,"href":"https:\/\/uj.adatbank.ro\/lexikon\/wp-json\/wp\/v2\/product_cat?post=14719"},{"taxonomy":"product_tag","embeddable":true,"href":"https:\/\/uj.adatbank.ro\/lexikon\/wp-json\/wp\/v2\/product_tag?post=14719"}],"curies":[{"name":"wp","href":"https:\/\/api.w.org\/{rel}","templated":true}]}}