{"id":14722,"date":"2025-07-15T13:11:25","date_gmt":"2025-07-15T11:11:25","guid":{"rendered":"https:\/\/uj.adatbank.ro\/lexikon\/termek\/marosi-julianna\/"},"modified":"2025-07-15T13:11:25","modified_gmt":"2025-07-15T11:11:25","slug":"marosi-julianna","status":"publish","type":"product","link":"https:\/\/uj.adatbank.ro\/lexikon\/termek\/marosi-julianna\/","title":{"rendered":"MAROSI Juli\u00e1nna"},"content":{"rendered":"<p>Vulk\u00e1n, ? \u2020\u00a0?: tan\u00edt\u00f3. \u2013 Tanulm\u00e1nyait Nagyszebenben v\u00e9gezte, oklevelet szerzett (1940), azut\u00e1n Bordoson tan\u00edtott. <br \/><strong>Irod.:<\/strong><\/br><\/p>\n","protected":false},"excerpt":{"rendered":"<p>Vulk\u00e1n, ? \u2020\u00a0?: tan\u00edt\u00f3. \u2013 Tanulm\u00e1nyait Nagyszebenben v\u00e9gezte, oklevelet szerzett (1940), azut\u00e1n Bordoson tan\u00edtott. Irod.:<\/p>\n","protected":false},"featured_media":0,"comment_status":"open","ping_status":"closed","template":"","meta":[],"product_brand":[],"product_cat":[137],"product_tag":[],"class_list":{"0":"post-14722","1":"product","2":"type-product","3":"status-publish","5":"product_cat-maros-megyei-eletrajzi-lexikon","7":"first","8":"instock","9":"shipping-taxable","10":"product-type-simple"},"_links":{"self":[{"href":"https:\/\/uj.adatbank.ro\/lexikon\/wp-json\/wp\/v2\/product\/14722","targetHints":{"allow":["GET"]}}],"collection":[{"href":"https:\/\/uj.adatbank.ro\/lexikon\/wp-json\/wp\/v2\/product"}],"about":[{"href":"https:\/\/uj.adatbank.ro\/lexikon\/wp-json\/wp\/v2\/types\/product"}],"replies":[{"embeddable":true,"href":"https:\/\/uj.adatbank.ro\/lexikon\/wp-json\/wp\/v2\/comments?post=14722"}],"wp:attachment":[{"href":"https:\/\/uj.adatbank.ro\/lexikon\/wp-json\/wp\/v2\/media?parent=14722"}],"wp:term":[{"taxonomy":"product_brand","embeddable":true,"href":"https:\/\/uj.adatbank.ro\/lexikon\/wp-json\/wp\/v2\/product_brand?post=14722"},{"taxonomy":"product_cat","embeddable":true,"href":"https:\/\/uj.adatbank.ro\/lexikon\/wp-json\/wp\/v2\/product_cat?post=14722"},{"taxonomy":"product_tag","embeddable":true,"href":"https:\/\/uj.adatbank.ro\/lexikon\/wp-json\/wp\/v2\/product_tag?post=14722"}],"curies":[{"name":"wp","href":"https:\/\/api.w.org\/{rel}","templated":true}]}}