{"id":14723,"date":"2025-07-15T13:11:26","date_gmt":"2025-07-15T11:11:26","guid":{"rendered":"https:\/\/uj.adatbank.ro\/lexikon\/termek\/marosi-kalman-marosy-kalman\/"},"modified":"2025-07-15T13:11:26","modified_gmt":"2025-07-15T11:11:26","slug":"marosi-kalman-marosy-kalman","status":"publish","type":"product","link":"https:\/\/uj.adatbank.ro\/lexikon\/termek\/marosi-kalman-marosy-kalman\/","title":{"rendered":"MAROSI K\u00e1lm\u00e1n, Marosy K\u00e1lm\u00e1n"},"content":{"rendered":"<p>Mv., 1846.\u2020\u00a0Mv., 1905.: orvos. \u2013 Anyai \u00e1gon a molter csal\u00e1d \u0151se. A bp.-i egyetemen v\u00e9gzett (1872\/1873). A megnagy\u00edtott, 150 \u00e1gyas, kezel\u00e9si megtakar\u00edt\u00e1sokb\u00f3l \u00e9p\u00fclt, dr. Kn\u00f6pfler Vilmos vezet\u00e9se alatt l\u00e9v\u0151, Mv.-i Orsz\u00e1gos k\u00f3rh\u00e1z m\u00e1sodorvosa (1881\u2013), majd tiszteletbeli f\u0151orvos c.kapott (1902. m\u00e1rc. 8.), igazgat\u00f3jak\u00e9nt szorgalmazta a k\u00f3rh\u00e1zi oszt\u00e1lyok k\u00fcl\u00f6nv\u00e1l\u00e1s\u00e1t, ami csak Hints Elek igazgat\u00f3s\u00e1ga alatt val\u00f3sult meg.. <br \/><strong>Irod.:<\/strong> Bern\u00e1dy;.Kn\u00f6pfler Vilmos: A mv.-i orsz\u00e1gos k\u00f3rh\u00e1z alap\u00edt\u00e1s\u00e1nak \u00e9s fejl\u0151d\u00e9s\u00e9nek r\u00f6vid v\u00e1zlata (Mv, 1882); Kiss\u2013P\u00e9terffy\u2013P\u00e9terffy<\/br><\/p>\n","protected":false},"excerpt":{"rendered":"<p>Mv., 1846.\u2020\u00a0Mv., 1905.: orvos. \u2013 Anyai \u00e1gon a molter csal\u00e1d \u0151se. A bp.-i egyetemen v\u00e9gzett (1872\/1873). A megnagy\u00edtott, 150 \u00e1gyas, kezel\u00e9si megtakar\u00edt\u00e1sokb\u00f3l \u00e9p\u00fclt, dr. Kn\u00f6pfler Vilmos vezet\u00e9se alatt l\u00e9v\u0151, Mv.-i Orsz\u00e1gos k\u00f3rh\u00e1z m\u00e1sodorvosa (1881\u2013), majd tiszteletbeli f\u0151orvos c.kapott (1902. m\u00e1rc. 8.), igazgat\u00f3jak\u00e9nt szorgalmazta a k\u00f3rh\u00e1zi oszt\u00e1lyok k\u00fcl\u00f6nv\u00e1l\u00e1s\u00e1t, ami csak Hints Elek igazgat\u00f3s\u00e1ga alatt val\u00f3sult meg.. [&hellip;]<\/p>\n","protected":false},"featured_media":0,"comment_status":"open","ping_status":"closed","template":"","meta":[],"product_brand":[],"product_cat":[137],"product_tag":[],"class_list":{"0":"post-14723","1":"product","2":"type-product","3":"status-publish","5":"product_cat-maros-megyei-eletrajzi-lexikon","7":"first","8":"instock","9":"shipping-taxable","10":"product-type-simple"},"_links":{"self":[{"href":"https:\/\/uj.adatbank.ro\/lexikon\/wp-json\/wp\/v2\/product\/14723","targetHints":{"allow":["GET"]}}],"collection":[{"href":"https:\/\/uj.adatbank.ro\/lexikon\/wp-json\/wp\/v2\/product"}],"about":[{"href":"https:\/\/uj.adatbank.ro\/lexikon\/wp-json\/wp\/v2\/types\/product"}],"replies":[{"embeddable":true,"href":"https:\/\/uj.adatbank.ro\/lexikon\/wp-json\/wp\/v2\/comments?post=14723"}],"wp:attachment":[{"href":"https:\/\/uj.adatbank.ro\/lexikon\/wp-json\/wp\/v2\/media?parent=14723"}],"wp:term":[{"taxonomy":"product_brand","embeddable":true,"href":"https:\/\/uj.adatbank.ro\/lexikon\/wp-json\/wp\/v2\/product_brand?post=14723"},{"taxonomy":"product_cat","embeddable":true,"href":"https:\/\/uj.adatbank.ro\/lexikon\/wp-json\/wp\/v2\/product_cat?post=14723"},{"taxonomy":"product_tag","embeddable":true,"href":"https:\/\/uj.adatbank.ro\/lexikon\/wp-json\/wp\/v2\/product_tag?post=14723"}],"curies":[{"name":"wp","href":"https:\/\/api.w.org\/{rel}","templated":true}]}}