{"id":14728,"date":"2025-07-15T13:11:42","date_gmt":"2025-07-15T11:11:42","guid":{"rendered":"https:\/\/uj.adatbank.ro\/lexikon\/termek\/marosi-mihaly-3\/"},"modified":"2025-07-15T13:11:42","modified_gmt":"2025-07-15T11:11:42","slug":"marosi-mihaly-3","status":"publish","type":"product","link":"https:\/\/uj.adatbank.ro\/lexikon\/termek\/marosi-mihaly-3\/","title":{"rendered":"MAROSI Mih\u00e1ly"},"content":{"rendered":"<p>? \u2020\u00a0?: tan\u00e1r. \u2013 A mv.-i Ref. Koll. tan\u00e1ra, aki az Erd\u00e9lyi M. Nyelvm\u00edvel\u0151 T\u00e1rsas\u00e1g tagja. <br \/><strong>Irod.:<\/strong> Kozma B\u00e9la: Koll\u00e9giumunk \u00e9s az Erd\u00e9lyi Magyar Nyelvm\u00edvel\u0151 T\u00e1rsas\u00e1g (1.) (N\u00fa., 1993. aug. 4.)<\/br><\/p>\n","protected":false},"excerpt":{"rendered":"<p>? \u2020\u00a0?: tan\u00e1r. \u2013 A mv.-i Ref. Koll. tan\u00e1ra, aki az Erd\u00e9lyi M. Nyelvm\u00edvel\u0151 T\u00e1rsas\u00e1g tagja. Irod.: Kozma B\u00e9la: Koll\u00e9giumunk \u00e9s az Erd\u00e9lyi Magyar Nyelvm\u00edvel\u0151 T\u00e1rsas\u00e1g (1.) (N\u00fa., 1993. aug. 4.)<\/p>\n","protected":false},"featured_media":0,"comment_status":"open","ping_status":"closed","template":"","meta":[],"product_brand":[],"product_cat":[137],"product_tag":[],"class_list":{"0":"post-14728","1":"product","2":"type-product","3":"status-publish","5":"product_cat-maros-megyei-eletrajzi-lexikon","7":"first","8":"instock","9":"shipping-taxable","10":"product-type-simple"},"_links":{"self":[{"href":"https:\/\/uj.adatbank.ro\/lexikon\/wp-json\/wp\/v2\/product\/14728","targetHints":{"allow":["GET"]}}],"collection":[{"href":"https:\/\/uj.adatbank.ro\/lexikon\/wp-json\/wp\/v2\/product"}],"about":[{"href":"https:\/\/uj.adatbank.ro\/lexikon\/wp-json\/wp\/v2\/types\/product"}],"replies":[{"embeddable":true,"href":"https:\/\/uj.adatbank.ro\/lexikon\/wp-json\/wp\/v2\/comments?post=14728"}],"wp:attachment":[{"href":"https:\/\/uj.adatbank.ro\/lexikon\/wp-json\/wp\/v2\/media?parent=14728"}],"wp:term":[{"taxonomy":"product_brand","embeddable":true,"href":"https:\/\/uj.adatbank.ro\/lexikon\/wp-json\/wp\/v2\/product_brand?post=14728"},{"taxonomy":"product_cat","embeddable":true,"href":"https:\/\/uj.adatbank.ro\/lexikon\/wp-json\/wp\/v2\/product_cat?post=14728"},{"taxonomy":"product_tag","embeddable":true,"href":"https:\/\/uj.adatbank.ro\/lexikon\/wp-json\/wp\/v2\/product_tag?post=14728"}],"curies":[{"name":"wp","href":"https:\/\/api.w.org\/{rel}","templated":true}]}}