{"id":14729,"date":"2025-07-15T13:11:43","date_gmt":"2025-07-15T11:11:43","guid":{"rendered":"https:\/\/uj.adatbank.ro\/lexikon\/termek\/marosi-odon\/"},"modified":"2025-07-15T13:11:43","modified_gmt":"2025-07-15T11:11:43","slug":"marosi-odon","status":"publish","type":"product","link":"https:\/\/uj.adatbank.ro\/lexikon\/termek\/marosi-odon\/","title":{"rendered":"MAROSI \u00d6d\u00f6n"},"content":{"rendered":"<p>1855. szept. 14., \u2020\u00a01922. febr. 19.: keresked\u0151, f\u00f6ldbirtokos, v\u00e1rosi tan\u00e1csos, a t\u00f6rv\u00e9nyhat\u00f3s\u00e1gi bizotts\u00e1g tagja. Apja fizette ki mag\u00e1np\u00e9nzt\u00e1r\u00e1b\u00f3l Mv. harmadik hadisarc\u00e1t az oroszoknak (1849. aug.). Molter K\u00e1roly ap\u00f3sa. Le\u00e1nya, Zs\u00f3fika lett a vagyon\u00e1nak \u00f6r\u00f6k\u00f6se. Az I. vh. ut\u00e1n a f\u00f6ldbirtokait kisaj\u00e1ti\u00edtott\u00e1k. <br \/><strong>Irod.:<\/strong> Dorn, Alexander\u00a0: Die Protokollirten Firmen \u00d6sterreich-Ungarn&#8230; (Wien, 1892); Molter 1.<\/br><\/p>\n","protected":false},"excerpt":{"rendered":"<p>1855. szept. 14., \u2020\u00a01922. febr. 19.: keresked\u0151, f\u00f6ldbirtokos, v\u00e1rosi tan\u00e1csos, a t\u00f6rv\u00e9nyhat\u00f3s\u00e1gi bizotts\u00e1g tagja. Apja fizette ki mag\u00e1np\u00e9nzt\u00e1r\u00e1b\u00f3l Mv. harmadik hadisarc\u00e1t az oroszoknak (1849. aug.). Molter K\u00e1roly ap\u00f3sa. Le\u00e1nya, Zs\u00f3fika lett a vagyon\u00e1nak \u00f6r\u00f6k\u00f6se. Az I. vh. ut\u00e1n a f\u00f6ldbirtokait kisaj\u00e1ti\u00edtott\u00e1k. Irod.: Dorn, Alexander\u00a0: Die Protokollirten Firmen \u00d6sterreich-Ungarn&#8230; (Wien, 1892); Molter 1.<\/p>\n","protected":false},"featured_media":0,"comment_status":"open","ping_status":"closed","template":"","meta":[],"product_brand":[],"product_cat":[137],"product_tag":[],"class_list":{"0":"post-14729","1":"product","2":"type-product","3":"status-publish","5":"product_cat-maros-megyei-eletrajzi-lexikon","7":"first","8":"instock","9":"shipping-taxable","10":"product-type-simple"},"_links":{"self":[{"href":"https:\/\/uj.adatbank.ro\/lexikon\/wp-json\/wp\/v2\/product\/14729","targetHints":{"allow":["GET"]}}],"collection":[{"href":"https:\/\/uj.adatbank.ro\/lexikon\/wp-json\/wp\/v2\/product"}],"about":[{"href":"https:\/\/uj.adatbank.ro\/lexikon\/wp-json\/wp\/v2\/types\/product"}],"replies":[{"embeddable":true,"href":"https:\/\/uj.adatbank.ro\/lexikon\/wp-json\/wp\/v2\/comments?post=14729"}],"wp:attachment":[{"href":"https:\/\/uj.adatbank.ro\/lexikon\/wp-json\/wp\/v2\/media?parent=14729"}],"wp:term":[{"taxonomy":"product_brand","embeddable":true,"href":"https:\/\/uj.adatbank.ro\/lexikon\/wp-json\/wp\/v2\/product_brand?post=14729"},{"taxonomy":"product_cat","embeddable":true,"href":"https:\/\/uj.adatbank.ro\/lexikon\/wp-json\/wp\/v2\/product_cat?post=14729"},{"taxonomy":"product_tag","embeddable":true,"href":"https:\/\/uj.adatbank.ro\/lexikon\/wp-json\/wp\/v2\/product_tag?post=14729"}],"curies":[{"name":"wp","href":"https:\/\/api.w.org\/{rel}","templated":true}]}}