{"id":14731,"date":"2025-07-15T13:11:48","date_gmt":"2025-07-15T11:11:48","guid":{"rendered":"https:\/\/uj.adatbank.ro\/lexikon\/termek\/marosi-pal-molter-1943-ig\/"},"modified":"2025-07-15T13:11:48","modified_gmt":"2025-07-15T11:11:48","slug":"marosi-pal-molter-1943-ig","status":"publish","type":"product","link":"https:\/\/uj.adatbank.ro\/lexikon\/termek\/marosi-pal-molter-1943-ig\/","title":{"rendered":"MAROSI P\u00e1l, Molter (1943-ig)"},"content":{"rendered":"<p>Mv., 1925. aug. 11., \u2020 Kv., 1989. m\u00e1j. 10. : tan\u00e1r, f\u00f6ldtani szak\u00edr\u00f3. \u2013 Molter K\u00e1roly fia. Sz\u00fcl\u0151v\u00e1rosa Ref. Koll.-ban \u00e9retts\u00e9gizett (1944), a BTE Term\u00e9szetrajzi Kar\u00e1n v\u00e9gezte az egyetemet, majd a buk.-i Parhon Egyetemen \u00e1llamvizsg\u00e1zott. (1949) \u00e9s a moszkvai Lomonoszov Egyetem Geol\u00f3gia Kar\u00e1n doktor\u00e1tust szerzett (1952). Gyakornok, majd el\u0151ad\u00f3tan\u00e1r a BTE-en (1953\u2013). Els\u0151 \u00edr\u00e1sa Moszkv\u00e1ban oroszul jelent meg (1954), Geol\u00f3giai \u00e9s hidrol\u00f3giai szakdolgozatait a Studia Universitatis Babe\u015f-Bolyai f\u00f6ldtani \u00e9s f\u00f6ldrajzi sorozata s a Studii Tehnice \u015fi Economice k\u00f6z\u00f6lte, ezekben t\u00f6bbek k\u00f6zt a maros\u00fajv\u00e1ri s\u00f3stavak eredet\u00e9r\u0151l, a Hunyadi Medence geol\u00f3giai szerkezet\u00e9r\u0151l \u00e9s m\u00e9lyvizeir\u0151l, Kv., k\u00f6rny\u00e9k\u00e9nek v\u00edzad\u00f3 szintjeir\u0151l \u00e9rtekezett. Munk\u00e1ss\u00e1g\u00e1nak elm\u00e9leti eredm\u00e9nyek\u00e9nt \u00e9rt\u00e9kelhet\u0151 a s\u00edks\u00e1g-peremi hegyl\u00e1bi \u00fcled\u00e9kes form\u00e1ci\u00f3k f\u00f6ldalatti vizei zonalit\u00e1s\u00e1nak \u00e9s mineraliz\u00e1ci\u00f3juk eredet\u00e9nek, pontosabban e k\u00e9rd\u00e9sek t\u00f6rv\u00e9nyszer\u0171s\u00e9geinek \u00e1ltal\u00e1nos \u00e9s helyi tiszt\u00e1z\u00e1sa. Ismeretterjeszt\u0151 \u00edr\u00e1saival a Korunk, A H\u00e9t, El\u0151re, Igazs\u00e1g has\u00e1bjain jelentkezett. A term\u00e9szet vil\u00e1ga \u00e9rdekelte mindig. Sportolt , j\u00f3 kos\u00e1rlabda j\u00e1t\u00e9kos volt Geol\u00f3giai \u00e9s hidrol\u00f3giai szakdolgozatai a Studia Universitatis Babe\u015f-Bolyai f\u00f6ldtani \u00e1s f\u00f6ldrajzi sorozata, Studii Tehnice \u015fi Economice-ben, ismeretterjeszt\u0151 \u00edr\u00e1sai a Korunk, A H\u00e9t, El\u0151re, Igazs\u00e1gban. \u2013 <strong>F. m.:<\/strong> A Review of the Evolution of Theories on the Origin of Loess (Strondsburg, 1975); Pe poteci cu b\u0103nu\u0163ei de piatr\u0103: Ghid geologic al zonei Cluj. (Buc., 1976); Hidrogeologie. 1\u20132. k. (Kv., 1981\u201381); <strong>t\u00e1rssz.:<\/strong> Hidrogeologie (Preda, I.-vel; Buc., 1971); Geografia apelor Rom\u00e2niei (Buc., 1972); szerk. : Rom\u00e1nia \u00e1sv\u00e1nyvizei (1978.); \u00c1sv\u00e1nygy\u0171jt\u0151k k\u00f6nyve: Kiskalauz, (Buk., 1981). \u2013 Irod. : Clujeni ai secolului 20; Molter 1.; [Nekrol\u00f3g] (V. Z., 1989. m\u00e1j. 12.); RMIL; Rost\u00e1s: Egy l\u00f6sz-tanulm\u00e1ny \u00e1tv\u00e1ltoz\u00e1sai (1984)<\/br><\/p>\n","protected":false},"excerpt":{"rendered":"<p>Mv., 1925. aug. 11., \u2020 Kv., 1989. m\u00e1j. 10. : tan\u00e1r, f\u00f6ldtani szak\u00edr\u00f3. \u2013 Molter K\u00e1roly fia. Sz\u00fcl\u0151v\u00e1rosa Ref. Koll.-ban \u00e9retts\u00e9gizett (1944), a BTE Term\u00e9szetrajzi Kar\u00e1n v\u00e9gezte az egyetemet, majd a buk.-i Parhon Egyetemen \u00e1llamvizsg\u00e1zott. (1949) \u00e9s a moszkvai Lomonoszov Egyetem Geol\u00f3gia Kar\u00e1n doktor\u00e1tust szerzett (1952). Gyakornok, majd el\u0151ad\u00f3tan\u00e1r a BTE-en (1953\u2013). Els\u0151 \u00edr\u00e1sa Moszkv\u00e1ban [&hellip;]<\/p>\n","protected":false},"featured_media":0,"comment_status":"open","ping_status":"closed","template":"","meta":[],"product_brand":[],"product_cat":[137],"product_tag":[],"class_list":{"0":"post-14731","1":"product","2":"type-product","3":"status-publish","5":"product_cat-maros-megyei-eletrajzi-lexikon","7":"first","8":"instock","9":"shipping-taxable","10":"product-type-simple"},"_links":{"self":[{"href":"https:\/\/uj.adatbank.ro\/lexikon\/wp-json\/wp\/v2\/product\/14731","targetHints":{"allow":["GET"]}}],"collection":[{"href":"https:\/\/uj.adatbank.ro\/lexikon\/wp-json\/wp\/v2\/product"}],"about":[{"href":"https:\/\/uj.adatbank.ro\/lexikon\/wp-json\/wp\/v2\/types\/product"}],"replies":[{"embeddable":true,"href":"https:\/\/uj.adatbank.ro\/lexikon\/wp-json\/wp\/v2\/comments?post=14731"}],"wp:attachment":[{"href":"https:\/\/uj.adatbank.ro\/lexikon\/wp-json\/wp\/v2\/media?parent=14731"}],"wp:term":[{"taxonomy":"product_brand","embeddable":true,"href":"https:\/\/uj.adatbank.ro\/lexikon\/wp-json\/wp\/v2\/product_brand?post=14731"},{"taxonomy":"product_cat","embeddable":true,"href":"https:\/\/uj.adatbank.ro\/lexikon\/wp-json\/wp\/v2\/product_cat?post=14731"},{"taxonomy":"product_tag","embeddable":true,"href":"https:\/\/uj.adatbank.ro\/lexikon\/wp-json\/wp\/v2\/product_tag?post=14731"}],"curies":[{"name":"wp","href":"https:\/\/api.w.org\/{rel}","templated":true}]}}