{"id":14737,"date":"2025-07-15T13:11:59","date_gmt":"2025-07-15T11:11:59","guid":{"rendered":"https:\/\/uj.adatbank.ro\/lexikon\/termek\/marossi-kalman\/"},"modified":"2025-07-15T13:11:59","modified_gmt":"2025-07-15T11:11:59","slug":"marossi-kalman","status":"publish","type":"product","link":"https:\/\/uj.adatbank.ro\/lexikon\/termek\/marossi-kalman\/","title":{"rendered":"MAROSSI K\u00e1lm\u00e1n"},"content":{"rendered":"<p>1846., \u2020\u00a01905.: orvos. \u2013 Feles\u00e9ge: Sinkovits Katalin (1860 \u2013 Mv., 1911. m\u00e1rc. 27.). Gyermekeik: Dr. M. B\u00e9la; M. Olga Melha Waldem\u00e1rn\u00e9; M Erz\u00e9bet M\u00e1rton Zsigmondn\u00e9; M. Ir\u00e9n. A Molter csal\u00e1d \u0151se anyai \u00e1gon.- A Szentgy\u00f6rgy utcai k\u00f3rh\u00e1z igazgat\u00f3ja.-<br \/><strong>Irod.:<\/strong> Gy\u00e1szjelent\u0151; Kiss- P\u00e1lmay J\u00f3zsef; Kiss\u2013P\u00e9terffy\u2013P\u00e9terffy; P\u00e1lmay J\u00f3zsef<\/br><\/p>\n","protected":false},"excerpt":{"rendered":"<p>1846., \u2020\u00a01905.: orvos. \u2013 Feles\u00e9ge: Sinkovits Katalin (1860 \u2013 Mv., 1911. m\u00e1rc. 27.). Gyermekeik: Dr. M. B\u00e9la; M. Olga Melha Waldem\u00e1rn\u00e9; M Erz\u00e9bet M\u00e1rton Zsigmondn\u00e9; M. Ir\u00e9n. A Molter csal\u00e1d \u0151se anyai \u00e1gon.- A Szentgy\u00f6rgy utcai k\u00f3rh\u00e1z igazgat\u00f3ja.-Irod.: Gy\u00e1szjelent\u0151; Kiss- P\u00e1lmay J\u00f3zsef; Kiss\u2013P\u00e9terffy\u2013P\u00e9terffy; P\u00e1lmay J\u00f3zsef<\/p>\n","protected":false},"featured_media":0,"comment_status":"open","ping_status":"closed","template":"","meta":[],"product_brand":[],"product_cat":[137],"product_tag":[],"class_list":{"0":"post-14737","1":"product","2":"type-product","3":"status-publish","5":"product_cat-maros-megyei-eletrajzi-lexikon","7":"first","8":"instock","9":"shipping-taxable","10":"product-type-simple"},"_links":{"self":[{"href":"https:\/\/uj.adatbank.ro\/lexikon\/wp-json\/wp\/v2\/product\/14737","targetHints":{"allow":["GET"]}}],"collection":[{"href":"https:\/\/uj.adatbank.ro\/lexikon\/wp-json\/wp\/v2\/product"}],"about":[{"href":"https:\/\/uj.adatbank.ro\/lexikon\/wp-json\/wp\/v2\/types\/product"}],"replies":[{"embeddable":true,"href":"https:\/\/uj.adatbank.ro\/lexikon\/wp-json\/wp\/v2\/comments?post=14737"}],"wp:attachment":[{"href":"https:\/\/uj.adatbank.ro\/lexikon\/wp-json\/wp\/v2\/media?parent=14737"}],"wp:term":[{"taxonomy":"product_brand","embeddable":true,"href":"https:\/\/uj.adatbank.ro\/lexikon\/wp-json\/wp\/v2\/product_brand?post=14737"},{"taxonomy":"product_cat","embeddable":true,"href":"https:\/\/uj.adatbank.ro\/lexikon\/wp-json\/wp\/v2\/product_cat?post=14737"},{"taxonomy":"product_tag","embeddable":true,"href":"https:\/\/uj.adatbank.ro\/lexikon\/wp-json\/wp\/v2\/product_tag?post=14737"}],"curies":[{"name":"wp","href":"https:\/\/api.w.org\/{rel}","templated":true}]}}