{"id":14739,"date":"2025-07-15T13:12:02","date_gmt":"2025-07-15T11:12:02","guid":{"rendered":"https:\/\/uj.adatbank.ro\/lexikon\/termek\/marossi-odon\/"},"modified":"2025-07-15T13:12:02","modified_gmt":"2025-07-15T11:12:02","slug":"marossi-odon","status":"publish","type":"product","link":"https:\/\/uj.adatbank.ro\/lexikon\/termek\/marossi-odon\/","title":{"rendered":"MAROSSI \u00d6d\u00f6n"},"content":{"rendered":"<p>1856.\u00a0? \u2020 Mv., 1922. febr. 19.:. \u2013 Testv\u00e9rei: M. R\u00f3za Kov\u00e1cs K\u00e1rolyn\u00e9; M. Lotti. Feles\u00e9ge: Wagner Hermin. Gyermekeik: M. Zs\u00f3fia, Molter K\u00e1rolyn\u00e9; Fekete Margit, Fekete Hermin \/ Miczi dr. Csorba S\u00e1ndorn\u00e9; M. K\u00e1lm\u00e1n, egyetemi gy\u00f3gyszer\u00e9sz-joghallgat\u00f3 (1889 \u2013 Mv., 1911. febr. 5.); <br \/><strong>Irod.:<\/strong> Gy\u00e1szjelent\u0151<\/br><\/p>\n","protected":false},"excerpt":{"rendered":"<p>1856.\u00a0? \u2020 Mv., 1922. febr. 19.:. \u2013 Testv\u00e9rei: M. R\u00f3za Kov\u00e1cs K\u00e1rolyn\u00e9; M. Lotti. Feles\u00e9ge: Wagner Hermin. Gyermekeik: M. Zs\u00f3fia, Molter K\u00e1rolyn\u00e9; Fekete Margit, Fekete Hermin \/ Miczi dr. Csorba S\u00e1ndorn\u00e9; M. K\u00e1lm\u00e1n, egyetemi gy\u00f3gyszer\u00e9sz-joghallgat\u00f3 (1889 \u2013 Mv., 1911. febr. 5.); Irod.: Gy\u00e1szjelent\u0151<\/p>\n","protected":false},"featured_media":0,"comment_status":"open","ping_status":"closed","template":"","meta":[],"product_brand":[],"product_cat":[137],"product_tag":[],"class_list":{"0":"post-14739","1":"product","2":"type-product","3":"status-publish","5":"product_cat-maros-megyei-eletrajzi-lexikon","7":"first","8":"instock","9":"shipping-taxable","10":"product-type-simple"},"_links":{"self":[{"href":"https:\/\/uj.adatbank.ro\/lexikon\/wp-json\/wp\/v2\/product\/14739","targetHints":{"allow":["GET"]}}],"collection":[{"href":"https:\/\/uj.adatbank.ro\/lexikon\/wp-json\/wp\/v2\/product"}],"about":[{"href":"https:\/\/uj.adatbank.ro\/lexikon\/wp-json\/wp\/v2\/types\/product"}],"replies":[{"embeddable":true,"href":"https:\/\/uj.adatbank.ro\/lexikon\/wp-json\/wp\/v2\/comments?post=14739"}],"wp:attachment":[{"href":"https:\/\/uj.adatbank.ro\/lexikon\/wp-json\/wp\/v2\/media?parent=14739"}],"wp:term":[{"taxonomy":"product_brand","embeddable":true,"href":"https:\/\/uj.adatbank.ro\/lexikon\/wp-json\/wp\/v2\/product_brand?post=14739"},{"taxonomy":"product_cat","embeddable":true,"href":"https:\/\/uj.adatbank.ro\/lexikon\/wp-json\/wp\/v2\/product_cat?post=14739"},{"taxonomy":"product_tag","embeddable":true,"href":"https:\/\/uj.adatbank.ro\/lexikon\/wp-json\/wp\/v2\/product_tag?post=14739"}],"curies":[{"name":"wp","href":"https:\/\/api.w.org\/{rel}","templated":true}]}}