{"id":14740,"date":"2025-07-15T13:12:04","date_gmt":"2025-07-15T11:12:04","guid":{"rendered":"https:\/\/uj.adatbank.ro\/lexikon\/termek\/marossy-geza\/"},"modified":"2025-07-15T13:12:04","modified_gmt":"2025-07-15T11:12:04","slug":"marossy-geza","status":"publish","type":"product","link":"https:\/\/uj.adatbank.ro\/lexikon\/termek\/marossy-geza\/","title":{"rendered":"MAROSSY G\u00e9za"},"content":{"rendered":"<p>Mv., 1877. dec. 8., \u2020 ?: sz\u00edn\u00e9sz. \u2013 Kv-on v\u00e9gezte k\u00f6z\u00e9piskolai tanulm\u00e1nyait. Sz\u00edn\u00e9sz lett (1865\u2013), a Magyar Sz\u00ednh\u00e1zban, a Feld \u2013sz\u00ednh\u00e1zban, k\u00fcl\u00f6nb\u00f6z\u0151 vid\u00e9ki t\u00e1rsulatokban j\u00e1tszott. Versei vid\u00e9ki lapokban jrelentek meg. <strong>F. m.:<\/strong> T\u00f6r\u0151 Anna (n\u00e9psz\u00ednm\u0171); \u00daj bor (par\u00f3dia). <br \/><strong>Irod.:<\/strong> Sch\u00f6pflin<\/br><\/p>\n","protected":false},"excerpt":{"rendered":"<p>Mv., 1877. dec. 8., \u2020 ?: sz\u00edn\u00e9sz. \u2013 Kv-on v\u00e9gezte k\u00f6z\u00e9piskolai tanulm\u00e1nyait. Sz\u00edn\u00e9sz lett (1865\u2013), a Magyar Sz\u00ednh\u00e1zban, a Feld \u2013sz\u00ednh\u00e1zban, k\u00fcl\u00f6nb\u00f6z\u0151 vid\u00e9ki t\u00e1rsulatokban j\u00e1tszott. Versei vid\u00e9ki lapokban jrelentek meg. F. m.: T\u00f6r\u0151 Anna (n\u00e9psz\u00ednm\u0171); \u00daj bor (par\u00f3dia). Irod.: Sch\u00f6pflin<\/p>\n","protected":false},"featured_media":0,"comment_status":"open","ping_status":"closed","template":"","meta":[],"product_brand":[],"product_cat":[137],"product_tag":[],"class_list":{"0":"post-14740","1":"product","2":"type-product","3":"status-publish","5":"product_cat-maros-megyei-eletrajzi-lexikon","7":"first","8":"instock","9":"shipping-taxable","10":"product-type-simple"},"_links":{"self":[{"href":"https:\/\/uj.adatbank.ro\/lexikon\/wp-json\/wp\/v2\/product\/14740","targetHints":{"allow":["GET"]}}],"collection":[{"href":"https:\/\/uj.adatbank.ro\/lexikon\/wp-json\/wp\/v2\/product"}],"about":[{"href":"https:\/\/uj.adatbank.ro\/lexikon\/wp-json\/wp\/v2\/types\/product"}],"replies":[{"embeddable":true,"href":"https:\/\/uj.adatbank.ro\/lexikon\/wp-json\/wp\/v2\/comments?post=14740"}],"wp:attachment":[{"href":"https:\/\/uj.adatbank.ro\/lexikon\/wp-json\/wp\/v2\/media?parent=14740"}],"wp:term":[{"taxonomy":"product_brand","embeddable":true,"href":"https:\/\/uj.adatbank.ro\/lexikon\/wp-json\/wp\/v2\/product_brand?post=14740"},{"taxonomy":"product_cat","embeddable":true,"href":"https:\/\/uj.adatbank.ro\/lexikon\/wp-json\/wp\/v2\/product_cat?post=14740"},{"taxonomy":"product_tag","embeddable":true,"href":"https:\/\/uj.adatbank.ro\/lexikon\/wp-json\/wp\/v2\/product_tag?post=14740"}],"curies":[{"name":"wp","href":"https:\/\/api.w.org\/{rel}","templated":true}]}}