{"id":14741,"date":"2025-07-15T13:12:07","date_gmt":"2025-07-15T11:12:07","guid":{"rendered":"https:\/\/uj.adatbank.ro\/lexikon\/termek\/marossy-jozsef\/"},"modified":"2025-07-15T13:12:07","modified_gmt":"2025-07-15T11:12:07","slug":"marossy-jozsef","status":"publish","type":"product","link":"https:\/\/uj.adatbank.ro\/lexikon\/termek\/marossy-jozsef\/","title":{"rendered":"MAROSSY J\u00f3zsef"},"content":{"rendered":"<p>Kad\u00e1cs, 1912., \u2020\u00a0?: tan\u00edt\u00f3. \u2013 Tanulm\u00e1nyait Kv.-on \u00e9s Nagyenyeden v\u00e9gezte, Tan\u00edtani kezdett (1936), igazgat\u00f3 tan\u00edt\u00f3 Rav\u00e1ban (1938\u201348). A Hangya Sz\u00f6vetkezet k\u00f6nyvel\u0151je, leventeoktat\u00f3, minden kultur\u00e1lis int\u00e9zm\u00e9ny m\u0171k\u00f6d\u00e9s\u00e9ben r\u00e9szt vett. <br \/><strong>Irod.:<\/strong> Rava; Sz\u00e9kelyf\u00f6ld \u00ed.k.<\/br><\/p>\n","protected":false},"excerpt":{"rendered":"<p>Kad\u00e1cs, 1912., \u2020\u00a0?: tan\u00edt\u00f3. \u2013 Tanulm\u00e1nyait Kv.-on \u00e9s Nagyenyeden v\u00e9gezte, Tan\u00edtani kezdett (1936), igazgat\u00f3 tan\u00edt\u00f3 Rav\u00e1ban (1938\u201348). A Hangya Sz\u00f6vetkezet k\u00f6nyvel\u0151je, leventeoktat\u00f3, minden kultur\u00e1lis int\u00e9zm\u00e9ny m\u0171k\u00f6d\u00e9s\u00e9ben r\u00e9szt vett. Irod.: Rava; Sz\u00e9kelyf\u00f6ld \u00ed.k.<\/p>\n","protected":false},"featured_media":0,"comment_status":"open","ping_status":"closed","template":"","meta":[],"product_brand":[],"product_cat":[137],"product_tag":[],"class_list":{"0":"post-14741","1":"product","2":"type-product","3":"status-publish","5":"product_cat-maros-megyei-eletrajzi-lexikon","7":"first","8":"instock","9":"shipping-taxable","10":"product-type-simple"},"_links":{"self":[{"href":"https:\/\/uj.adatbank.ro\/lexikon\/wp-json\/wp\/v2\/product\/14741","targetHints":{"allow":["GET"]}}],"collection":[{"href":"https:\/\/uj.adatbank.ro\/lexikon\/wp-json\/wp\/v2\/product"}],"about":[{"href":"https:\/\/uj.adatbank.ro\/lexikon\/wp-json\/wp\/v2\/types\/product"}],"replies":[{"embeddable":true,"href":"https:\/\/uj.adatbank.ro\/lexikon\/wp-json\/wp\/v2\/comments?post=14741"}],"wp:attachment":[{"href":"https:\/\/uj.adatbank.ro\/lexikon\/wp-json\/wp\/v2\/media?parent=14741"}],"wp:term":[{"taxonomy":"product_brand","embeddable":true,"href":"https:\/\/uj.adatbank.ro\/lexikon\/wp-json\/wp\/v2\/product_brand?post=14741"},{"taxonomy":"product_cat","embeddable":true,"href":"https:\/\/uj.adatbank.ro\/lexikon\/wp-json\/wp\/v2\/product_cat?post=14741"},{"taxonomy":"product_tag","embeddable":true,"href":"https:\/\/uj.adatbank.ro\/lexikon\/wp-json\/wp\/v2\/product_tag?post=14741"}],"curies":[{"name":"wp","href":"https:\/\/api.w.org\/{rel}","templated":true}]}}