{"id":14742,"date":"2025-07-15T13:12:09","date_gmt":"2025-07-15T11:12:09","guid":{"rendered":"https:\/\/uj.adatbank.ro\/lexikon\/termek\/marossy-mihaly-nagyvajdafalvi\/"},"modified":"2025-07-15T13:12:09","modified_gmt":"2025-07-15T11:12:09","slug":"marossy-mihaly-nagyvajdafalvi","status":"publish","type":"product","link":"https:\/\/uj.adatbank.ro\/lexikon\/termek\/marossy-mihaly-nagyvajdafalvi\/","title":{"rendered":"MAROSSY Mih\u00e1ly, nagyvajdafalvi"},"content":{"rendered":"<p>Csittszentiv\u00e1ny, 1893., \u2020\u00a0?: gazd\u00e1lkod\u00f3. \u2013 K\u00f6z\u00e9piskol\u00e1t v\u00e9gzett Mv.-en, majd a csal\u00e1di birtok vezet\u00e9s\u00e9\u00e9rt hagyta abba tanulm\u00e1nyait \u00e9s gazd\u00e1lkodott Csittszent-iv\u00e1nyon. Az els\u0151 vh.-ban a 23. t\u00e9b. Vad\u00e1sz z\u00e1szl\u00f3aljban a szerb \u00e9s olasz fronton harcolt, k\u00e9tszer sebes\u00fclt meg, mint szakaszvezet\u0151 szerelt le a bronz vit. \u00e9rem \u00e9s a K\u00e1roly Csapatkereszt kit\u00fcntet\u00e9ssel. A Gazdak\u00f6r \u00e9s a Sz\u00f6vetkezet vezet\u0151s\u00e9gi tagja, a k\u00f6zs\u00e9g p\u00e9nzt\u00e1rosa volt. <br \/><strong>Irod.:<\/strong> Sz\u00e9kelyf\u00f6ld \u00ed.k.<\/br><\/p>\n","protected":false},"excerpt":{"rendered":"<p>Csittszentiv\u00e1ny, 1893., \u2020\u00a0?: gazd\u00e1lkod\u00f3. \u2013 K\u00f6z\u00e9piskol\u00e1t v\u00e9gzett Mv.-en, majd a csal\u00e1di birtok vezet\u00e9s\u00e9\u00e9rt hagyta abba tanulm\u00e1nyait \u00e9s gazd\u00e1lkodott Csittszent-iv\u00e1nyon. Az els\u0151 vh.-ban a 23. t\u00e9b. Vad\u00e1sz z\u00e1szl\u00f3aljban a szerb \u00e9s olasz fronton harcolt, k\u00e9tszer sebes\u00fclt meg, mint szakaszvezet\u0151 szerelt le a bronz vit. \u00e9rem \u00e9s a K\u00e1roly Csapatkereszt kit\u00fcntet\u00e9ssel. A Gazdak\u00f6r \u00e9s a Sz\u00f6vetkezet vezet\u0151s\u00e9gi [&hellip;]<\/p>\n","protected":false},"featured_media":0,"comment_status":"open","ping_status":"closed","template":"","meta":[],"product_brand":[],"product_cat":[137],"product_tag":[],"class_list":{"0":"post-14742","1":"product","2":"type-product","3":"status-publish","5":"product_cat-maros-megyei-eletrajzi-lexikon","7":"first","8":"instock","9":"shipping-taxable","10":"product-type-simple"},"_links":{"self":[{"href":"https:\/\/uj.adatbank.ro\/lexikon\/wp-json\/wp\/v2\/product\/14742","targetHints":{"allow":["GET"]}}],"collection":[{"href":"https:\/\/uj.adatbank.ro\/lexikon\/wp-json\/wp\/v2\/product"}],"about":[{"href":"https:\/\/uj.adatbank.ro\/lexikon\/wp-json\/wp\/v2\/types\/product"}],"replies":[{"embeddable":true,"href":"https:\/\/uj.adatbank.ro\/lexikon\/wp-json\/wp\/v2\/comments?post=14742"}],"wp:attachment":[{"href":"https:\/\/uj.adatbank.ro\/lexikon\/wp-json\/wp\/v2\/media?parent=14742"}],"wp:term":[{"taxonomy":"product_brand","embeddable":true,"href":"https:\/\/uj.adatbank.ro\/lexikon\/wp-json\/wp\/v2\/product_brand?post=14742"},{"taxonomy":"product_cat","embeddable":true,"href":"https:\/\/uj.adatbank.ro\/lexikon\/wp-json\/wp\/v2\/product_cat?post=14742"},{"taxonomy":"product_tag","embeddable":true,"href":"https:\/\/uj.adatbank.ro\/lexikon\/wp-json\/wp\/v2\/product_tag?post=14742"}],"curies":[{"name":"wp","href":"https:\/\/api.w.org\/{rel}","templated":true}]}}