{"id":14744,"date":"2025-07-15T13:12:12","date_gmt":"2025-07-15T11:12:12","guid":{"rendered":"https:\/\/uj.adatbank.ro\/lexikon\/termek\/marosvasarhelyi-andras-vasarhelyi-andras-marosvasarhelyi\/"},"modified":"2025-07-15T13:12:12","modified_gmt":"2025-07-15T11:12:12","slug":"marosvasarhelyi-andras-vasarhelyi-andras-marosvasarhelyi","status":"publish","type":"product","link":"https:\/\/uj.adatbank.ro\/lexikon\/termek\/marosvasarhelyi-andras-vasarhelyi-andras-marosvasarhelyi\/","title":{"rendered":"MAROSV\u00c1S\u00c1RHELYI Andr\u00e1s, V\u00e1s\u00e1rhelyi Andr\u00e1s, marosv\u00e1s\u00e1rhelyi"},"content":{"rendered":"<p>?, \u2020\u00a0Marosv\u00e9cs, 1749. m\u00e1rc. 23.: ref. lelk\u00e9sz. \u2013 Nagyenyeden subscrib\u00e1lt (1709). K\u00fclf\u00f6ld\u00f6n peregrin\u00e1lt. Huszton volt rektor. Lelk\u00e9sz Disznaj\u00f3n (1719\u201332; 1742\u201345), Magyarr\u00e9genben (1741\u201342), Marosv\u00e9csen (1737\u201341; \u00e9s hal\u00e1l\u00e1ig 1746\u201349). Not\u00e1rius (1738\u201349. m\u00e1rc. 23.). <br \/><strong>Irod.:<\/strong> B\u00f6jthe Andor; \u0150sz<\/br><\/p>\n","protected":false},"excerpt":{"rendered":"<p>?, \u2020\u00a0Marosv\u00e9cs, 1749. m\u00e1rc. 23.: ref. lelk\u00e9sz. \u2013 Nagyenyeden subscrib\u00e1lt (1709). K\u00fclf\u00f6ld\u00f6n peregrin\u00e1lt. Huszton volt rektor. Lelk\u00e9sz Disznaj\u00f3n (1719\u201332; 1742\u201345), Magyarr\u00e9genben (1741\u201342), Marosv\u00e9csen (1737\u201341; \u00e9s hal\u00e1l\u00e1ig 1746\u201349). Not\u00e1rius (1738\u201349. m\u00e1rc. 23.). Irod.: B\u00f6jthe Andor; \u0150sz<\/p>\n","protected":false},"featured_media":0,"comment_status":"open","ping_status":"closed","template":"","meta":[],"product_brand":[],"product_cat":[137],"product_tag":[],"class_list":{"0":"post-14744","1":"product","2":"type-product","3":"status-publish","5":"product_cat-maros-megyei-eletrajzi-lexikon","7":"first","8":"instock","9":"shipping-taxable","10":"product-type-simple"},"_links":{"self":[{"href":"https:\/\/uj.adatbank.ro\/lexikon\/wp-json\/wp\/v2\/product\/14744","targetHints":{"allow":["GET"]}}],"collection":[{"href":"https:\/\/uj.adatbank.ro\/lexikon\/wp-json\/wp\/v2\/product"}],"about":[{"href":"https:\/\/uj.adatbank.ro\/lexikon\/wp-json\/wp\/v2\/types\/product"}],"replies":[{"embeddable":true,"href":"https:\/\/uj.adatbank.ro\/lexikon\/wp-json\/wp\/v2\/comments?post=14744"}],"wp:attachment":[{"href":"https:\/\/uj.adatbank.ro\/lexikon\/wp-json\/wp\/v2\/media?parent=14744"}],"wp:term":[{"taxonomy":"product_brand","embeddable":true,"href":"https:\/\/uj.adatbank.ro\/lexikon\/wp-json\/wp\/v2\/product_brand?post=14744"},{"taxonomy":"product_cat","embeddable":true,"href":"https:\/\/uj.adatbank.ro\/lexikon\/wp-json\/wp\/v2\/product_cat?post=14744"},{"taxonomy":"product_tag","embeddable":true,"href":"https:\/\/uj.adatbank.ro\/lexikon\/wp-json\/wp\/v2\/product_tag?post=14744"}],"curies":[{"name":"wp","href":"https:\/\/api.w.org\/{rel}","templated":true}]}}