{"id":14748,"date":"2025-07-15T13:12:20","date_gmt":"2025-07-15T11:12:20","guid":{"rendered":"https:\/\/uj.adatbank.ro\/lexikon\/termek\/marosvasarhelyi-gyorgy\/"},"modified":"2025-07-15T13:12:20","modified_gmt":"2025-07-15T11:12:20","slug":"marosvasarhelyi-gyorgy","status":"publish","type":"product","link":"https:\/\/uj.adatbank.ro\/lexikon\/termek\/marosvasarhelyi-gyorgy\/","title":{"rendered":"MAROSV\u00c1S\u00c1RHELYI Gy\u00f6rgy"},"content":{"rendered":"<p>? \u2020\u00a0?: ref. teol\u00f3giai tanul\u00f3 Heidelbergben az egyetemen. \u2013 <strong>F. m.:<\/strong> Disputatio Theologica de Sacramentis in genere (Heidelberg, 1673\u00a0; T\u00e1rsszerz\u0151\u00a0: \u00dcdv\u00f6zl\u0151 vers  = Eperjesi Mih\u00e1ly\u00a0: Disputatio Theologica&#8230; (Heidelberg, 1673). <br \/><strong>Irod.:<\/strong> RMK 3; Szinnyei<\/br><\/p>\n","protected":false},"excerpt":{"rendered":"<p>? \u2020\u00a0?: ref. teol\u00f3giai tanul\u00f3 Heidelbergben az egyetemen. \u2013 F. m.: Disputatio Theologica de Sacramentis in genere (Heidelberg, 1673\u00a0; T\u00e1rsszerz\u0151\u00a0: \u00dcdv\u00f6zl\u0151 vers = Eperjesi Mih\u00e1ly\u00a0: Disputatio Theologica&#8230; (Heidelberg, 1673). Irod.: RMK 3; Szinnyei<\/p>\n","protected":false},"featured_media":0,"comment_status":"open","ping_status":"closed","template":"","meta":[],"product_brand":[],"product_cat":[137],"product_tag":[],"class_list":{"0":"post-14748","1":"product","2":"type-product","3":"status-publish","5":"product_cat-maros-megyei-eletrajzi-lexikon","7":"first","8":"instock","9":"shipping-taxable","10":"product-type-simple"},"_links":{"self":[{"href":"https:\/\/uj.adatbank.ro\/lexikon\/wp-json\/wp\/v2\/product\/14748","targetHints":{"allow":["GET"]}}],"collection":[{"href":"https:\/\/uj.adatbank.ro\/lexikon\/wp-json\/wp\/v2\/product"}],"about":[{"href":"https:\/\/uj.adatbank.ro\/lexikon\/wp-json\/wp\/v2\/types\/product"}],"replies":[{"embeddable":true,"href":"https:\/\/uj.adatbank.ro\/lexikon\/wp-json\/wp\/v2\/comments?post=14748"}],"wp:attachment":[{"href":"https:\/\/uj.adatbank.ro\/lexikon\/wp-json\/wp\/v2\/media?parent=14748"}],"wp:term":[{"taxonomy":"product_brand","embeddable":true,"href":"https:\/\/uj.adatbank.ro\/lexikon\/wp-json\/wp\/v2\/product_brand?post=14748"},{"taxonomy":"product_cat","embeddable":true,"href":"https:\/\/uj.adatbank.ro\/lexikon\/wp-json\/wp\/v2\/product_cat?post=14748"},{"taxonomy":"product_tag","embeddable":true,"href":"https:\/\/uj.adatbank.ro\/lexikon\/wp-json\/wp\/v2\/product_tag?post=14748"}],"curies":[{"name":"wp","href":"https:\/\/api.w.org\/{rel}","templated":true}]}}