{"id":14751,"date":"2025-07-15T13:12:26","date_gmt":"2025-07-15T11:12:26","guid":{"rendered":"https:\/\/uj.adatbank.ro\/lexikon\/termek\/marosvasarhelyi-meszaros-tollas-gyorgy\/"},"modified":"2025-07-15T13:12:26","modified_gmt":"2025-07-15T11:12:26","slug":"marosvasarhelyi-meszaros-tollas-gyorgy","status":"publish","type":"product","link":"https:\/\/uj.adatbank.ro\/lexikon\/termek\/marosvasarhelyi-meszaros-tollas-gyorgy\/","title":{"rendered":"MAROSV\u00c1S\u00c1RHELYI M\u00c9SZ\u00c1ROS TOLLAS Gy\u00f6rgy"},"content":{"rendered":"<p>\u2192 TOLLAS Gy\u00f6rgy<\/br><\/p>\n","protected":false},"excerpt":{"rendered":"<p>\u2192 TOLLAS Gy\u00f6rgy<\/p>\n","protected":false},"featured_media":0,"comment_status":"open","ping_status":"closed","template":"","meta":[],"product_brand":[],"product_cat":[137],"product_tag":[],"class_list":{"0":"post-14751","1":"product","2":"type-product","3":"status-publish","5":"product_cat-maros-megyei-eletrajzi-lexikon","7":"first","8":"instock","9":"shipping-taxable","10":"product-type-simple"},"_links":{"self":[{"href":"https:\/\/uj.adatbank.ro\/lexikon\/wp-json\/wp\/v2\/product\/14751","targetHints":{"allow":["GET"]}}],"collection":[{"href":"https:\/\/uj.adatbank.ro\/lexikon\/wp-json\/wp\/v2\/product"}],"about":[{"href":"https:\/\/uj.adatbank.ro\/lexikon\/wp-json\/wp\/v2\/types\/product"}],"replies":[{"embeddable":true,"href":"https:\/\/uj.adatbank.ro\/lexikon\/wp-json\/wp\/v2\/comments?post=14751"}],"wp:attachment":[{"href":"https:\/\/uj.adatbank.ro\/lexikon\/wp-json\/wp\/v2\/media?parent=14751"}],"wp:term":[{"taxonomy":"product_brand","embeddable":true,"href":"https:\/\/uj.adatbank.ro\/lexikon\/wp-json\/wp\/v2\/product_brand?post=14751"},{"taxonomy":"product_cat","embeddable":true,"href":"https:\/\/uj.adatbank.ro\/lexikon\/wp-json\/wp\/v2\/product_cat?post=14751"},{"taxonomy":"product_tag","embeddable":true,"href":"https:\/\/uj.adatbank.ro\/lexikon\/wp-json\/wp\/v2\/product_tag?post=14751"}],"curies":[{"name":"wp","href":"https:\/\/api.w.org\/{rel}","templated":true}]}}