{"id":14752,"date":"2025-07-15T13:12:30","date_gmt":"2025-07-15T11:12:30","guid":{"rendered":"https:\/\/uj.adatbank.ro\/lexikon\/termek\/marosvasarhelyi-szocs-janos\/"},"modified":"2025-07-15T13:12:30","modified_gmt":"2025-07-15T11:12:30","slug":"marosvasarhelyi-szocs-janos","status":"publish","type":"product","link":"https:\/\/uj.adatbank.ro\/lexikon\/termek\/marosvasarhelyi-szocs-janos\/","title":{"rendered":"MAROSV\u00c1S\u00c1RHELYI SZ\u0150CS J\u00e1nos"},"content":{"rendered":"<p>\u2192 V\u00c1S\u00c1RHELYI SZ\u0150CS J\u00e1nos<\/br><\/p>\n","protected":false},"excerpt":{"rendered":"<p>\u2192 V\u00c1S\u00c1RHELYI SZ\u0150CS J\u00e1nos<\/p>\n","protected":false},"featured_media":0,"comment_status":"open","ping_status":"closed","template":"","meta":[],"product_brand":[],"product_cat":[137],"product_tag":[],"class_list":{"0":"post-14752","1":"product","2":"type-product","3":"status-publish","5":"product_cat-maros-megyei-eletrajzi-lexikon","7":"first","8":"instock","9":"shipping-taxable","10":"product-type-simple"},"_links":{"self":[{"href":"https:\/\/uj.adatbank.ro\/lexikon\/wp-json\/wp\/v2\/product\/14752","targetHints":{"allow":["GET"]}}],"collection":[{"href":"https:\/\/uj.adatbank.ro\/lexikon\/wp-json\/wp\/v2\/product"}],"about":[{"href":"https:\/\/uj.adatbank.ro\/lexikon\/wp-json\/wp\/v2\/types\/product"}],"replies":[{"embeddable":true,"href":"https:\/\/uj.adatbank.ro\/lexikon\/wp-json\/wp\/v2\/comments?post=14752"}],"wp:attachment":[{"href":"https:\/\/uj.adatbank.ro\/lexikon\/wp-json\/wp\/v2\/media?parent=14752"}],"wp:term":[{"taxonomy":"product_brand","embeddable":true,"href":"https:\/\/uj.adatbank.ro\/lexikon\/wp-json\/wp\/v2\/product_brand?post=14752"},{"taxonomy":"product_cat","embeddable":true,"href":"https:\/\/uj.adatbank.ro\/lexikon\/wp-json\/wp\/v2\/product_cat?post=14752"},{"taxonomy":"product_tag","embeddable":true,"href":"https:\/\/uj.adatbank.ro\/lexikon\/wp-json\/wp\/v2\/product_tag?post=14752"}],"curies":[{"name":"wp","href":"https:\/\/api.w.org\/{rel}","templated":true}]}}