{"id":14756,"date":"2025-07-15T13:12:37","date_gmt":"2025-07-15T11:12:37","guid":{"rendered":"https:\/\/uj.adatbank.ro\/lexikon\/termek\/maroti-janos\/"},"modified":"2025-07-15T13:12:37","modified_gmt":"2025-07-15T11:12:37","slug":"maroti-janos","status":"publish","type":"product","link":"https:\/\/uj.adatbank.ro\/lexikon\/termek\/maroti-janos\/","title":{"rendered":"MAR\u00d3TI J\u00e1nos"},"content":{"rendered":"<p>sz\u00e9kely isp\u00e1n (1398.jan.12.\u20131398.febr.20.) <br \/><strong>Irod.:<\/strong> Sz\u00e9kelyf\u00f6ld t\u00f6rt. 1<\/br><\/p>\n","protected":false},"excerpt":{"rendered":"<p>sz\u00e9kely isp\u00e1n (1398.jan.12.\u20131398.febr.20.) Irod.: Sz\u00e9kelyf\u00f6ld t\u00f6rt. 1<\/p>\n","protected":false},"featured_media":0,"comment_status":"open","ping_status":"closed","template":"","meta":[],"product_brand":[],"product_cat":[137],"product_tag":[],"class_list":{"0":"post-14756","1":"product","2":"type-product","3":"status-publish","5":"product_cat-maros-megyei-eletrajzi-lexikon","7":"first","8":"instock","9":"shipping-taxable","10":"product-type-simple"},"_links":{"self":[{"href":"https:\/\/uj.adatbank.ro\/lexikon\/wp-json\/wp\/v2\/product\/14756","targetHints":{"allow":["GET"]}}],"collection":[{"href":"https:\/\/uj.adatbank.ro\/lexikon\/wp-json\/wp\/v2\/product"}],"about":[{"href":"https:\/\/uj.adatbank.ro\/lexikon\/wp-json\/wp\/v2\/types\/product"}],"replies":[{"embeddable":true,"href":"https:\/\/uj.adatbank.ro\/lexikon\/wp-json\/wp\/v2\/comments?post=14756"}],"wp:attachment":[{"href":"https:\/\/uj.adatbank.ro\/lexikon\/wp-json\/wp\/v2\/media?parent=14756"}],"wp:term":[{"taxonomy":"product_brand","embeddable":true,"href":"https:\/\/uj.adatbank.ro\/lexikon\/wp-json\/wp\/v2\/product_brand?post=14756"},{"taxonomy":"product_cat","embeddable":true,"href":"https:\/\/uj.adatbank.ro\/lexikon\/wp-json\/wp\/v2\/product_cat?post=14756"},{"taxonomy":"product_tag","embeddable":true,"href":"https:\/\/uj.adatbank.ro\/lexikon\/wp-json\/wp\/v2\/product_tag?post=14756"}],"curies":[{"name":"wp","href":"https:\/\/api.w.org\/{rel}","templated":true}]}}