{"id":14758,"date":"2025-07-15T13:12:40","date_gmt":"2025-07-15T11:12:40","guid":{"rendered":"https:\/\/uj.adatbank.ro\/lexikon\/termek\/martha-papp-ilona-dr\/"},"modified":"2025-07-15T13:12:40","modified_gmt":"2025-07-15T11:12:40","slug":"martha-papp-ilona-dr","status":"publish","type":"product","link":"https:\/\/uj.adatbank.ro\/lexikon\/termek\/martha-papp-ilona-dr\/","title":{"rendered":"M\u00c1RTHA PAPP Ilona, dr."},"content":{"rendered":"<p>Buk., 1935. szept. 30., \u2020 ?? : szem\u00e9sz dr. \u2013 Sz\u00fclei dr. Pap B\u00e9la orvos \u00e9s D\u00e9nes Ilona. M\u00e1rtha Ivor orvos feles\u00e9ge. \u2013 Brass\u00f3ban \u00e9retts\u00e9gizett (1953), a MOGYI \u00e1ltal\u00e1nos orvosi kar\u00e1n szerzett diplom\u00e1t (1959). Orvosi p\u00e1ly\u00e1j\u00e1t Ny\u00e1r\u00e1dkar\u00e1csonyfalv\u00e1n kezdte (1959\u201361); Mv.-en a Szem\u00e9szeti Klinika orvosa, ahol szak- majd f\u0151orvosi vizsg\u00e1t tett, a II. sz. Poliklinik\u00e1n szem\u00e9sz szakorvos (1962\u201380), a Szem\u00e9szeti Klinika f\u0151orvosa (1980\u2013). A mv.-i Caritsan szem\u00e9sz f\u0151orvosa (1993\u2013). Tagja az Eur\u00f3pai Glaucoma T\u00e1rsas\u00e1gnak. Kutat\u00e1si ter\u00fclete a gyermekkori kancsals\u00e1g, sz\u00fcletett szembeteg gyermekek rehabilit\u00e1ci\u00f3ja, reum\u00e1s betegeg szem\u00e9szeti sz\u00f6v\u0151dm\u00e9nyei, szemfen\u00e9k-idegseb\u00e9szet. Dolgozatait sz\u00e1mos hazai \u00e9s k\u00fclf\u00f6ldi tudom\u00e1nyos gy\u0171l\u00e9sen mutatta be. K\u00f6z\u00f6lt az Orvostudom\u00e1nyi \u00c9rtes\u00edt\u0151ben \u2013 <strong>F. m.:<\/strong> Congenitalis ezotropia klinikai megjelen\u00e9si form\u00e1i : Klinikai megfigyel\u00e9sek \u00e9s ter\u00e1pi\u00e1s lehet\u0151s\u00e9gek a csecsem\u0151kori ezotropia eset\u00e9ben: Doktor\u00e1tusi refer\u00e1tum. ( Mv., 1991); Ongenitalis retrakci\u00f3s szindr\u00f3ma t\u00fcnettana \u00e9s kezel\u00e9se : Doktor\u00e1tusi refer\u00e1tum ( Mv, 1991.); <strong>t\u00e1rssz.:<\/strong> Gyermekeink szeme (Fodor Ferenccel; Kv., 1983). <br \/><strong>Irod.:<\/strong> Fuguly\u00e1n Gergely: Szem\u00fcnk f\u00e9nye (V. Z., 1983. m\u00e1j. 25.); K\u00fclf\u00f6ldi; Magy kutat\u00f3k; Nagy L;.P\u00e9ter; RMKK; RMIL; Tizenk\u00e9t \u00e9v<\/br><\/p>\n","protected":false},"excerpt":{"rendered":"<p>Buk., 1935. szept. 30., \u2020 ?? : szem\u00e9sz dr. \u2013 Sz\u00fclei dr. Pap B\u00e9la orvos \u00e9s D\u00e9nes Ilona. M\u00e1rtha Ivor orvos feles\u00e9ge. \u2013 Brass\u00f3ban \u00e9retts\u00e9gizett (1953), a MOGYI \u00e1ltal\u00e1nos orvosi kar\u00e1n szerzett diplom\u00e1t (1959). Orvosi p\u00e1ly\u00e1j\u00e1t Ny\u00e1r\u00e1dkar\u00e1csonyfalv\u00e1n kezdte (1959\u201361); Mv.-en a Szem\u00e9szeti Klinika orvosa, ahol szak- majd f\u0151orvosi vizsg\u00e1t tett, a II. sz. Poliklinik\u00e1n szem\u00e9sz [&hellip;]<\/p>\n","protected":false},"featured_media":0,"comment_status":"open","ping_status":"closed","template":"","meta":[],"product_brand":[],"product_cat":[137],"product_tag":[],"class_list":{"0":"post-14758","1":"product","2":"type-product","3":"status-publish","5":"product_cat-maros-megyei-eletrajzi-lexikon","7":"first","8":"instock","9":"shipping-taxable","10":"product-type-simple"},"_links":{"self":[{"href":"https:\/\/uj.adatbank.ro\/lexikon\/wp-json\/wp\/v2\/product\/14758","targetHints":{"allow":["GET"]}}],"collection":[{"href":"https:\/\/uj.adatbank.ro\/lexikon\/wp-json\/wp\/v2\/product"}],"about":[{"href":"https:\/\/uj.adatbank.ro\/lexikon\/wp-json\/wp\/v2\/types\/product"}],"replies":[{"embeddable":true,"href":"https:\/\/uj.adatbank.ro\/lexikon\/wp-json\/wp\/v2\/comments?post=14758"}],"wp:attachment":[{"href":"https:\/\/uj.adatbank.ro\/lexikon\/wp-json\/wp\/v2\/media?parent=14758"}],"wp:term":[{"taxonomy":"product_brand","embeddable":true,"href":"https:\/\/uj.adatbank.ro\/lexikon\/wp-json\/wp\/v2\/product_brand?post=14758"},{"taxonomy":"product_cat","embeddable":true,"href":"https:\/\/uj.adatbank.ro\/lexikon\/wp-json\/wp\/v2\/product_cat?post=14758"},{"taxonomy":"product_tag","embeddable":true,"href":"https:\/\/uj.adatbank.ro\/lexikon\/wp-json\/wp\/v2\/product_tag?post=14758"}],"curies":[{"name":"wp","href":"https:\/\/api.w.org\/{rel}","templated":true}]}}