{"id":14759,"date":"2025-07-15T13:12:42","date_gmt":"2025-07-15T11:12:42","guid":{"rendered":"https:\/\/uj.adatbank.ro\/lexikon\/termek\/marthy-ferenc-marty-ferenc\/"},"modified":"2025-07-15T13:12:42","modified_gmt":"2025-07-15T11:12:42","slug":"marthy-ferenc-marty-ferenc","status":"publish","type":"product","link":"https:\/\/uj.adatbank.ro\/lexikon\/termek\/marthy-ferenc-marty-ferenc\/","title":{"rendered":"MARTHY Ferenc, Marty Ferenc"},"content":{"rendered":"<p>1882., \u2020\u00a0?: jog\u00e1sz, polg\u00e1rmester. \u2013 Testv\u00e9re: P\u00e1l, rajztan\u00e1r. Feles\u00e9ge: Dudutz J\u00falia (1897\u2013). Gyermekeik: \u00c9va (1916-, Ferenc (1918\u2013), Gy\u00f6rgy(1921\u2013). \u2013 Mv. m\u00e1sod aljegyz\u0151je (1902. m\u00e1rc. 31. \u2013, \u00fajrav\u00e1lasztott 1908. \u00e1pr. 1.\u2013), f\u0151jegyz\u0151, rend\u0151rf\u0151kapit\u00e1ny (1912\u2013), alpolg\u00e1rmester, Mv. polg\u00e1rmester (1917. j\u00fan. 30.\u20131920. febr. 7). A Mv.-i Kaszin\u00f3 v\u00e1lasztm\u00e1nyi tagja (1919). Repatri\u00e1lt Mo.-ra (1920), majd Ausztr\u00e1li\u00e1ba k\u00f6lt\u00f6z\u00f6tt csal\u00e1dost\u00f3l \u00e9s azut\u00e1n Amerik\u00e1ba v\u00e1ndorolt (1921), New Yorkban egy amerikai-m. bankban dolgozott..<br \/><strong>Irod.:<\/strong> Bern\u00e1dy; Bi\u00e1s Istv\u00e1n; Fodor\u2013Bal\u00e1s; Mv. m\u0171v. v\u00e1r.; Id\u0151t\u00e1r 2; Id\u0151t\u00e1r 3; \u00d6kr\u00f6s; Sebesty\u00e9n M.: Antalffy Endre avagy Mv. sz\u00ednev\u00e1ltoz\u00e1sa  =  Mv. t\u00f6rt\u00e9net\u00e9b\u0151l<\/br><\/p>\n","protected":false},"excerpt":{"rendered":"<p>1882., \u2020\u00a0?: jog\u00e1sz, polg\u00e1rmester. \u2013 Testv\u00e9re: P\u00e1l, rajztan\u00e1r. Feles\u00e9ge: Dudutz J\u00falia (1897\u2013). Gyermekeik: \u00c9va (1916-, Ferenc (1918\u2013), Gy\u00f6rgy(1921\u2013). \u2013 Mv. m\u00e1sod aljegyz\u0151je (1902. m\u00e1rc. 31. \u2013, \u00fajrav\u00e1lasztott 1908. \u00e1pr. 1.\u2013), f\u0151jegyz\u0151, rend\u0151rf\u0151kapit\u00e1ny (1912\u2013), alpolg\u00e1rmester, Mv. polg\u00e1rmester (1917. j\u00fan. 30.\u20131920. febr. 7). A Mv.-i Kaszin\u00f3 v\u00e1lasztm\u00e1nyi tagja (1919). Repatri\u00e1lt Mo.-ra (1920), majd Ausztr\u00e1li\u00e1ba k\u00f6lt\u00f6z\u00f6tt csal\u00e1dost\u00f3l \u00e9s [&hellip;]<\/p>\n","protected":false},"featured_media":0,"comment_status":"open","ping_status":"closed","template":"","meta":[],"product_brand":[],"product_cat":[137],"product_tag":[],"class_list":{"0":"post-14759","1":"product","2":"type-product","3":"status-publish","5":"product_cat-maros-megyei-eletrajzi-lexikon","7":"first","8":"instock","9":"shipping-taxable","10":"product-type-simple"},"_links":{"self":[{"href":"https:\/\/uj.adatbank.ro\/lexikon\/wp-json\/wp\/v2\/product\/14759","targetHints":{"allow":["GET"]}}],"collection":[{"href":"https:\/\/uj.adatbank.ro\/lexikon\/wp-json\/wp\/v2\/product"}],"about":[{"href":"https:\/\/uj.adatbank.ro\/lexikon\/wp-json\/wp\/v2\/types\/product"}],"replies":[{"embeddable":true,"href":"https:\/\/uj.adatbank.ro\/lexikon\/wp-json\/wp\/v2\/comments?post=14759"}],"wp:attachment":[{"href":"https:\/\/uj.adatbank.ro\/lexikon\/wp-json\/wp\/v2\/media?parent=14759"}],"wp:term":[{"taxonomy":"product_brand","embeddable":true,"href":"https:\/\/uj.adatbank.ro\/lexikon\/wp-json\/wp\/v2\/product_brand?post=14759"},{"taxonomy":"product_cat","embeddable":true,"href":"https:\/\/uj.adatbank.ro\/lexikon\/wp-json\/wp\/v2\/product_cat?post=14759"},{"taxonomy":"product_tag","embeddable":true,"href":"https:\/\/uj.adatbank.ro\/lexikon\/wp-json\/wp\/v2\/product_tag?post=14759"}],"curies":[{"name":"wp","href":"https:\/\/api.w.org\/{rel}","templated":true}]}}