{"id":14760,"date":"2025-07-15T13:12:43","date_gmt":"2025-07-15T11:12:43","guid":{"rendered":"https:\/\/uj.adatbank.ro\/lexikon\/termek\/marthy-gyorgy\/"},"modified":"2025-07-15T13:12:43","modified_gmt":"2025-07-15T11:12:43","slug":"marthy-gyorgy","status":"publish","type":"product","link":"https:\/\/uj.adatbank.ro\/lexikon\/termek\/marthy-gyorgy\/","title":{"rendered":"MARTHY Gy\u00f6rgy"},"content":{"rendered":"<p>? \u2020 Mv., 1933. szept. 23.: k\u00e1ntor, tan\u00edt\u00f3. \u2013 Mv.-i pl\u00e9b\u00e1nia k\u00e1ntora (1900\u20131912) \u00e9s a r. k. le\u00e1nyiskola tan\u00edt\u00f3ja nyugd\u00edjaz\u00e1s\u00e1ig. Sz\u00e1sz J\u00e1nos volt a k\u00f6vet\u0151je a k\u00e1ntors\u00e1gban (1912\u20131914), aki kor\u00e1bban Marosludason volt k\u00e1ntor. <br \/><strong>Irod.:<\/strong> Gy\u00e1szjelent.; Maros-k\u00fck\u00fcll\u0151i f\u0151esp.<\/br><\/p>\n","protected":false},"excerpt":{"rendered":"<p>? \u2020 Mv., 1933. szept. 23.: k\u00e1ntor, tan\u00edt\u00f3. \u2013 Mv.-i pl\u00e9b\u00e1nia k\u00e1ntora (1900\u20131912) \u00e9s a r. k. le\u00e1nyiskola tan\u00edt\u00f3ja nyugd\u00edjaz\u00e1s\u00e1ig. Sz\u00e1sz J\u00e1nos volt a k\u00f6vet\u0151je a k\u00e1ntors\u00e1gban (1912\u20131914), aki kor\u00e1bban Marosludason volt k\u00e1ntor. Irod.: Gy\u00e1szjelent.; Maros-k\u00fck\u00fcll\u0151i f\u0151esp.<\/p>\n","protected":false},"featured_media":0,"comment_status":"open","ping_status":"closed","template":"","meta":[],"product_brand":[],"product_cat":[137],"product_tag":[],"class_list":{"0":"post-14760","1":"product","2":"type-product","3":"status-publish","5":"product_cat-maros-megyei-eletrajzi-lexikon","7":"first","8":"instock","9":"shipping-taxable","10":"product-type-simple"},"_links":{"self":[{"href":"https:\/\/uj.adatbank.ro\/lexikon\/wp-json\/wp\/v2\/product\/14760","targetHints":{"allow":["GET"]}}],"collection":[{"href":"https:\/\/uj.adatbank.ro\/lexikon\/wp-json\/wp\/v2\/product"}],"about":[{"href":"https:\/\/uj.adatbank.ro\/lexikon\/wp-json\/wp\/v2\/types\/product"}],"replies":[{"embeddable":true,"href":"https:\/\/uj.adatbank.ro\/lexikon\/wp-json\/wp\/v2\/comments?post=14760"}],"wp:attachment":[{"href":"https:\/\/uj.adatbank.ro\/lexikon\/wp-json\/wp\/v2\/media?parent=14760"}],"wp:term":[{"taxonomy":"product_brand","embeddable":true,"href":"https:\/\/uj.adatbank.ro\/lexikon\/wp-json\/wp\/v2\/product_brand?post=14760"},{"taxonomy":"product_cat","embeddable":true,"href":"https:\/\/uj.adatbank.ro\/lexikon\/wp-json\/wp\/v2\/product_cat?post=14760"},{"taxonomy":"product_tag","embeddable":true,"href":"https:\/\/uj.adatbank.ro\/lexikon\/wp-json\/wp\/v2\/product_tag?post=14760"}],"curies":[{"name":"wp","href":"https:\/\/api.w.org\/{rel}","templated":true}]}}