{"id":14761,"date":"2025-07-15T13:12:45","date_gmt":"2025-07-15T11:12:45","guid":{"rendered":"https:\/\/uj.adatbank.ro\/lexikon\/termek\/marthy-pal\/"},"modified":"2025-07-15T13:12:45","modified_gmt":"2025-07-15T11:12:45","slug":"marthy-pal","status":"publish","type":"product","link":"https:\/\/uj.adatbank.ro\/lexikon\/termek\/marthy-pal\/","title":{"rendered":"MARTHY P\u00e1l"},"content":{"rendered":"<p>Cs\u00edkszentdomokos, 1880. jan. 14., \u2020 Mv., 1936. jan. 8.: rajztan\u00e1r, fest\u0151m\u0171v\u00e9sz. \u2013 Apja: Gy\u00f6rgy, Mv.-re k\u00f6lt\u00f6z\u00f6tt (1886), a pl\u00e9b\u00e1nia k\u00e1ntortan\u00edt\u00f3ja, a R.K. Gimn. \u00e9nektan\u00e1ra.Testv\u00e9rei: M. Lajos, dr. M. Ferenc, M. R\u00f3zsika dr. Wallner \u00d6d\u00f6nn\u00e9 Feles\u00e9ge: Lutman M\u00e1ria (1886- \u2013 1960), \u2013 A R.K. Gimn.-ban v\u00e9gzett (1898). A M. Kir\u00e1lyi Mintarajz \u00e9s Rajztan\u00e1r f\u0151iskol\u00e1t Bp.-en v\u00e9gezte (1898\u20131902). A mv.-i R.K. Fi\u00fagimn. (1902\u201336) \u00e9s R. K Tan\u00edt\u00f3k\u00e9pz\u0151 Fi\u00faiskola rajztan\u00e1ra (1935\u201336). Tan\u00edtott sz\u00e9p\u00edr\u00e1st, geometri\u00e1t, szabadk\u00e9zi rajzot, torn\u00e1t, valamint \u00e9nek\u00f3r\u00e1t is tartott. A rajzszert\u00e1r \u00e9s a sz\u00e9pm\u0171v\u00e9szeti m\u00fazeum \u0151re. B\u00e9lyeggy\u0171jt\u0151.  M\u0171vei akvarellek, hangulatos t\u00e1jr\u00e9szletek, zs\u00e1nerk\u00e9pek, munk\u00e1ival szorosan k\u00f6t\u0151d\u00f6tt a hagyom\u00e1nyokhoz. Ki\u00e1ll\u00edtott a bp.-i M\u0171csrnokban (1902), az els\u0151 vh. ut\u00e1n buk.-i \u00e9s erd\u00e9lyi ki\u00e1ll\u00edt\u00e1sokon szerepelt (1920), Mv.-en a T\u00e9li t\u00e1rlaton (1920). <br \/><strong>Irod.:<\/strong> Banner 1990; Berey G\u00e9za: Erd\u00e9lyi monogr\u00e1fia (Satu Mare, 1934); Csekme; EM; Gy\u00e1szjelent\u0151; Id\u0151t\u00e1r 3; Molter 2., 3.; Osv\u00e1t; Szab\u00f3 K. Attila; Szathm\u00e1ri Edina: M\u00e9ret\u00e9ben hallgatag, st\u00edlus\u00e1ban hars\u00e1ny: A marosv\u00e1s\u00e1rhelyi Marthy-h\u00e1z = Dolgozatok<\/br><\/p>\n","protected":false},"excerpt":{"rendered":"<p>Cs\u00edkszentdomokos, 1880. jan. 14., \u2020 Mv., 1936. jan. 8.: rajztan\u00e1r, fest\u0151m\u0171v\u00e9sz. \u2013 Apja: Gy\u00f6rgy, Mv.-re k\u00f6lt\u00f6z\u00f6tt (1886), a pl\u00e9b\u00e1nia k\u00e1ntortan\u00edt\u00f3ja, a R.K. Gimn. \u00e9nektan\u00e1ra.Testv\u00e9rei: M. Lajos, dr. M. Ferenc, M. R\u00f3zsika dr. Wallner \u00d6d\u00f6nn\u00e9 Feles\u00e9ge: Lutman M\u00e1ria (1886- \u2013 1960), \u2013 A R.K. Gimn.-ban v\u00e9gzett (1898). A M. Kir\u00e1lyi Mintarajz \u00e9s Rajztan\u00e1r f\u0151iskol\u00e1t Bp.-en v\u00e9gezte [&hellip;]<\/p>\n","protected":false},"featured_media":0,"comment_status":"open","ping_status":"closed","template":"","meta":[],"product_brand":[],"product_cat":[137],"product_tag":[],"class_list":{"0":"post-14761","1":"product","2":"type-product","3":"status-publish","5":"product_cat-maros-megyei-eletrajzi-lexikon","7":"first","8":"instock","9":"shipping-taxable","10":"product-type-simple"},"_links":{"self":[{"href":"https:\/\/uj.adatbank.ro\/lexikon\/wp-json\/wp\/v2\/product\/14761","targetHints":{"allow":["GET"]}}],"collection":[{"href":"https:\/\/uj.adatbank.ro\/lexikon\/wp-json\/wp\/v2\/product"}],"about":[{"href":"https:\/\/uj.adatbank.ro\/lexikon\/wp-json\/wp\/v2\/types\/product"}],"replies":[{"embeddable":true,"href":"https:\/\/uj.adatbank.ro\/lexikon\/wp-json\/wp\/v2\/comments?post=14761"}],"wp:attachment":[{"href":"https:\/\/uj.adatbank.ro\/lexikon\/wp-json\/wp\/v2\/media?parent=14761"}],"wp:term":[{"taxonomy":"product_brand","embeddable":true,"href":"https:\/\/uj.adatbank.ro\/lexikon\/wp-json\/wp\/v2\/product_brand?post=14761"},{"taxonomy":"product_cat","embeddable":true,"href":"https:\/\/uj.adatbank.ro\/lexikon\/wp-json\/wp\/v2\/product_cat?post=14761"},{"taxonomy":"product_tag","embeddable":true,"href":"https:\/\/uj.adatbank.ro\/lexikon\/wp-json\/wp\/v2\/product_tag?post=14761"}],"curies":[{"name":"wp","href":"https:\/\/api.w.org\/{rel}","templated":true}]}}