{"id":14763,"date":"2025-07-15T13:12:51","date_gmt":"2025-07-15T11:12:51","guid":{"rendered":"https:\/\/uj.adatbank.ro\/lexikon\/termek\/martian-dionisiu-p\/"},"modified":"2025-07-15T13:12:51","modified_gmt":"2025-07-15T11:12:51","slug":"martian-dionisiu-p","status":"publish","type":"product","link":"https:\/\/uj.adatbank.ro\/lexikon\/termek\/martian-dionisiu-p\/","title":{"rendered":"MAR\u0162IAN, Dionisiu P."},"content":{"rendered":"<p>? \u2020\u00a0?: ?. <br \/><strong>Irod.:<\/strong> P\u0103c\u0103\u0163ian, Teodor : Cartea de aur sau luptele politice-na\u0163ionale ale rom\u00e2nilor de sub coroana ungar\u0103 (Sibiu, 1904)<\/br><\/p>\n","protected":false},"excerpt":{"rendered":"<p>? \u2020\u00a0?: ?. Irod.: P\u0103c\u0103\u0163ian, Teodor : Cartea de aur sau luptele politice-na\u0163ionale ale rom\u00e2nilor de sub coroana ungar\u0103 (Sibiu, 1904)<\/p>\n","protected":false},"featured_media":0,"comment_status":"open","ping_status":"closed","template":"","meta":[],"product_brand":[],"product_cat":[137],"product_tag":[],"class_list":{"0":"post-14763","1":"product","2":"type-product","3":"status-publish","5":"product_cat-maros-megyei-eletrajzi-lexikon","7":"first","8":"instock","9":"shipping-taxable","10":"product-type-simple"},"_links":{"self":[{"href":"https:\/\/uj.adatbank.ro\/lexikon\/wp-json\/wp\/v2\/product\/14763","targetHints":{"allow":["GET"]}}],"collection":[{"href":"https:\/\/uj.adatbank.ro\/lexikon\/wp-json\/wp\/v2\/product"}],"about":[{"href":"https:\/\/uj.adatbank.ro\/lexikon\/wp-json\/wp\/v2\/types\/product"}],"replies":[{"embeddable":true,"href":"https:\/\/uj.adatbank.ro\/lexikon\/wp-json\/wp\/v2\/comments?post=14763"}],"wp:attachment":[{"href":"https:\/\/uj.adatbank.ro\/lexikon\/wp-json\/wp\/v2\/media?parent=14763"}],"wp:term":[{"taxonomy":"product_brand","embeddable":true,"href":"https:\/\/uj.adatbank.ro\/lexikon\/wp-json\/wp\/v2\/product_brand?post=14763"},{"taxonomy":"product_cat","embeddable":true,"href":"https:\/\/uj.adatbank.ro\/lexikon\/wp-json\/wp\/v2\/product_cat?post=14763"},{"taxonomy":"product_tag","embeddable":true,"href":"https:\/\/uj.adatbank.ro\/lexikon\/wp-json\/wp\/v2\/product_tag?post=14763"}],"curies":[{"name":"wp","href":"https:\/\/api.w.org\/{rel}","templated":true}]}}