{"id":14765,"date":"2025-07-15T13:12:55","date_gmt":"2025-07-15T11:12:55","guid":{"rendered":"https:\/\/uj.adatbank.ro\/lexikon\/termek\/martinas-dumitru-%c2%a7\/"},"modified":"2025-07-15T13:12:55","modified_gmt":"2025-07-15T11:12:55","slug":"martinas-dumitru-%c2%a7","status":"publish","type":"product","link":"https:\/\/uj.adatbank.ro\/lexikon\/termek\/martinas-dumitru-%c2%a7\/","title":{"rendered":"M\u0102RTINA\u015e, Dumitru, \u00a7"},"content":{"rendered":"<p>Micl\u0103u\u015feni, 1897. m\u00e1j. 11., \u2020 Buz\u0103u, 1979. febr. 3.: tan\u00e1r. \u2013 Testv\u00e9re: M. Ioan, gr. kat. pap, a Iasi -i szemin\u00e1rium tan\u00e1ra, aki 15 \u00e9vi b\u00f6rt\u00f6nb\u0171ntet\u00e9s\u00e9t t\u00f6lt\u00f6tte (1950-es \u00e9vekt\u0151l?). \u2013 A Ia\u015fi-i egyetem Filol\u00f3gia Kar\u00e1n v\u00e9gzett \u00e9s rom\u00e1n- nyelv \u00e9s irodalom \u00e9s latin tan\u00e1ri oklevelet szerzett (1920). Cern\u0103u\u0163i, Cetatea Alb\u0103, Segesv\u00e1r k\u00fcl\u00f6nb\u00f6z\u0151 l\u00edc.-aiban tan\u00edtott (1921\u20131925). Tan\u00edtott a mv.-i Al. Papiu Ilarian L\u00edc.-ban (1925\u201340; 1945\u201348; 1955\u201358), uo. igazgat\u00f3 (1935. jan. 15.\u201336. okt. 1.). A mv.-i Ref. Koll-ban \u00f3raad\u00f3 tan\u00e1r volt (1938\u201339). A rom\u00e1n-magyar kultur\u00e1lis el\u0151ad\u00e1ssorozat el\u0151ad\u00f3ja (1932). Az Antirevizionista Liga Maros megyei Bizotts\u00e1g\u00e1nak tagja (1934). Az Ardeleana nyomda igazgat\u00f3ja (1936). A Papiu Ilariannak szobrot \u00e1ll\u00edtani kezdem\u00e9nyez\u0151 bizotts\u00e1g tagja (1927), besz\u00e9dett mondott a szobor vissza\u00e1ll\u00edt\u00e1sakor (1957. dec. 22). K\u00f6z\u00f6lt a Glasul Mure\u015fului, Gazeta Mure\u015fului-ban. \u00d6ssze\u00e1ll\u00edtotta az Al. Papiu Liceum \u00e9vk\u00f6nyv\u00e9t (1932\u201335) T\u00f6bb cikke, tanulm\u00e1nya jelent meg a cs\u00e1ng\u00f3k eredet\u00e9r\u0151l. Hal\u00e1la ut\u00e1n Ioan Coja \u00e9s V.M. Ungurenu adatta ki \u00e9letm\u0171v\u00e9t: Originea ceang\u0103ilor din Moldova. Feles\u00e9ge iskolaigazgat\u00f3 (1939). A kommunista rendszerben zaklat\u00e1soknak volt kit\u00e9ve, b\u00f6rt\u00f6nben is volt. Nyugd\u00edjba vonul\u00e1sa ut\u00e1n Buzauban \u00e9lt. \u2013 <strong>F. m.:<\/strong> Anuarul Liceului de B\u0103ie\u0163i. Al Papiu Ilarian din Tg. Mure\u015f pe anii 1932\u201333; 1933\u201334; 1934\u201335 (Tg. M., 1936); Originea ceang\u0103ilor din Moldova (Buc., 1985). Sigmatismul sau rostirea siflant\u0103 \u00een graiurile daco-romane. <br \/><strong>Irod.:<\/strong> Anuarul Lic. Al Papiu Ilarian din Tg. Mure\u015f (1932\u201333; 1933\u201334; 1934\u201335); Bartos 2012; Bui-Borda-Opri\u015f; Ciortea; Dasc\u0103li mure\u015feni, 1.; T. A. En\u0103chescu: D. M. \u2013 0 via\u0163\u0103 \u00een slujba adev\u0103rului (St. r., 5. febr. 1989); Id\u0151t\u00e1r 3; MMK, Mv. t\u00f6rt. 2.; P\u00e1l-Antal 2013; Papiu; Pop\u015for; Todea 2013<\/br><\/p>\n","protected":false},"excerpt":{"rendered":"<p>Micl\u0103u\u015feni, 1897. m\u00e1j. 11., \u2020 Buz\u0103u, 1979. febr. 3.: tan\u00e1r. \u2013 Testv\u00e9re: M. Ioan, gr. kat. pap, a Iasi -i szemin\u00e1rium tan\u00e1ra, aki 15 \u00e9vi b\u00f6rt\u00f6nb\u0171ntet\u00e9s\u00e9t t\u00f6lt\u00f6tte (1950-es \u00e9vekt\u0151l?). \u2013 A Ia\u015fi-i egyetem Filol\u00f3gia Kar\u00e1n v\u00e9gzett \u00e9s rom\u00e1n- nyelv \u00e9s irodalom \u00e9s latin tan\u00e1ri oklevelet szerzett (1920). Cern\u0103u\u0163i, Cetatea Alb\u0103, Segesv\u00e1r k\u00fcl\u00f6nb\u00f6z\u0151 l\u00edc.-aiban tan\u00edtott (1921\u20131925). [&hellip;]<\/p>\n","protected":false},"featured_media":0,"comment_status":"open","ping_status":"closed","template":"","meta":[],"product_brand":[],"product_cat":[137],"product_tag":[],"class_list":{"0":"post-14765","1":"product","2":"type-product","3":"status-publish","5":"product_cat-maros-megyei-eletrajzi-lexikon","7":"first","8":"instock","9":"shipping-taxable","10":"product-type-simple"},"_links":{"self":[{"href":"https:\/\/uj.adatbank.ro\/lexikon\/wp-json\/wp\/v2\/product\/14765","targetHints":{"allow":["GET"]}}],"collection":[{"href":"https:\/\/uj.adatbank.ro\/lexikon\/wp-json\/wp\/v2\/product"}],"about":[{"href":"https:\/\/uj.adatbank.ro\/lexikon\/wp-json\/wp\/v2\/types\/product"}],"replies":[{"embeddable":true,"href":"https:\/\/uj.adatbank.ro\/lexikon\/wp-json\/wp\/v2\/comments?post=14765"}],"wp:attachment":[{"href":"https:\/\/uj.adatbank.ro\/lexikon\/wp-json\/wp\/v2\/media?parent=14765"}],"wp:term":[{"taxonomy":"product_brand","embeddable":true,"href":"https:\/\/uj.adatbank.ro\/lexikon\/wp-json\/wp\/v2\/product_brand?post=14765"},{"taxonomy":"product_cat","embeddable":true,"href":"https:\/\/uj.adatbank.ro\/lexikon\/wp-json\/wp\/v2\/product_cat?post=14765"},{"taxonomy":"product_tag","embeddable":true,"href":"https:\/\/uj.adatbank.ro\/lexikon\/wp-json\/wp\/v2\/product_tag?post=14765"}],"curies":[{"name":"wp","href":"https:\/\/api.w.org\/{rel}","templated":true}]}}