{"id":14769,"date":"2025-07-15T13:13:01","date_gmt":"2025-07-15T11:13:01","guid":{"rendered":"https:\/\/uj.adatbank.ro\/lexikon\/termek\/martinus-chlain-stephani-de-trapoldia\/"},"modified":"2025-07-15T13:13:01","modified_gmt":"2025-07-15T11:13:01","slug":"martinus-chlain-stephani-de-trapoldia","status":"publish","type":"product","link":"https:\/\/uj.adatbank.ro\/lexikon\/termek\/martinus-chlain-stephani-de-trapoldia\/","title":{"rendered":"MARTINUS Chlain Stephani de Trapoldia"},"content":{"rendered":"<p>? \u2020 ?: di\u00e1k. \u2013 Apoldi sz\u00e1rmaz\u00e1z\u00fa, a b\u00e9csi egyetem beiratkozott hallgat\u00f3ja (1436). <br \/><strong>Irod.:<\/strong> Tonk 1979<\/br><\/p>\n","protected":false},"excerpt":{"rendered":"<p>? \u2020 ?: di\u00e1k. \u2013 Apoldi sz\u00e1rmaz\u00e1z\u00fa, a b\u00e9csi egyetem beiratkozott hallgat\u00f3ja (1436). Irod.: Tonk 1979<\/p>\n","protected":false},"featured_media":0,"comment_status":"open","ping_status":"closed","template":"","meta":[],"product_brand":[],"product_cat":[137],"product_tag":[],"class_list":{"0":"post-14769","1":"product","2":"type-product","3":"status-publish","5":"product_cat-maros-megyei-eletrajzi-lexikon","7":"first","8":"instock","9":"shipping-taxable","10":"product-type-simple"},"_links":{"self":[{"href":"https:\/\/uj.adatbank.ro\/lexikon\/wp-json\/wp\/v2\/product\/14769","targetHints":{"allow":["GET"]}}],"collection":[{"href":"https:\/\/uj.adatbank.ro\/lexikon\/wp-json\/wp\/v2\/product"}],"about":[{"href":"https:\/\/uj.adatbank.ro\/lexikon\/wp-json\/wp\/v2\/types\/product"}],"replies":[{"embeddable":true,"href":"https:\/\/uj.adatbank.ro\/lexikon\/wp-json\/wp\/v2\/comments?post=14769"}],"wp:attachment":[{"href":"https:\/\/uj.adatbank.ro\/lexikon\/wp-json\/wp\/v2\/media?parent=14769"}],"wp:term":[{"taxonomy":"product_brand","embeddable":true,"href":"https:\/\/uj.adatbank.ro\/lexikon\/wp-json\/wp\/v2\/product_brand?post=14769"},{"taxonomy":"product_cat","embeddable":true,"href":"https:\/\/uj.adatbank.ro\/lexikon\/wp-json\/wp\/v2\/product_cat?post=14769"},{"taxonomy":"product_tag","embeddable":true,"href":"https:\/\/uj.adatbank.ro\/lexikon\/wp-json\/wp\/v2\/product_tag?post=14769"}],"curies":[{"name":"wp","href":"https:\/\/api.w.org\/{rel}","templated":true}]}}