{"id":14770,"date":"2025-07-15T13:13:03","date_gmt":"2025-07-15T11:13:03","guid":{"rendered":"https:\/\/uj.adatbank.ro\/lexikon\/termek\/martinuzzi-frater-gyorgy\/"},"modified":"2025-07-15T13:13:03","modified_gmt":"2025-07-15T11:13:03","slug":"martinuzzi-frater-gyorgy","status":"publish","type":"product","link":"https:\/\/uj.adatbank.ro\/lexikon\/termek\/martinuzzi-frater-gyorgy\/","title":{"rendered":"MARTINUZZI FR\u00c1TER Gy\u00f6rgy"},"content":{"rendered":"<p>? \u2020\u00a0?: cs. helytart\u00f3.- Mv.-en ogy.-t tartottak a h\u00e1rom nemzet r\u00e9sztv\u00e9tel\u00e9vel ahol helytart\u00f3i c\u00edmet kapott (1542), Ogy. v\u00e1rosunkban ahol meg akarta szerezni Ferdin\u00e1nd kir. sz\u00e1m\u00e1ra a rendek t\u00e1mogat\u00e1s\u00e1t, sikertelen\u00fcl (1549), az engedetlenked\u00e9sre sz\u00edt\u00f3kat sem tudta megb\u00fcntetni, de tiszts\u00e9g\u00e9ben meger\u0151s\u00edtett\u00e9k (1549); Ism\u00e9t V\u00e1s\u00e1rhelyre h\u00edvta a rendeket ahol hadfelkel\u00e9st h\u00edrdetett az orsz\u00e1gba bet\u0151rt moldvai \u00e9s havaselvei hadak visszaszor\u00edt\u00e1s\u00e1ra (1550); a v\u00e1s\u00e1rhelyi v\u00e1r alatti csat\u00e1ban Ferdin\u00e1nd hadai megvert\u00e9k az Izabelli seg\u00edts\u00e9g\u00e9re siet\u0151 moldovai seg\u00e9lyhadakat az \u0151 \u00e1rul\u00e1sa folyt\u00e1n (1551). <br \/><strong>Irod.:<\/strong> Id\u0151t\u00e1r 1<\/br><\/p>\n","protected":false},"excerpt":{"rendered":"<p>? \u2020\u00a0?: cs. helytart\u00f3.- Mv.-en ogy.-t tartottak a h\u00e1rom nemzet r\u00e9sztv\u00e9tel\u00e9vel ahol helytart\u00f3i c\u00edmet kapott (1542), Ogy. v\u00e1rosunkban ahol meg akarta szerezni Ferdin\u00e1nd kir. sz\u00e1m\u00e1ra a rendek t\u00e1mogat\u00e1s\u00e1t, sikertelen\u00fcl (1549), az engedetlenked\u00e9sre sz\u00edt\u00f3kat sem tudta megb\u00fcntetni, de tiszts\u00e9g\u00e9ben meger\u0151s\u00edtett\u00e9k (1549); Ism\u00e9t V\u00e1s\u00e1rhelyre h\u00edvta a rendeket ahol hadfelkel\u00e9st h\u00edrdetett az orsz\u00e1gba bet\u0151rt moldvai \u00e9s havaselvei hadak [&hellip;]<\/p>\n","protected":false},"featured_media":0,"comment_status":"open","ping_status":"closed","template":"","meta":[],"product_brand":[],"product_cat":[137],"product_tag":[],"class_list":{"0":"post-14770","1":"product","2":"type-product","3":"status-publish","5":"product_cat-maros-megyei-eletrajzi-lexikon","7":"first","8":"instock","9":"shipping-taxable","10":"product-type-simple"},"_links":{"self":[{"href":"https:\/\/uj.adatbank.ro\/lexikon\/wp-json\/wp\/v2\/product\/14770","targetHints":{"allow":["GET"]}}],"collection":[{"href":"https:\/\/uj.adatbank.ro\/lexikon\/wp-json\/wp\/v2\/product"}],"about":[{"href":"https:\/\/uj.adatbank.ro\/lexikon\/wp-json\/wp\/v2\/types\/product"}],"replies":[{"embeddable":true,"href":"https:\/\/uj.adatbank.ro\/lexikon\/wp-json\/wp\/v2\/comments?post=14770"}],"wp:attachment":[{"href":"https:\/\/uj.adatbank.ro\/lexikon\/wp-json\/wp\/v2\/media?parent=14770"}],"wp:term":[{"taxonomy":"product_brand","embeddable":true,"href":"https:\/\/uj.adatbank.ro\/lexikon\/wp-json\/wp\/v2\/product_brand?post=14770"},{"taxonomy":"product_cat","embeddable":true,"href":"https:\/\/uj.adatbank.ro\/lexikon\/wp-json\/wp\/v2\/product_cat?post=14770"},{"taxonomy":"product_tag","embeddable":true,"href":"https:\/\/uj.adatbank.ro\/lexikon\/wp-json\/wp\/v2\/product_tag?post=14770"}],"curies":[{"name":"wp","href":"https:\/\/api.w.org\/{rel}","templated":true}]}}