{"id":14783,"date":"2025-07-15T13:13:27","date_gmt":"2025-07-15T11:13:27","guid":{"rendered":"https:\/\/uj.adatbank.ro\/lexikon\/termek\/marton-aron\/"},"modified":"2025-07-15T13:13:27","modified_gmt":"2025-07-15T11:13:27","slug":"marton-aron","status":"publish","type":"product","link":"https:\/\/uj.adatbank.ro\/lexikon\/termek\/marton-aron\/","title":{"rendered":"M\u00c1RTON \u00c1ron"},"content":{"rendered":"<p>Cs\u00edkszentdomokos, 1896. aug. 28., \u2020 Gyulafeh\u00e9rv\u00e1r, 1980. szept.29.: r. k. p\u00fcsp\u00f6k, \u00e9rsek, egyh\u00e1zi \u00edr\u00f3. \u2013 Sz\u00e9\u00adkely parasztcsal\u00e1db\u00f3l sz\u00e1rmazott. A cs\u00edksomly\u00f3i r. k. gimn.-ban (1907\u2013), a cs\u00edkszeredai r. k. f\u0151gimn.-ban tanult (1910\u2013), a gyulafeh\u00e9rv\u00e1ri VII-VIII. gimn. oszt\u00e1lyt a kis\u00ad szemin\u00e1riumban v\u00e9gezte, itt \u00e9retts\u00e9gizett (1913\u201315). Az olasz fronton (1915\u2013), Doberd\u00f3n, az Ojtozi-szorosn\u00e1l \u00e9s Asiag\u00f3n harcolt, k\u00f6zben h\u00e1romszor megsebes\u00fclt. Leszerelt\u00e9k \u00e9s hazat\u00e9rt (1918\u201320) Cs\u00edkszentdomonko\u00adson f\u00f6ldm\u0171ves, majd erd\u00e9szeti tisztvisel\u0151 volt. A gyulafeh\u00e9rv\u00e1ri hittud, f\u0151isk.-n teo\u00adl\u00f3gi\u00e1t tanult (1920\u2013), Ditr\u00f3ban papp\u00e1 szen\u00adtelt\u00e9k (1924), Ditr\u00f3ban (1924\u2013), majd Gyergy\u00f3szent-mikl\u00f3son k\u00e1pl\u00e1n, a gyergy\u00f3szent-mikl\u00f3si \u00e1ll. gimn. hittantan\u00e1ra (1925\u2013). Mv.-en a r. kat. f\u0151gimn. hittan\u00e1ra \u00e9s a fi\u00fanevel\u0151 int. ig.h. (1928. j\u00fal.\u201329. iskolai tan\u00e9vben), V\u00f6r\u00f6storony\u00adban pl\u00e9b\u00e1nos, egyidej\u0171leg a nagyszebeni Szt. Ter\u00e9z-\u00e1rvah\u00e1z tanulm\u00e1nyi fel\u00fcgyel\u0151je (1929. j\u00fal.\u2013), Gyulafeh\u00e9rv\u00e1rott udvari k\u00e1pl\u00e1n \u00e9s p\u00fcsp\u00f6ki lev\u00e9lt\u00e1ros (1930. okt.\u2013), p\u00fcsp\u00f6ki titk\u00e1r, az Erd\u00e9lyi R. K. N\u00e9psz\u00f6v. egy. szakoszt\u00e1ly\u00e1\u00adnak vezet\u0151je, egy. lelk\u00e9sz \u00e9s hitsz\u00f3nok (1932\u2013). Ekkor r\u00e9szt vett a rom\u00e1n \u00e1llam \u00e9s a Vatik\u00e1n k\u00f6z\u00f6tti konkord\u00e1tum kidolgoz\u00e1s\u00e1ban \u00e9s az Erd\u00e9lyi R. Kat. St\u00e1tus megsz\u00fcntet\u00e9s\u00e9re ir\u00e1nyul\u00f3 rom\u00e1n t\u00f6rekv\u00e9sek meghi\u00fas\u00edt\u00e1s\u00e1ban. Gyulafeh\u00e9rv\u00e1ron az Erd\u00e9lyi Tud\u00f3s\u00edt\u00e1sok szerk., az Erd\u00e9lyi Iskola c. foly\u00f3irat alap\u00edt\u00f3 szerk. (1933-t\u00f3l). Az Erd\u00e9lyi R. K. N\u00e9psz\u00f6v. ig. (1934. febr.\u2013), ez id\u0151 alatt meg\u00adszervezte az isk.-n k\u00edv\u00fcli n\u00e9pm\u0171vel\u00e9st. A kv.-i Szt. Mih\u00e1ly-templom ideiglenes vezet\u0151je (1936. m\u00e1rc.\u2013), gyulafeh\u00e9r\u00adv\u00e1ri kanonok (1937. jan.\u2013), a templom kine\u00advezett pl\u00e9b\u00e1nosa, kolozs-dobokai ker. f\u0151esperes \u00e9s sz\u00e9kesegyh\u00e1zi kanonok (1938. aug.\u2013). Az erd\u00e9lyi egyh\u00e1zm. apostoli korm\u00e1nyz\u00f3ja (1938. szept.\u2013), p\u00fcsp\u00f6ke (1938. dec. 24.), a p\u00e1pai nuncius a kv.-i Szt. Mih\u00e1ly-templomban p\u00fcsp\u00f6kk\u00e9 szentelte (1939. febr.12). Az Egyh\u00e1zm.-i Tan\u00e1cs k\u00f6zgy\u0171l\u00e9s\u00e9n Eur\u00f3p\u00e1ban is az els\u0151k k\u00f6\u00adz\u00f6tt tiltakozott a h\u00e1bor\u00fa ellen (1939 \u0151sz\u00e9n). A II. b\u00e9csi d\u00f6nt\u00e9s egyh\u00e1zm.-j\u00e9t kett\u00e9v\u00e1gta, \u0151 tov\u00e1bbra is Gyulafeh\u00e9rv\u00e1rr\u00f3l korm\u00e1nyozta egyh\u00e1zm.-j\u00e9t, de a p\u00fcsp\u00f6ki helyn\u00f6ks\u00e9get \u00e9s a hittud, f\u0151isk.-t Kv.-ra helyezte. Egyh\u00e1zi teend\u0151i ell\u00e1t\u00e1s\u00e1ra \u00e1tj\u00e1rt \u00c9-Erd\u00e9lybe, egy ilyen \u00fatj\u00e1n Kv.-on ke\u00adm\u00e9ny hang\u00fa besz\u00e9dben \u00edt\u00e9lte el a zsid\u00f3k \u00e9s a m\u00e1sk\u00e9nt gondolkod\u00f3k \u00fcld\u00f6z\u00e9s\u00e9t (1944. m\u00e1j. 18.). Eml\u00e9kirat\u00e1ban c\u00e1folta, hogy az erd\u00e9lyi magyars\u00e1g el\u00e9gedett a sors\u00e1\u00adval \u00e9s szabad akarat\u00e1b\u00f3l fogadta el a rom\u00e1n \u00e1l\u00adlamhoz tartoz\u00e1st (1946. jan.). A buk.-i nunciat\u00far\u00e1n p\u00fcsp\u00f6kk\u00e9 szentelte Gerald Patrick Aloysius O Hara nuncius \u00e9rsek. Az \u00e1llambiztons\u00e1gi szervek letart\u00f3ztatt\u00e1k. (1949.\u00e1pr.5.), majd \u00fatban egy buk.-i t\u00e1rgyal\u00e1sra, Gyulafeh\u00e9rv\u00e1r \u00e9s T\u00f6vis k\u00f6z\u00f6tt a rom\u00e1n politikai rend\u0151rs\u00e9g em\u00adberei csellel elrabolt\u00e1k (1949. j\u00fan. 21.), 7 t\u00e1r\u00ads\u00e1val egy\u00fctt a buk.-i katonai b\u00edr\u00f3s\u00e1g el\u00e9 \u00e1l\u00adl\u00edtott\u00e1k (1951. j\u00fal. 30. \u00e9s aug. 6.) \u00e1llamellenes \u00f6sszeesk\u00fc\u00adv\u00e9s \u00e9s haza\u00e1rul\u00e1s koholt v\u00e1dj\u00e1val 10 \u00e9vi b\u00f6r\u00adt\u00f6nb\u00fcntet\u00e9sre, politikai jogainak 5 \u00e9vre sz\u00f3l\u00f3 felf\u00fcggeszt\u00e9s\u00e9re, majd \u00e9letfogytig tart\u00f3, v\u00e9g\u00fcl 25 \u00e9vi k\u00e9nyszermunk\u00e1ra \u00edt\u00e9lt\u00e9k (1952). Az \u00edt\u00e9lethir\u00addet\u00e9s ut\u00e1n egy h\u00f3napig a nagyenyedi, azut\u00e1n leghosszabb ideig a m\u00e1rmarosszigeti b\u00f6rt\u00f6n\u00adben, majd Buk.-ben a Bel\u00fcgymin. b\u00f6rt\u00f6n\u00e9\u00adben raboskodott, egy boj\u00e1rvill\u00e1ban tartott\u00e1k fogva (1954\u2013). B\u00fcntet\u00e9s\u00e9t megszak\u00edtva enged\u00e9lyezt\u00e9k visszat\u00e9r\u00e9s\u00e9t a gyulafeh\u00e9rv\u00e1ri p\u00fcsp\u00f6ki palot\u00e1ba (1955. m\u00e1rc. 25.). Ezut\u00e1n sza\u00adbadon ell\u00e1thatta p\u00fcsp\u00f6ki hivat\u00e1s\u00e1t, de h\u00e1zi \u0151rizetbe helyezt\u00e9k (1956 nyar\u00e1t\u00f3l\u20131967. szept.). Saj\u00e1t egyh\u00e1zm.-je mellett a bet\u00f6ltetlen szatm\u00e1ri, nagyv\u00e1radi \u00e9s temesv\u00e1ri egyh\u00e1zm.-t is korm\u00e1nyozta. L\u00e1togat\u00e1st tett a Vatik\u00e1nban (1969-ben \u00e9s 1971-ben), ahol VI. P\u00e1l p\u00e1pa a modern katolicizmus egyik legnagyobb alakjak\u00e9nt k\u00f6sz\u00f6nt\u00f6tte. Saj\u00e1t k\u00e9r\u00e9s\u00e9re a p\u00e1pa felmentette tiszt\u00ads\u00e9g\u00e9b\u0151l \u00e9s nyugalomba vonult (1980. \u00e1pr.). Mv.-en utca viseli a nev\u00e9t, eml\u00e9k\u00e9re szobrot \u00e1ll\u00edtottak a Pl\u00e9b\u00e1nia templom udvar\u00e1n, Izs\u00e1k M\u00e1rton alkot\u00e1sa. (2009. febr.). Jelmondata: Nem vonakodoma munk\u00e1t\u00f3l.  \u2013 <strong>F. m.:<\/strong> M\u00e1rton \u00c1ron \u00edr\u00e1sai \u00e9s besz\u00e9dei 1\u20132. k\u00f6t. (Szerk. M\u00e1rton J\u00f3zsef-Nemes Istv\u00e1n; Kv., 1996\u20131997); M\u00e1rton \u00c1ron hagyat\u00e9ka sorozat (Mv., ?); ford\u00edt\u00e1sa: Romano Guardini: Az \u00dar Krisztus (Bp., 2006); Joseph Ratzinger: Bevezet\u00e9s a kereszt\u00e9ny hit vil\u00e1g\u00e1ba (Mv., 2008). <br \/><strong>Irod.:<\/strong> Csucsuja Istv\u00e1n: M\u00e1rton \u00c1ron \u00e9lete \u00e9s munk\u00e1ss\u00e1ga. Kronol\u00f3gia 1.k\u00f6t. 1896\u20131944., 2.k\u00f6t. 1945\u20131967., 3. k\u00f6t..1968\u20131980 \/ \u0150ssze\u00e1ll\u00edtotta Dr. Marton J\u00f3zsef (Sz\u00e9kelyf\u00f6ld, 2023.j\u00fan., 6.sz., p.129\u2013154); Ferenczi S\u00e1ndor 2009; Ferenczi S\u00e1ndor 2012; Id\u0151t\u00e1r 3.; Katona Szab\u00f3; Kir\u00e1ly Kinga J.; Magyar Erd\u00e9lyben; M\u00e1rton \u00c1ron \u00e9s a magyar munk\u00e1sok = F\u00e9ja; Mv.-Bal\u00e1s; Maros megyei t\u00f6rt.; Maros-k\u00fck\u00fcll\u0151i f\u0151esp; Nagy Mih\u00e1ly Zolt\u00e1n-Denisa Bodeanu: Lehallgat\u00e1sra \u00edt\u00e9lve: M\u00e1rton \u00c1ron p\u00fcsp\u00f6k lehallgat\u00e1si jegyz\u0151k\u00f6nyvei (1957\u20131950) (Varadeum Alap\u00edtv\u00e1ny Kiad\u00f3 \u2013 Iskola Alap\u00edtv\u00e1ny Kiad\u00f3. Mv., Nagyv\u00e1rad-Kv., 2019.); Non recuso laborem _Nagy Mih\u00e1ly Zolt\u00e1n, Szab\u00f3 Csaba. <br \/><strong>Irod.:<\/strong> Magyar Erd\u00e9ly; Poszler Gy\u00f6rgy; Predescu; Szekerny\u00e9s J\u00e1nos: A magyars\u00e1g eml\u00e9kjelei a B\u00e1ns\u00e1gban \u2013 Semne evocatoare ale maghiarimii \u00een Banat \u2013 Evidence of Hungarian Presence in the Banat (Temesv\u00e1r-Tmi\u0219oara \u2013 Temeswar, 2013); Virt L\u00e1szl\u00f3: M\u00e1rton \u00c1ron az evang\u00e9liumi \u00e9letalak\u00edt\u00f3. (Bar\u00f3t, 2016); Sz\u00e9kelys\u00e9g t\u00f6rt..<\/br><\/p>\n","protected":false},"excerpt":{"rendered":"<p>Cs\u00edkszentdomokos, 1896. aug. 28., \u2020 Gyulafeh\u00e9rv\u00e1r, 1980. szept.29.: r. k. p\u00fcsp\u00f6k, \u00e9rsek, egyh\u00e1zi \u00edr\u00f3. \u2013 Sz\u00e9\u00adkely parasztcsal\u00e1db\u00f3l sz\u00e1rmazott. A cs\u00edksomly\u00f3i r. k. gimn.-ban (1907\u2013), a cs\u00edkszeredai r. k. f\u0151gimn.-ban tanult (1910\u2013), a gyulafeh\u00e9rv\u00e1ri VII-VIII. gimn. oszt\u00e1lyt a kis\u00ad szemin\u00e1riumban v\u00e9gezte, itt \u00e9retts\u00e9gizett (1913\u201315). Az olasz fronton (1915\u2013), Doberd\u00f3n, az Ojtozi-szorosn\u00e1l \u00e9s Asiag\u00f3n harcolt, k\u00f6zben h\u00e1romszor [&hellip;]<\/p>\n","protected":false},"featured_media":0,"comment_status":"open","ping_status":"closed","template":"","meta":[],"product_brand":[],"product_cat":[137],"product_tag":[],"class_list":{"0":"post-14783","1":"product","2":"type-product","3":"status-publish","5":"product_cat-maros-megyei-eletrajzi-lexikon","7":"first","8":"instock","9":"shipping-taxable","10":"product-type-simple"},"_links":{"self":[{"href":"https:\/\/uj.adatbank.ro\/lexikon\/wp-json\/wp\/v2\/product\/14783","targetHints":{"allow":["GET"]}}],"collection":[{"href":"https:\/\/uj.adatbank.ro\/lexikon\/wp-json\/wp\/v2\/product"}],"about":[{"href":"https:\/\/uj.adatbank.ro\/lexikon\/wp-json\/wp\/v2\/types\/product"}],"replies":[{"embeddable":true,"href":"https:\/\/uj.adatbank.ro\/lexikon\/wp-json\/wp\/v2\/comments?post=14783"}],"wp:attachment":[{"href":"https:\/\/uj.adatbank.ro\/lexikon\/wp-json\/wp\/v2\/media?parent=14783"}],"wp:term":[{"taxonomy":"product_brand","embeddable":true,"href":"https:\/\/uj.adatbank.ro\/lexikon\/wp-json\/wp\/v2\/product_brand?post=14783"},{"taxonomy":"product_cat","embeddable":true,"href":"https:\/\/uj.adatbank.ro\/lexikon\/wp-json\/wp\/v2\/product_cat?post=14783"},{"taxonomy":"product_tag","embeddable":true,"href":"https:\/\/uj.adatbank.ro\/lexikon\/wp-json\/wp\/v2\/product_tag?post=14783"}],"curies":[{"name":"wp","href":"https:\/\/api.w.org\/{rel}","templated":true}]}}