{"id":14784,"date":"2025-07-15T13:13:30","date_gmt":"2025-07-15T11:13:30","guid":{"rendered":"https:\/\/uj.adatbank.ro\/lexikon\/termek\/marton-aron-dr\/"},"modified":"2025-07-15T13:13:30","modified_gmt":"2025-07-15T11:13:30","slug":"marton-aron-dr","status":"publish","type":"product","link":"https:\/\/uj.adatbank.ro\/lexikon\/termek\/marton-aron-dr\/","title":{"rendered":"M\u00c1RTON \u00c1ron, dr."},"content":{"rendered":"<p>Mv., 1984., \u2020\u00a02014: orvos. \u2013 Sz\u00fcleinek Mv.-en vir\u00e1g\u00fczlet\u00fck volt.- A MOGYE Fogorvosi kar\u00e1n v\u00e9gzett (2010). Magyarorsz\u00e1gon \u00e9lt \u00e9s dolgozott, utols\u00f3 munkahelye Sopronban volt. Baleset \u00e1ldozata. <br \/><strong>Irod.:<\/strong> Kiss Cs. M 4.<\/br><\/p>\n","protected":false},"excerpt":{"rendered":"<p>Mv., 1984., \u2020\u00a02014: orvos. \u2013 Sz\u00fcleinek Mv.-en vir\u00e1g\u00fczlet\u00fck volt.- A MOGYE Fogorvosi kar\u00e1n v\u00e9gzett (2010). Magyarorsz\u00e1gon \u00e9lt \u00e9s dolgozott, utols\u00f3 munkahelye Sopronban volt. Baleset \u00e1ldozata. Irod.: Kiss Cs. M 4.<\/p>\n","protected":false},"featured_media":0,"comment_status":"open","ping_status":"closed","template":"","meta":[],"product_brand":[],"product_cat":[137],"product_tag":[],"class_list":{"0":"post-14784","1":"product","2":"type-product","3":"status-publish","5":"product_cat-maros-megyei-eletrajzi-lexikon","7":"first","8":"instock","9":"shipping-taxable","10":"product-type-simple"},"_links":{"self":[{"href":"https:\/\/uj.adatbank.ro\/lexikon\/wp-json\/wp\/v2\/product\/14784","targetHints":{"allow":["GET"]}}],"collection":[{"href":"https:\/\/uj.adatbank.ro\/lexikon\/wp-json\/wp\/v2\/product"}],"about":[{"href":"https:\/\/uj.adatbank.ro\/lexikon\/wp-json\/wp\/v2\/types\/product"}],"replies":[{"embeddable":true,"href":"https:\/\/uj.adatbank.ro\/lexikon\/wp-json\/wp\/v2\/comments?post=14784"}],"wp:attachment":[{"href":"https:\/\/uj.adatbank.ro\/lexikon\/wp-json\/wp\/v2\/media?parent=14784"}],"wp:term":[{"taxonomy":"product_brand","embeddable":true,"href":"https:\/\/uj.adatbank.ro\/lexikon\/wp-json\/wp\/v2\/product_brand?post=14784"},{"taxonomy":"product_cat","embeddable":true,"href":"https:\/\/uj.adatbank.ro\/lexikon\/wp-json\/wp\/v2\/product_cat?post=14784"},{"taxonomy":"product_tag","embeddable":true,"href":"https:\/\/uj.adatbank.ro\/lexikon\/wp-json\/wp\/v2\/product_tag?post=14784"}],"curies":[{"name":"wp","href":"https:\/\/api.w.org\/{rel}","templated":true}]}}