{"id":14785,"date":"2025-07-15T13:13:35","date_gmt":"2025-07-15T11:13:35","guid":{"rendered":"https:\/\/uj.adatbank.ro\/lexikon\/termek\/marton-bela-adalbert\/"},"modified":"2025-07-15T13:13:35","modified_gmt":"2025-07-15T11:13:35","slug":"marton-bela-adalbert","status":"publish","type":"product","link":"https:\/\/uj.adatbank.ro\/lexikon\/termek\/marton-bela-adalbert\/","title":{"rendered":"M\u00c1RTON B\u00e9la, Adalbert"},"content":{"rendered":"<p>Vice, 1884. j\u00fan.1., \u2020 G\u00f6rg\u00e9nyszentimre, 1956. febr. 25.: r. k. pap. \u2013 Papp\u00e1 szentelt\u00e9k (1907. j\u00fan. 26.). K\u00e1pl\u00e1n K\u00e9zdiszentl\u00e9leken (1907), Kv.-on (1909). Lelkip\u00e1sztor M\u00f3cson (1913), Marosh\u00e9v\u00edzen (1929). Pl\u00e9b\u00e1nos volt a magyarzs\u00e1kodi egyh\u00e1zk\u00f6zs\u00e9gben (1939\u201340), G\u00f6rg\u00e9nyszentimr\u00e9n (1941\u2013). <br \/><strong>Irod.:<\/strong> Ferenczi S\u00e1ndor 2009; Ferenczi S\u00e1ndor 2012; Maros-k\u00fck\u00fcll\u0151i f\u0151esp.<\/br><\/p>\n","protected":false},"excerpt":{"rendered":"<p>Vice, 1884. j\u00fan.1., \u2020 G\u00f6rg\u00e9nyszentimre, 1956. febr. 25.: r. k. pap. \u2013 Papp\u00e1 szentelt\u00e9k (1907. j\u00fan. 26.). K\u00e1pl\u00e1n K\u00e9zdiszentl\u00e9leken (1907), Kv.-on (1909). Lelkip\u00e1sztor M\u00f3cson (1913), Marosh\u00e9v\u00edzen (1929). Pl\u00e9b\u00e1nos volt a magyarzs\u00e1kodi egyh\u00e1zk\u00f6zs\u00e9gben (1939\u201340), G\u00f6rg\u00e9nyszentimr\u00e9n (1941\u2013). Irod.: Ferenczi S\u00e1ndor 2009; Ferenczi S\u00e1ndor 2012; Maros-k\u00fck\u00fcll\u0151i f\u0151esp.<\/p>\n","protected":false},"featured_media":0,"comment_status":"open","ping_status":"closed","template":"","meta":[],"product_brand":[],"product_cat":[137],"product_tag":[],"class_list":{"0":"post-14785","1":"product","2":"type-product","3":"status-publish","5":"product_cat-maros-megyei-eletrajzi-lexikon","7":"first","8":"instock","9":"shipping-taxable","10":"product-type-simple"},"_links":{"self":[{"href":"https:\/\/uj.adatbank.ro\/lexikon\/wp-json\/wp\/v2\/product\/14785","targetHints":{"allow":["GET"]}}],"collection":[{"href":"https:\/\/uj.adatbank.ro\/lexikon\/wp-json\/wp\/v2\/product"}],"about":[{"href":"https:\/\/uj.adatbank.ro\/lexikon\/wp-json\/wp\/v2\/types\/product"}],"replies":[{"embeddable":true,"href":"https:\/\/uj.adatbank.ro\/lexikon\/wp-json\/wp\/v2\/comments?post=14785"}],"wp:attachment":[{"href":"https:\/\/uj.adatbank.ro\/lexikon\/wp-json\/wp\/v2\/media?parent=14785"}],"wp:term":[{"taxonomy":"product_brand","embeddable":true,"href":"https:\/\/uj.adatbank.ro\/lexikon\/wp-json\/wp\/v2\/product_brand?post=14785"},{"taxonomy":"product_cat","embeddable":true,"href":"https:\/\/uj.adatbank.ro\/lexikon\/wp-json\/wp\/v2\/product_cat?post=14785"},{"taxonomy":"product_tag","embeddable":true,"href":"https:\/\/uj.adatbank.ro\/lexikon\/wp-json\/wp\/v2\/product_tag?post=14785"}],"curies":[{"name":"wp","href":"https:\/\/api.w.org\/{rel}","templated":true}]}}